{"id":755224,"date":"2025-08-28T06:33:39","date_gmt":"2025-08-28T03:33:39","guid":{"rendered":"https:\/\/roveyayinevi.com.tr\/index.php\/urun\/atlantik-kole-ticaretinin-kurbanlari-afrikalilar\/"},"modified":"2026-04-16T03:08:24","modified_gmt":"2026-04-16T00:08:24","slug":"atlantik-kole-ticaretinin-kurbanlari-afrikalilar","status":"publish","type":"product","link":"https:\/\/roveyayinevi.com.tr\/index.php\/urun\/atlantik-kole-ticaretinin-kurbanlari-afrikalilar\/","title":{"rendered":"Atlantik K\u00f6le Ticaretinin Kurbanlar\u0131 Afrikal\u0131lar"},"content":{"rendered":"<p>Afrikal\u0131lar k\u00f6le ticaretinden \u00f6nce nas\u0131l ya\u015f\u0131yorlard\u0131? Ger\u00e7ekten ilkel ve vah\u015fi miydiler?Afrikal\u0131lar\u0131 kimler nas\u0131l k\u00f6le yapt\u0131lar? Topraklar\u0131n\u0131 nas\u0131l istila ettiler? Onlar\u0131 bize nas\u0131l tan\u0131tt\u0131lar?  K\u00f6le gemilerinde neler ya\u015fand\u0131?K\u00f6le gemisi kaptanlar\u0131n\u0131n seyir defterlerinde hangi itiraflar yaz\u0131yordu?K\u00f6le ticaretinde Vatikan\u2019\u0131n rol\u00fc neydi?Abraham Lincoln ger\u00e7ekten insanc\u0131l duygularla k\u00f6leli\u011fi bitirmek isteyen bir halk kahraman\u0131 m\u0131yd\u0131? Yoksa farkl\u0131 ama\u00e7lara hizmet eden bir sahtek\u00e2r m\u0131yd\u0131?Amerikan \u0130\u00e7 Sava\u015f\u0131\u2019n\u0131n alt\u0131nda yatan ger\u00e7ek sebepler nelerdi?Alt\u0131n pe\u015findeki k\u00e2\u015fifler ve servet avc\u0131lar\u0131, din maskesi takm\u0131\u015f misyonerler, para h\u0131rs\u0131yla yan\u0131p tutu\u015fan tacirler, cehennemin efendisi kaptanlar, ac\u0131mas\u0131z denizciler, vah\u015fi beyazlar, insan h\u0131rs\u0131zlar\u0131, palavrac\u0131lar, korku gemileri, k\u00f6pek bal\u0131klar\u0131\u2026 Okuduklar\u0131n\u0131za inanamayacaks\u0131n\u0131z.<\/p>\n","protected":false},"excerpt":{"rendered":"<p>Afrikal\u0131lar k\u00f6le ticaretinden \u00f6nce nas\u0131l ya\u015f\u0131yorlard\u0131? Ger\u00e7ekten ilkel ve vah\u015fi miydiler?Afrikal\u0131lar\u0131 kimler nas\u0131l k\u00f6le yapt\u0131lar? Topraklar\u0131n\u0131 nas\u0131l istila ettiler? Onlar\u0131 bize nas\u0131l tan\u0131tt\u0131lar? K\u00f6le gemilerinde neler<span class=\"excerpt-hellip\"> [\u2026]<\/span><\/p>\n","protected":false},"featured_media":0,"template":"","meta":{"_monsterinsights_skip_tracking":false,"_monsterinsights_sitenote_active":false,"_monsterinsights_sitenote_note":"","_monsterinsights_sitenote_category":0},"product_brand":[],"product_cat":[12337],"product_tag":[],"class_list":{"0":"post-755224","1":"product","2":"type-product","3":"status-publish","5":"product_cat-politika-siyaset","6":"pa_cilt-ciltsiz","7":"pa_tur-kitap","8":"pa_yayinevi-turkuvaz-kitap","9":"pa_yazar-alpay-ozalan","11":"first","12":"instock","13":"sale","14":"shipping-taxable","15":"purchasable","16":"product-type-simple"},"_links":{"self":[{"href":"https:\/\/roveyayinevi.com.tr\/index.php\/wp-json\/wp\/v2\/product\/755224","targetHints":{"allow":["GET"]}}],"collection":[{"href":"https:\/\/roveyayinevi.com.tr\/index.php\/wp-json\/wp\/v2\/product"}],"about":[{"href":"https:\/\/roveyayinevi.com.tr\/index.php\/wp-json\/wp\/v2\/types\/product"}],"wp:attachment":[{"href":"https:\/\/roveyayinevi.com.tr\/index.php\/wp-json\/wp\/v2\/media?parent=755224"}],"wp:term":[{"taxonomy":"product_brand","embeddable":true,"href":"https:\/\/roveyayinevi.com.tr\/index.php\/wp-json\/wp\/v2\/product_brand?post=755224"},{"taxonomy":"product_cat","embeddable":true,"href":"https:\/\/roveyayinevi.com.tr\/index.php\/wp-json\/wp\/v2\/product_cat?post=755224"},{"taxonomy":"product_tag","embeddable":true,"href":"https:\/\/roveyayinevi.com.tr\/index.php\/wp-json\/wp\/v2\/product_tag?post=755224"}],"curies":[{"name":"wp","href":"https:\/\/api.w.org\/{rel}","templated":true}]}}