{"id":755223,"date":"2025-08-28T06:33:38","date_gmt":"2025-08-28T03:33:38","guid":{"rendered":"https:\/\/roveyayinevi.com.tr\/index.php\/urun\/kiz-cocugu-nasil-yetistirilir\/"},"modified":"2026-04-16T03:08:24","modified_gmt":"2026-04-16T00:08:24","slug":"kiz-cocugu-nasil-yetistirilir","status":"publish","type":"product","link":"https:\/\/roveyayinevi.com.tr\/index.php\/urun\/kiz-cocugu-nasil-yetistirilir\/","title":{"rendered":"K\u0131z \u00c7ocu\u011fu Nas\u0131l Yeti\u015ftirilir?"},"content":{"rendered":"<p>E\u011fer bir k\u0131z \u00e7ocu\u011funuz varsa kendinizi \u015fansl\u0131 hissetmelisiniz. \u00c7\u00fcnk\u00fc k\u0131z \u00e7ocuklar\u0131n\u0131n apayr\u0131 bir d\u00fcnyas\u0131 vard\u0131r ve sevgilerini g\u00f6stermekte olduk\u00e7a c\u00f6merttirler. Allah\u2019\u0131n emanet olarak verdi\u011fi k\u0131z \u00e7ocuklar\u0131n\u0131z\u0131 f\u0131tratlar\u0131n\u0131 bozmadan, uygun olmayan kal\u0131plara girmeye zorlamadan yeti\u015ftirmek art\u0131k en b\u00fcy\u00fck amac\u0131n\u0131z olmal\u0131. \u00c7\u00fcnk\u00fc gelece\u011fimiz, f\u0131trat\u0131na uygun yeti\u015ftirilen k\u0131z \u00e7ocuklar\u0131yla \u015fekillenecek. Bunu yapabilmek i\u00e7in onu tan\u0131mal\u0131, \u00f6ne \u00e7\u0131kan y\u00f6nlerini desteklemelisiniz. Bu kitab\u0131, anne-babalar\u0131n k\u0131z \u00e7ocuklar\u0131n\u0131 yeti\u015ftirirken kar\u015f\u0131la\u015f\u0131lmas\u0131 muhtemel sorunlar\u0131n \u00fcstesinden kolayca gelebilmeleri i\u00e7in kaleme ald\u0131m. \u00c7\u00fcnk\u00fc her \u00e7ocu\u011fun f\u0131trat\u0131ndan gelen farkl\u0131 y\u00f6nleri var ve belki de kar\u015f\u0131la\u015ft\u0131\u011f\u0131m\u0131z her bir sorun, onun baz\u0131 \u00f6zelliklerini t\u00f6rp\u00fclemek i\u00e7indir. Bir \u00e7ocuk yeti\u015fir, d\u00fcnya de\u011fi\u015fir\u2026 <\/p>\n","protected":false},"excerpt":{"rendered":"<p>E\u011fer bir k\u0131z \u00e7ocu\u011funuz varsa kendinizi \u015fansl\u0131 hissetmelisiniz. \u00c7\u00fcnk\u00fc k\u0131z \u00e7ocuklar\u0131n\u0131n apayr\u0131 bir d\u00fcnyas\u0131 vard\u0131r ve sevgilerini g\u00f6stermekte olduk\u00e7a c\u00f6merttirler. Allah\u2019\u0131n emanet olarak verdi\u011fi k\u0131z \u00e7ocuklar\u0131n\u0131z\u0131<span class=\"excerpt-hellip\"> [\u2026]<\/span><\/p>\n","protected":false},"featured_media":0,"template":"","meta":{"_monsterinsights_skip_tracking":false,"_monsterinsights_sitenote_active":false,"_monsterinsights_sitenote_note":"","_monsterinsights_sitenote_category":0},"product_brand":[],"product_cat":[12679,12357],"product_tag":[],"class_list":{"0":"post-755223","1":"product","2":"type-product","3":"status-publish","5":"product_cat-cocuk-psikolojisi","6":"product_cat-psikoloji","7":"pa_cilt-ciltsiz","8":"pa_tur-kitap","9":"pa_yayinevi-cinaralti-yayinlari","10":"pa_yazar-fatih-resit-civelekoglu","12":"first","13":"instock","14":"sale","15":"shipping-taxable","16":"purchasable","17":"product-type-simple"},"_links":{"self":[{"href":"https:\/\/roveyayinevi.com.tr\/index.php\/wp-json\/wp\/v2\/product\/755223","targetHints":{"allow":["GET"]}}],"collection":[{"href":"https:\/\/roveyayinevi.com.tr\/index.php\/wp-json\/wp\/v2\/product"}],"about":[{"href":"https:\/\/roveyayinevi.com.tr\/index.php\/wp-json\/wp\/v2\/types\/product"}],"wp:attachment":[{"href":"https:\/\/roveyayinevi.com.tr\/index.php\/wp-json\/wp\/v2\/media?parent=755223"}],"wp:term":[{"taxonomy":"product_brand","embeddable":true,"href":"https:\/\/roveyayinevi.com.tr\/index.php\/wp-json\/wp\/v2\/product_brand?post=755223"},{"taxonomy":"product_cat","embeddable":true,"href":"https:\/\/roveyayinevi.com.tr\/index.php\/wp-json\/wp\/v2\/product_cat?post=755223"},{"taxonomy":"product_tag","embeddable":true,"href":"https:\/\/roveyayinevi.com.tr\/index.php\/wp-json\/wp\/v2\/product_tag?post=755223"}],"curies":[{"name":"wp","href":"https:\/\/api.w.org\/{rel}","templated":true}]}}