{"id":755221,"date":"2025-08-28T06:33:36","date_gmt":"2025-08-28T03:33:36","guid":{"rendered":"https:\/\/roveyayinevi.com.tr\/index.php\/urun\/tekinsiz-evren-ve-yalnizlik\/"},"modified":"2026-04-16T03:08:24","modified_gmt":"2026-04-16T00:08:24","slug":"tekinsiz-evren-ve-yalnizlik","status":"publish","type":"product","link":"https:\/\/roveyayinevi.com.tr\/index.php\/urun\/tekinsiz-evren-ve-yalnizlik\/","title":{"rendered":"Tekinsiz Evren ve Yaln\u0131zl\u0131k"},"content":{"rendered":"<p>Tekinsizlik ve yaln\u0131zl\u0131\u011f\u0131 psikanalitik kuram ve uygulamalardan yola \u00e7\u0131karak, pandeminin g\u00f6lgesinde yeniden d\u00fc\u015f\u00fcnd\u00fcren ve tart\u0131\u015ft\u0131ran bir kitap.   \u0130stanbul Psikanaliz E\u011fitim Ara\u015ft\u0131rma ve Geli\u015ftirme Derne\u011fi (Psike \u0130stanbul) taraf\u0131ndan 6 Aral\u0131k 2020 tarihinde \u201cTekinsiz Evren\u201d ve 11-12 Aral\u0131k 2021 tarihinde \u201cYaln\u0131zl\u0131k\u201d ba\u015fl\u0131klar\u0131yla ger\u00e7ekle\u015ftirilen Psikanalitik Bak\u0131\u015flar sempozyumlar\u0131ndaki sunumlar\u0131n derlemesini i\u00e7eren bu kitap, tekinsizlik ve yaln\u0131zl\u0131\u011f\u0131 psikanalitik kuram ve uygulamalardan yola \u00e7\u0131karak pandeminin g\u00f6lgesinde yeniden d\u00fc\u015f\u00fcnen ve tart\u0131\u015fan yaz\u0131lardan olu\u015fuyor. \u201cYakalanmas\u0131 ve tespiti zor, her yerde olan ama hi\u00e7bir yerde olmayan tekinsiz nesneyle y\u00fcz y\u00fcze kalmaya uzun s\u00fcre katlan\u0131lamaz. Bu nedenle, bir yere dahil edilmesi ve somutla\u015ft\u0131r\u0131lmas\u0131 gerekir. Tekinsizli\u011fin yerini (g\u00f6r\u00fcn\u00fc\u015fte) somut, tan\u0131d\u0131k bir nesne imgesi al\u0131r. Bion&#8217;un tuhaf nesneleri gibi, tekinsiz nesne de d\u0131\u015fsalla\u015ft\u0131r\u0131l\u0131r ve ba\u015fkalar\u0131na yans\u0131t\u0131l\u0131r ve bu nedenle, \u00f6rne\u011fin bir komplo teorisine d\u00f6n\u00fc\u015ft\u00fcr\u00fcl\u00fcr ve g\u00f6m\u00fcl\u00fcr. \u00d6z\u00fcmseme ba\u015far\u0131s\u0131z olursa, yans\u0131tmac\u0131 bi\u00e7imde, d\u00fc\u015fman bir g\u00fcc\u00fcn ajan\u0131 (\u00c7in vir\u00fcs\u00fc) olarak konumland\u0131r\u0131l\u0131r. Pop\u00fclizmi \u00e7ekici k\u0131lan da budur: Sa\u00e7ma g\u00f6r\u00fcnse de tekinsizli\u011fi b\u00fct\u00fcnle\u015ftirecek bir hik\u00e2yeye sahip olmak\u201d \u2013 JOACHIM K\u00dcCHENHOFF \u201cYaln\u0131zl\u0131k veya kendini yaln\u0131z hissetme meselesi, esas itibar\u0131yla iki temel boyutla, ayr\u0131 veya birlikte olmakla ili\u015fkilidir. Bu meselenin merkezinde, hayat\u0131m\u0131z\u0131 ve ruhsal durumumuzu s\u00fcrekli \u015fekillendiren bu iki temel nitelik aras\u0131nda nas\u0131l bir etkile\u015fim oldu\u011fu ve bunlar\u0131n birbirlerini nas\u0131l etkiledikleri, tamamlad\u0131klar\u0131 ve birbirleriyle nas\u0131l \u00e7eli\u015ftikleri sorusu yatar. Hele ki psikanalitik perspektiften (sosyolojik, psikolojik, ampirik ve betimleyici perspektifin tersine) yakla\u015f\u0131ld\u0131\u011f\u0131nda daha da \u00f6nemli olan soru \u015fudur: Bu ayr\u0131kl\u0131k veya birliktelik boyutlar\u0131 nas\u0131l deneyimlenir? Ve ruhsall\u0131\u011f\u0131m\u0131z\u0131n hangi y\u00f6nleri bu deneyimi \u015fekillendirir?   Ayr\u0131kl\u0131k-yapma bi\u00e7iminde yaln\u0131zl\u0131k, nesne kayb\u0131n\u0131n, yas\u0131n ve nesnenin yeniden bulunmas\u0131n\u0131n tan\u0131d\u0131k hatlar\u0131nda deneyimlenir. Birliktelik-olma bi\u00e7iminde ise nesnenin yan\u0131nda bile kopukluk, \u00f6l\u00fcl\u00fck ve bo\u015fluk olarak deneyimlenir.\u201d &#8211; SHMUEL ERLICH <\/p>\n","protected":false},"excerpt":{"rendered":"<p>Tekinsizlik ve yaln\u0131zl\u0131\u011f\u0131 psikanalitik kuram ve uygulamalardan yola \u00e7\u0131karak, pandeminin g\u00f6lgesinde yeniden d\u00fc\u015f\u00fcnd\u00fcren ve tart\u0131\u015ft\u0131ran bir kitap. \u0130stanbul Psikanaliz E\u011fitim Ara\u015ft\u0131rma ve Geli\u015ftirme Derne\u011fi (Psike \u0130stanbul)<span class=\"excerpt-hellip\"> [\u2026]<\/span><\/p>\n","protected":false},"featured_media":0,"template":"","meta":{"_monsterinsights_skip_tracking":false,"_monsterinsights_sitenote_active":false,"_monsterinsights_sitenote_note":"","_monsterinsights_sitenote_category":0},"product_brand":[],"product_cat":[12357],"product_tag":[],"class_list":{"0":"post-755221","1":"product","2":"type-product","3":"status-publish","5":"product_cat-psikoloji","6":"pa_cilt-ciltsiz","7":"pa_tur-kitap","8":"pa_yayinevi-minotor-kitap","9":"pa_yazar-kolektif","11":"first","12":"instock","13":"sale","14":"shipping-taxable","15":"purchasable","16":"product-type-simple"},"_links":{"self":[{"href":"https:\/\/roveyayinevi.com.tr\/index.php\/wp-json\/wp\/v2\/product\/755221","targetHints":{"allow":["GET"]}}],"collection":[{"href":"https:\/\/roveyayinevi.com.tr\/index.php\/wp-json\/wp\/v2\/product"}],"about":[{"href":"https:\/\/roveyayinevi.com.tr\/index.php\/wp-json\/wp\/v2\/types\/product"}],"wp:attachment":[{"href":"https:\/\/roveyayinevi.com.tr\/index.php\/wp-json\/wp\/v2\/media?parent=755221"}],"wp:term":[{"taxonomy":"product_brand","embeddable":true,"href":"https:\/\/roveyayinevi.com.tr\/index.php\/wp-json\/wp\/v2\/product_brand?post=755221"},{"taxonomy":"product_cat","embeddable":true,"href":"https:\/\/roveyayinevi.com.tr\/index.php\/wp-json\/wp\/v2\/product_cat?post=755221"},{"taxonomy":"product_tag","embeddable":true,"href":"https:\/\/roveyayinevi.com.tr\/index.php\/wp-json\/wp\/v2\/product_tag?post=755221"}],"curies":[{"name":"wp","href":"https:\/\/api.w.org\/{rel}","templated":true}]}}