{"id":755219,"date":"2025-08-28T06:33:32","date_gmt":"2025-08-28T03:33:32","guid":{"rendered":"https:\/\/roveyayinevi.com.tr\/index.php\/urun\/gelecek-bilgisi-terimleri-sozlugu\/"},"modified":"2026-04-16T03:08:24","modified_gmt":"2026-04-16T00:08:24","slug":"gelecek-bilgisi-terimleri-sozlugu","status":"publish","type":"product","link":"https:\/\/roveyayinevi.com.tr\/index.php\/urun\/gelecek-bilgisi-terimleri-sozlugu\/","title":{"rendered":"Gelecek Bilgisi Terimleri S\u00f6zl\u00fc\u011f\u00fc"},"content":{"rendered":"<p>\u201cBir f\u00fct\u00fcrist gibi d\u00fc\u015f\u00fcnebilmek, gelecek okuryazarl\u0131\u011f\u0131 kazanmak ve gelece\u011fi \u015fekillendirebilmek i\u00e7in T\u00fcrkiye\u2019de ilk defa bir f\u00fct\u00fcrist s\u00f6zl\u00fck haz\u0131rland\u0131.\u201d   F\u00fct\u00fcrizm, insanl\u0131k olarak eri\u015fti\u011fimiz bilgi ve teknolojiyi kullanarak muhtelif gelecekler olu\u015fturulabilece\u011fini kabul eder ve ya\u015fam\u0131n t\u00fcm boyutlar\u0131 i\u00e7in alternatif senaryolarla olumlu gelecek tasar\u0131m\u0131 yap\u0131labilece\u011fini benimser. F\u00fct\u00fcrizm, \u00e7oklu disiplinli yakla\u015f\u0131mla, uzg\u00f6r\u00fcl\u00fc, yenilik\u00e7i, stratejik ve s\u00fcrd\u00fcr\u00fclebilir \u00f6neriler geli\u015ftirir.   Bu ansiklopedik s\u00f6zl\u00fck b\u00fcnyesinde, bir\u00e7ok yerli ve yabanc\u0131 kaynak \u00fczerinden ara\u015ft\u0131rma yap\u0131larak g\u00fcn\u00fcm\u00fczde yeni yayg\u0131nla\u015fan terimlerin T\u00fcrk\u00e7e anlam\u0131, tarih\u00e7esi, kullan\u0131m alan\u0131 ve teknolojisini de kapsayan bilgilere yer verilmi\u015ftir. G\u00fcn\u00fcm\u00fczde kullan\u0131lan ve hen\u00fcz kullan\u0131lmasa da gelecekte hayat\u0131m\u0131zda yer kaplayacak teknolojiler, olaylar, olgular ve s\u00fcre\u00e7ler bu s\u00f6zl\u00fck kapsam\u0131nda tan\u0131mlanm\u0131\u015f, \u00f6rneklerle ayr\u0131nt\u0131land\u0131r\u0131lm\u0131\u015f ve ileri okumalar i\u00e7in kaynaklarla desteklenmi\u015ftir.   Hakan G\u00d6L Gelecek bilgisi terminolojisini, \u00fcstelik ansiklopedik s\u00f6zl\u00fck bi\u00e7iminde olu\u015fturmak istiyorsan\u0131z, yaln\u0131zca bilim ve teknoloji ile u\u011fra\u015fanlar\u0131 hedef kitle olarak ele almak ve yaln\u0131zca onlar\u0131n anlayabilece\u011fi s\u00f6zc\u00fcklerle k\u0131s\u0131tlamak do\u011fru olmaz. Terminolojinin dilin i\u00e7ine girebilmesine \u00e7al\u0131\u015f\u0131yorsak onun toplumda, ki\u015filerin ya\u015flar\u0131na ve e\u011fitim d\u00fczeylerine bak\u0131lmaks\u0131z\u0131n, olabildi\u011fince herkesi kapsay\u0131c\u0131, herkes taraf\u0131ndan anla\u015f\u0131labilir, herkesin akl\u0131nda kal\u0131c\u0131 ve kullan\u0131lan dilin kurallar\u0131na uyumlu olmas\u0131na \u00f6zen g\u00f6stermemiz zorunludur.   Dr. Mustafa AYKUT   Gelecek Bilgisi Terimleri S\u00f6zl\u00fc\u011f\u00fc\u2019n\u00fc \u00e7ok \u00f6nemli bir \u00e7al\u0131\u015fma olarak de\u011ferlendiriyorum. Gelecek Bilgisi Terimleri S\u00f6zl\u00fc\u011f\u00fc\u2019nde yer verilen kavramlar\u0131n \u00f6nemli bir b\u00f6l\u00fcm\u00fcn\u00fcn insan haklar\u0131, bireysel verilerin gizlili\u011fi, korunmas\u0131, \u00fclkemizde ve yery\u00fcz\u00fcnde s\u00f6m\u00fcr\u00fcn\u00fcn \u00f6nlenmesi, uluslararas\u0131 i\u015fbirli\u011finin geli\u015fmesi, hukukun \u00fcst\u00fcnl\u00fc\u011f\u00fcn\u00fcn korunmas\u0131 ile ilgili d\u00fczenlemelerin bir an \u00f6nce yap\u0131lmas\u0131 i\u00e7in altyap\u0131 olu\u015fturaca\u011f\u0131ndan ku\u015fku duymuyorum.   Dr. Ayd\u0131n K\u00d6KSAL <\/p>\n","protected":false},"excerpt":{"rendered":"<p>\u201cBir f\u00fct\u00fcrist gibi d\u00fc\u015f\u00fcnebilmek, gelecek okuryazarl\u0131\u011f\u0131 kazanmak ve gelece\u011fi \u015fekillendirebilmek i\u00e7in T\u00fcrkiye\u2019de ilk defa bir f\u00fct\u00fcrist s\u00f6zl\u00fck haz\u0131rland\u0131.\u201d F\u00fct\u00fcrizm, insanl\u0131k olarak eri\u015fti\u011fimiz bilgi ve teknolojiyi kullanarak<span class=\"excerpt-hellip\"> [\u2026]<\/span><\/p>\n","protected":false},"featured_media":0,"template":"","meta":{"_monsterinsights_skip_tracking":false,"_monsterinsights_sitenote_active":false,"_monsterinsights_sitenote_note":"","_monsterinsights_sitenote_category":0},"product_brand":[],"product_cat":[13072,12291],"product_tag":[],"class_list":{"0":"post-755219","1":"product","2":"type-product","3":"status-publish","5":"product_cat-arastirma-inceleme-referans","6":"product_cat-edebiyat","7":"pa_cilt-ciltsiz","8":"pa_tur-kitap","9":"pa_yayinevi-destek-yayinlari","10":"pa_yazar-futuristler-dernegi","12":"first","13":"instock","14":"sale","15":"shipping-taxable","16":"purchasable","17":"product-type-simple"},"_links":{"self":[{"href":"https:\/\/roveyayinevi.com.tr\/index.php\/wp-json\/wp\/v2\/product\/755219","targetHints":{"allow":["GET"]}}],"collection":[{"href":"https:\/\/roveyayinevi.com.tr\/index.php\/wp-json\/wp\/v2\/product"}],"about":[{"href":"https:\/\/roveyayinevi.com.tr\/index.php\/wp-json\/wp\/v2\/types\/product"}],"wp:attachment":[{"href":"https:\/\/roveyayinevi.com.tr\/index.php\/wp-json\/wp\/v2\/media?parent=755219"}],"wp:term":[{"taxonomy":"product_brand","embeddable":true,"href":"https:\/\/roveyayinevi.com.tr\/index.php\/wp-json\/wp\/v2\/product_brand?post=755219"},{"taxonomy":"product_cat","embeddable":true,"href":"https:\/\/roveyayinevi.com.tr\/index.php\/wp-json\/wp\/v2\/product_cat?post=755219"},{"taxonomy":"product_tag","embeddable":true,"href":"https:\/\/roveyayinevi.com.tr\/index.php\/wp-json\/wp\/v2\/product_tag?post=755219"}],"curies":[{"name":"wp","href":"https:\/\/api.w.org\/{rel}","templated":true}]}}