{"id":755216,"date":"2025-08-28T06:33:26","date_gmt":"2025-08-28T03:33:26","guid":{"rendered":"https:\/\/roveyayinevi.com.tr\/index.php\/urun\/scott-pilgrim-3-scott-pilgrim-ve-ebedi-huzun\/"},"modified":"2026-02-03T03:22:29","modified_gmt":"2026-02-03T00:22:29","slug":"scott-pilgrim-3-scott-pilgrim-ve-ebedi-huzun","status":"publish","type":"product","link":"https:\/\/roveyayinevi.com.tr\/index.php\/urun\/scott-pilgrim-3-scott-pilgrim-ve-ebedi-huzun\/","title":{"rendered":"Scott Pilgrim 3: Scott Pilgrim ve Ebedi H\u00fcz\u00fcn"},"content":{"rendered":"<p>\u201cBir neslin enerjisini yakalayan \u015fahane ve tuhaf bir \u00f6yk\u00fc.\u201d \u2013Publishers Weekly   Scott Pilgrim, Ramona Flowers\u2019a vurulmu\u015ftu ve Ramona onun hayat\u0131n\u0131 \u201cbiraz\u201d kar\u0131\u015ft\u0131rm\u0131\u015ft\u0131. K\u0131z\u0131n yedi k\u00f6t\u00fcc\u00fcl eski erkek arkada\u015f\u0131 vard\u0131 ve her biri s\u0131rayla Scott\u2019a meydan okuyorlard\u0131. \u00dc\u00e7 numara, Todd Ingram, i\u015fleri daha da tuhafla\u015ft\u0131rm\u0131\u015ft\u0131 \u2013 Scott Pilgrim\u2019in \u00f6nceki k\u0131z arkada\u015f\u0131yla \u00e7\u0131k\u0131yordu! Enyv Adams, Scott\u2019\u0131n kalbini k\u0131rm\u0131\u015ft\u0131 ve \u015fimdi daha fazlas\u0131 i\u00e7in k\u00f6t\u00fcc\u00fcl art rock grubu \u0130blisba\u015f\u0131\u2019nda \u00c7at\u0131\u015fma\u2019yla birlikte tekrar kar\u015f\u0131s\u0131ndayd\u0131. Scott\u2019\u0131n grubunun iki g\u00fcn sonraki konserlerinde alt grup olarak \u00e7\u0131kmas\u0131n\u0131 istiyordu! 48 saat Scott\u2019\u0131n Envy ile ba\u015fa \u00e7\u0131kmas\u0131, Ramona\u2019y\u0131 mutlu etmesi, ka\u00e7\u0131k eski k\u0131z arkada\u015flardan kurtulmas\u0131 ve yeni \u015fark\u0131 listesini \u00e7al\u0131\u015fmas\u0131 i\u00e7in yeterli olacak m\u0131yd\u0131? <\/p>\n","protected":false},"excerpt":{"rendered":"<p>\u201cBir neslin enerjisini yakalayan \u015fahane ve tuhaf bir \u00f6yk\u00fc.\u201d \u2013Publishers Weekly Scott Pilgrim, Ramona Flowers\u2019a vurulmu\u015ftu ve Ramona onun hayat\u0131n\u0131 \u201cbiraz\u201d kar\u0131\u015ft\u0131rm\u0131\u015ft\u0131. K\u0131z\u0131n yedi k\u00f6t\u00fcc\u00fcl eski<span class=\"excerpt-hellip\"> [\u2026]<\/span><\/p>\n","protected":false},"featured_media":0,"template":"","meta":{"_monsterinsights_skip_tracking":false,"_monsterinsights_sitenote_active":false,"_monsterinsights_sitenote_note":"","_monsterinsights_sitenote_category":0},"product_brand":[],"product_cat":[12416,12291],"product_tag":[],"class_list":{"0":"post-755216","1":"product","2":"type-product","3":"status-publish","5":"product_cat-cizgi-roman","6":"product_cat-edebiyat","7":"pa_cilt-ciltsiz","8":"pa_tur-kitap","9":"pa_yayinevi-ithaki-yayinlari","10":"pa_yazar-bryan-lee-omalley","12":"first","13":"instock","14":"sale","15":"shipping-taxable","16":"purchasable","17":"product-type-simple"},"_links":{"self":[{"href":"https:\/\/roveyayinevi.com.tr\/index.php\/wp-json\/wp\/v2\/product\/755216","targetHints":{"allow":["GET"]}}],"collection":[{"href":"https:\/\/roveyayinevi.com.tr\/index.php\/wp-json\/wp\/v2\/product"}],"about":[{"href":"https:\/\/roveyayinevi.com.tr\/index.php\/wp-json\/wp\/v2\/types\/product"}],"wp:attachment":[{"href":"https:\/\/roveyayinevi.com.tr\/index.php\/wp-json\/wp\/v2\/media?parent=755216"}],"wp:term":[{"taxonomy":"product_brand","embeddable":true,"href":"https:\/\/roveyayinevi.com.tr\/index.php\/wp-json\/wp\/v2\/product_brand?post=755216"},{"taxonomy":"product_cat","embeddable":true,"href":"https:\/\/roveyayinevi.com.tr\/index.php\/wp-json\/wp\/v2\/product_cat?post=755216"},{"taxonomy":"product_tag","embeddable":true,"href":"https:\/\/roveyayinevi.com.tr\/index.php\/wp-json\/wp\/v2\/product_tag?post=755216"}],"curies":[{"name":"wp","href":"https:\/\/api.w.org\/{rel}","templated":true}]}}