{"id":755214,"date":"2025-08-28T06:33:22","date_gmt":"2025-08-28T03:33:22","guid":{"rendered":"https:\/\/roveyayinevi.com.tr\/index.php\/urun\/hayalimdeki-turkiye\/"},"modified":"2026-04-16T03:08:24","modified_gmt":"2026-04-16T00:08:24","slug":"hayalimdeki-turkiye","status":"publish","type":"product","link":"https:\/\/roveyayinevi.com.tr\/index.php\/urun\/hayalimdeki-turkiye\/","title":{"rendered":"Hayalimdeki T\u00fcrkiye"},"content":{"rendered":"<p>&#8220;\u0130\u015finin ehli olmayan insanlara \u00f6nemli g\u00f6revler verilirse h\u0131rs, mevki, para, ahdi vefan\u0131n \u00f6n\u00fcne ge\u00e7er, gelecek nesille- rin \u00f6n\u00fcn\u00fc keser. Keskin keseri ustan\u0131n elinden al\u0131r ehli olmayana verirseniz d\u00f6ner dola\u015f\u0131r eninde sonunda ac\u0131maz sizin elinizi keser. Keskin zihne zincir vurmaya kalkarsan\u0131z eline ge\u00e7irdi\u011fi ilk f\u0131rsatta firavunlu\u011fa ve kademeli \u00e7al\u0131\u015fan canavarlara \u00e7a\u011fda\u015fl\u0131k ad\u0131na ma\u015fa olmaya kalkar. Ma\u015fay\u0131 k\u0131\u015f mevsiminde dedemizden kalma kuzinede kullanal\u0131m. Canavarlar\u0131n elinde ma\u015fa olmaya kalkan evlatlar\u0131m\u0131za sahip \u00e7\u0131kal\u0131m. Ge\u00e7mi\u015fini bilmeyenler gelece\u011fini in\u015fa edemez. Gelece\u011fi in\u015fa edecek gen\u00e7 neslimize, ge\u00e7mi\u015fin, gelece\u011fin hazinesini toplatal\u0131m, toplayal\u0131m, birlik olal\u0131m\u2026&#8221; <\/p>\n","protected":false},"excerpt":{"rendered":"<p>&#8220;\u0130\u015finin ehli olmayan insanlara \u00f6nemli g\u00f6revler verilirse h\u0131rs, mevki, para, ahdi vefan\u0131n \u00f6n\u00fcne ge\u00e7er, gelecek nesille- rin \u00f6n\u00fcn\u00fc keser. Keskin keseri ustan\u0131n elinden al\u0131r ehli olmayana<span class=\"excerpt-hellip\"> [\u2026]<\/span><\/p>\n","protected":false},"featured_media":0,"template":"","meta":{"_monsterinsights_skip_tracking":false,"_monsterinsights_sitenote_active":false,"_monsterinsights_sitenote_note":"","_monsterinsights_sitenote_category":0},"product_brand":[],"product_cat":[12777,12291],"product_tag":[],"class_list":{"0":"post-755214","1":"product","2":"type-product","3":"status-publish","5":"product_cat-deneme","6":"product_cat-edebiyat","7":"pa_cilt-ciltsiz","8":"pa_tur-kitap","9":"pa_yayinevi-kuytu-yayinlari","10":"pa_yazar-zekiye-dogan","12":"first","13":"instock","14":"sale","15":"shipping-taxable","16":"purchasable","17":"product-type-simple"},"_links":{"self":[{"href":"https:\/\/roveyayinevi.com.tr\/index.php\/wp-json\/wp\/v2\/product\/755214","targetHints":{"allow":["GET"]}}],"collection":[{"href":"https:\/\/roveyayinevi.com.tr\/index.php\/wp-json\/wp\/v2\/product"}],"about":[{"href":"https:\/\/roveyayinevi.com.tr\/index.php\/wp-json\/wp\/v2\/types\/product"}],"wp:attachment":[{"href":"https:\/\/roveyayinevi.com.tr\/index.php\/wp-json\/wp\/v2\/media?parent=755214"}],"wp:term":[{"taxonomy":"product_brand","embeddable":true,"href":"https:\/\/roveyayinevi.com.tr\/index.php\/wp-json\/wp\/v2\/product_brand?post=755214"},{"taxonomy":"product_cat","embeddable":true,"href":"https:\/\/roveyayinevi.com.tr\/index.php\/wp-json\/wp\/v2\/product_cat?post=755214"},{"taxonomy":"product_tag","embeddable":true,"href":"https:\/\/roveyayinevi.com.tr\/index.php\/wp-json\/wp\/v2\/product_tag?post=755214"}],"curies":[{"name":"wp","href":"https:\/\/api.w.org\/{rel}","templated":true}]}}