{"id":755212,"date":"2025-08-28T06:33:19","date_gmt":"2025-08-28T03:33:19","guid":{"rendered":"https:\/\/roveyayinevi.com.tr\/index.php\/urun\/lugat365-bazi-tabirler-cok-guzel\/"},"modified":"2026-04-16T03:08:24","modified_gmt":"2026-04-16T00:08:24","slug":"lugat365-bazi-tabirler-cok-guzel","status":"publish","type":"product","link":"https:\/\/roveyayinevi.com.tr\/index.php\/urun\/lugat365-bazi-tabirler-cok-guzel\/","title":{"rendered":"Lugat365 &#8211; Baz\u0131 Tabirler \u00c7ok G\u00fczel"},"content":{"rendered":"<p>Baz\u0131 kelimelerin ne kadar g\u00fczel oldu\u011funu y\u0131llar \u00f6nce g\u00f6rm\u00fc\u015ft\u00fck. Dilimizin kay\u0131p hazineleri, kay\u0131p olmasa da derinli\u011fi yeterince bilinmeyen hazinelerini Baz\u0131 Kelimeler \u00c7ok G\u00fczel\u2019de okuduk, T\u00fcrk\u00e7eyi yeniden sevdik. \u015eimdi bu g\u00fczel kelimelerin yan\u0131na g\u00fczel t\u00e2birler de ekliyoruz. Hem T\u00fcrk\u00e7enin eski d\u00f6nemlerinden bug\u00fcne taptaze ula\u015fm\u0131\u015f t\u00e2birler hem farkl\u0131 dillerden aktarma kelimelerin bir araya gelmesiyle olu\u015fanlar. \u201cG\u00fcll\u00fck g\u00fclistanl\u0131k\u201d, \u201ccim karn\u0131nda bir nokta\u201d, \u201czehir zemberek\u201d, \u201cpupa yelken\u201d ve daha y\u00fczlercesi. K\u00f6kl\u00fc, zengin, tad\u0131na doyulmayan T\u00fcrk\u00e7emizden tad\u0131ml\u0131k t\u00e2birler. Ne kadar gerekli olduklar\u0131 ise \u201c\u00eezahtan v\u00e2reste!\u201d<\/p>\n","protected":false},"excerpt":{"rendered":"<p>Baz\u0131 kelimelerin ne kadar g\u00fczel oldu\u011funu y\u0131llar \u00f6nce g\u00f6rm\u00fc\u015ft\u00fck. Dilimizin kay\u0131p hazineleri, kay\u0131p olmasa da derinli\u011fi yeterince bilinmeyen hazinelerini Baz\u0131 Kelimeler \u00c7ok G\u00fczel\u2019de okuduk, T\u00fcrk\u00e7eyi yeniden<span class=\"excerpt-hellip\"> [\u2026]<\/span><\/p>\n","protected":false},"featured_media":0,"template":"","meta":{"_monsterinsights_skip_tracking":false,"_monsterinsights_sitenote_active":false,"_monsterinsights_sitenote_note":"","_monsterinsights_sitenote_category":0},"product_brand":[],"product_cat":[12566,13611],"product_tag":[],"class_list":{"0":"post-755212","1":"product","2":"type-product","3":"status-publish","5":"product_cat-egitim","6":"product_cat-sozlukler-ve-konusma-kilavuzlari","7":"pa_cilt-ciltsiz","8":"pa_tur-kitap","9":"pa_yayinevi-can-yayinlari","10":"pa_yazar-banu-ertugrul-onur-ertugrul","12":"first","13":"instock","14":"sale","15":"shipping-taxable","16":"purchasable","17":"product-type-simple"},"_links":{"self":[{"href":"https:\/\/roveyayinevi.com.tr\/index.php\/wp-json\/wp\/v2\/product\/755212","targetHints":{"allow":["GET"]}}],"collection":[{"href":"https:\/\/roveyayinevi.com.tr\/index.php\/wp-json\/wp\/v2\/product"}],"about":[{"href":"https:\/\/roveyayinevi.com.tr\/index.php\/wp-json\/wp\/v2\/types\/product"}],"wp:attachment":[{"href":"https:\/\/roveyayinevi.com.tr\/index.php\/wp-json\/wp\/v2\/media?parent=755212"}],"wp:term":[{"taxonomy":"product_brand","embeddable":true,"href":"https:\/\/roveyayinevi.com.tr\/index.php\/wp-json\/wp\/v2\/product_brand?post=755212"},{"taxonomy":"product_cat","embeddable":true,"href":"https:\/\/roveyayinevi.com.tr\/index.php\/wp-json\/wp\/v2\/product_cat?post=755212"},{"taxonomy":"product_tag","embeddable":true,"href":"https:\/\/roveyayinevi.com.tr\/index.php\/wp-json\/wp\/v2\/product_tag?post=755212"}],"curies":[{"name":"wp","href":"https:\/\/api.w.org\/{rel}","templated":true}]}}