{"id":755211,"date":"2025-08-28T06:33:18","date_gmt":"2025-08-28T03:33:18","guid":{"rendered":"https:\/\/roveyayinevi.com.tr\/index.php\/urun\/osmanli-bilim-ve-savas-teknolojisi\/"},"modified":"2026-04-16T03:08:24","modified_gmt":"2026-04-16T00:08:24","slug":"osmanli-bilim-ve-savas-teknolojisi","status":"publish","type":"product","link":"https:\/\/roveyayinevi.com.tr\/index.php\/urun\/osmanli-bilim-ve-savas-teknolojisi\/","title":{"rendered":"Osmanl\u0131 Bilim ve Sava\u015f Teknolojisi"},"content":{"rendered":"<p>Tarihte \u00e7ok \u015fey sakl\u0131&#8230; K\u00fc\u00e7\u00fcc\u00fck bir beylik iken alt\u0131 y\u00fcz y\u0131l boyunca \u00fc\u00e7 k\u0131tay\u0131 kucaklayan Osmanl\u0131 Devleti\u2019nin durmak bilmeyen m\u00fccadelesi olmasayd\u0131, ne \u0130mparatorluk alt\u0131 as\u0131r ayakta kalabilirdi ne de Bat\u0131l\u0131 devletlerin sald\u0131r\u0131lar\u0131 kar\u015f\u0131s\u0131nda T\u00fcrkiye Cumhuriyeti diye bir devlet olabilirdi. Siyasi, idari yap\u0131s\u0131 ve askeri teknolojisi ile tarihteki en uzun \u00f6m\u00fcrl\u00fc devletlerden biri hi\u00e7 \u015f\u00fcphesiz ki Osmanl\u0131 Devleti\u2019dir. Bu eserde al\u0131\u015f\u0131lm\u0131\u015f\u0131n d\u0131\u015f\u0131na \u00e7\u0131k\u0131larak Osmanl\u0131 Devleti\u2019nin bilim ve sava\u015f teknolojisinde gizlenen \u015fifreleri \u00e7\u00f6z\u00fclmeye \u00e7al\u0131\u015f\u0131ld\u0131. Bu kitapta, Osmanl\u0131\u2019n\u0131n Asya tipi bozk\u0131r g\u00f6\u00e7ebe s\u00fcvarilerinden bug\u00fcn\u00fcn komandolar\u0131 olan T\u00fcrk ak\u0131nc\u0131lar\u0131n\u0131, balistik ok h\u0131z\u0131n\u0131n hesaplar\u0131n\u0131, \u201cel kumbaras\u0131\u201d denilen ilk el bombas\u0131n\u0131, \u0130stanbul surlar\u0131n\u0131 y\u0131kan g\u00fcllelerin vuru\u015f h\u0131z\u0131n\u0131, ilk insans\u0131z roketi, d\u00fcnya haritas\u0131n\u0131 \u00e7izen Piri Reis\u2019i, Mimar Sinan\u2019\u0131n m\u00fchendislik harikalar\u0131n\u0131, \u201cTahtelbahir\u201d ad\u0131n\u0131n verildi\u011fi ilk denizalt\u0131y\u0131, 1877 y\u0131l\u0131nda d\u00fcnyan\u0131n en uzun \u00fc\u00e7\u00fcnc\u00fc telgraf a\u011f\u0131n\u0131n gururunu ya\u015fatan bir Osmanl\u0131 Devleti\u2019ni okuyacaks\u0131n\u0131z.   Yine bu eserde Ok Ordusu\u2019nun estirdi\u011fi r\u00fczg\u00e2r sesini, Yeni\u00e7erilerin kulland\u0131\u011f\u0131 keskin k\u0131l\u0131c\u0131, g\u00fcrz ve sava\u015f baltas\u0131 ile harp oyunlar\u0131n\u0131; ak\u0131nc\u0131 s\u00fcvarilerinin bile\u015fik yay ve k\u0131sa m\u0131zrakla d\u00fc\u015fmana sald\u0131r\u0131s\u0131n\u0131, tabur cengi takti\u011fi ile muhaf\u0131z k\u0131t\u2019alar\u0131n\u0131n \u00fc\u00e7 y\u00fcz topu birden nas\u0131l ate\u015fledi\u011fini g\u00f6receksiniz. Bu eser yaz\u0131l\u0131rken d\u00fcnya bilimine y\u00f6n veren bir\u00e7ok Osmanl\u0131 bilim adam\u0131 ve ulem\u00e2s\u0131n\u0131n ya\u015fad\u0131\u011f\u0131 ilgin\u00e7 olaylar tarihin tozlu raflar\u0131ndan indirildi. Merak eden okuyucular ve yeni ku\u015faklar i\u00e7in elden d\u00fc\u015f\u00fcr\u00fclmeyecek roman tad\u0131nda, bilimsel bir \u00e7al\u0131\u015fma\u2026 <\/p>\n","protected":false},"excerpt":{"rendered":"<p>Tarihte \u00e7ok \u015fey sakl\u0131&#8230; K\u00fc\u00e7\u00fcc\u00fck bir beylik iken alt\u0131 y\u00fcz y\u0131l boyunca \u00fc\u00e7 k\u0131tay\u0131 kucaklayan Osmanl\u0131 Devleti\u2019nin durmak bilmeyen m\u00fccadelesi olmasayd\u0131, ne \u0130mparatorluk alt\u0131 as\u0131r ayakta<span class=\"excerpt-hellip\"> [\u2026]<\/span><\/p>\n","protected":false},"featured_media":0,"template":"","meta":{"_monsterinsights_skip_tracking":false,"_monsterinsights_sitenote_active":false,"_monsterinsights_sitenote_note":"","_monsterinsights_sitenote_category":0},"product_brand":[],"product_cat":[13517,12304],"product_tag":[],"class_list":{"0":"post-755211","1":"product","2":"type-product","3":"status-publish","5":"product_cat-osmanli-tarihi","6":"product_cat-tarih","7":"pa_cilt-ciltsiz","8":"pa_tur-kitap","9":"pa_yayinevi-altin-aba-yayinevi","10":"pa_yazar-sukru-altin","12":"first","13":"instock","14":"sale","15":"shipping-taxable","16":"purchasable","17":"product-type-simple"},"_links":{"self":[{"href":"https:\/\/roveyayinevi.com.tr\/index.php\/wp-json\/wp\/v2\/product\/755211","targetHints":{"allow":["GET"]}}],"collection":[{"href":"https:\/\/roveyayinevi.com.tr\/index.php\/wp-json\/wp\/v2\/product"}],"about":[{"href":"https:\/\/roveyayinevi.com.tr\/index.php\/wp-json\/wp\/v2\/types\/product"}],"wp:attachment":[{"href":"https:\/\/roveyayinevi.com.tr\/index.php\/wp-json\/wp\/v2\/media?parent=755211"}],"wp:term":[{"taxonomy":"product_brand","embeddable":true,"href":"https:\/\/roveyayinevi.com.tr\/index.php\/wp-json\/wp\/v2\/product_brand?post=755211"},{"taxonomy":"product_cat","embeddable":true,"href":"https:\/\/roveyayinevi.com.tr\/index.php\/wp-json\/wp\/v2\/product_cat?post=755211"},{"taxonomy":"product_tag","embeddable":true,"href":"https:\/\/roveyayinevi.com.tr\/index.php\/wp-json\/wp\/v2\/product_tag?post=755211"}],"curies":[{"name":"wp","href":"https:\/\/api.w.org\/{rel}","templated":true}]}}