{"id":755208,"date":"2025-08-28T06:33:12","date_gmt":"2025-08-28T03:33:12","guid":{"rendered":"https:\/\/roveyayinevi.com.tr\/index.php\/urun\/emir-karatekin\/"},"modified":"2026-04-16T03:08:23","modified_gmt":"2026-04-16T00:08:23","slug":"emir-karatekin","status":"publish","type":"product","link":"https:\/\/roveyayinevi.com.tr\/index.php\/urun\/emir-karatekin\/","title":{"rendered":"Emir Karatekin"},"content":{"rendered":"<p>Alp Arslan\u2019\u0131n Efsane Komutan\u0131 Emir Karatekin\u2026 O\u011fuz T\u00fcrk\u2019\u00fc\u2026 O\u011fuzlar\u0131n bir g\u00f6z\u00fc Orta Asya\u2019dayken, di\u011feri hep Diyar-\u0131 Rum\u2019da (Anadolu) oldu. Bir k\u0131sm\u0131 Semerkant, Buhara civar\u0131nda at ko\u015ftururken; di\u011fer k\u0131sm\u0131 Anadolu\u2019yu T\u00fcrk yurdu h\u00e2line getirmek i\u00e7in fetihlere \u00e7\u0131kt\u0131. Gelin bu fetihlere siz de \u015fahit olun ve tarihe susam\u0131\u015fl\u0131\u011f\u0131n verdi\u011fi hararetle kavrulmak yerine, Sel\u00e7uklu\u2019yla susuzlu\u011funuzu giderin. Emir Karatekin\u2019in ser\u00fcvenini okurken k\u00e2h sevinecek k\u00e2h \u00fcz\u00fcleceksiniz. Dahas\u0131 bu kitapta, Emir Karatekin\u2019in silah arkada\u015flar\u0131 S\u00fcleyman \u015eahlar\u0131n, Artuk Beylerin, Dani\u015fmend Ahmed Gazilerin, Saltuk Beylerin ve \u00c7aka Beylerin m\u00fcthi\u015f cenkleriyle ruhunuzun co\u015ftu\u011funu g\u00f6receksiniz. Hayat\u0131n \u0131st\u0131rab\u0131na dayanamayanlar canl\u0131 kanl\u0131 bir macera ya\u015fayacaklard\u0131r. Senarist, Ara\u015ft\u0131rmac\u0131-Tarih\u00e7i Yazar \u015e\u00fckr\u00fc Alt\u0131n\u2019\u0131n anlat\u0131m\u0131yla kalem kadere, kader kaleme \u00f6yle bir dokundu ki, sat\u0131rlar aras\u0131nda dola\u015fmak isteyen her ya\u015ftan okurun bilgi d\u00fcnyas\u0131na ilgiyle okuyabilece\u011fi bir ba\u015fucu kitab\u0131 kazand\u0131r\u0131ld\u0131.  <\/p>\n","protected":false},"excerpt":{"rendered":"<p>Alp Arslan\u2019\u0131n Efsane Komutan\u0131 Emir Karatekin\u2026 O\u011fuz T\u00fcrk\u2019\u00fc\u2026 O\u011fuzlar\u0131n bir g\u00f6z\u00fc Orta Asya\u2019dayken, di\u011feri hep Diyar-\u0131 Rum\u2019da (Anadolu) oldu. Bir k\u0131sm\u0131 Semerkant, Buhara civar\u0131nda at ko\u015ftururken;<span class=\"excerpt-hellip\"> [\u2026]<\/span><\/p>\n","protected":false},"featured_media":0,"template":"","meta":{"_monsterinsights_skip_tracking":false,"_monsterinsights_sitenote_active":false,"_monsterinsights_sitenote_note":"","_monsterinsights_sitenote_category":0},"product_brand":[],"product_cat":[12291,12745],"product_tag":[],"class_list":{"0":"post-755208","1":"product","2":"type-product","3":"status-publish","5":"product_cat-edebiyat","6":"product_cat-tarihi-roman","7":"pa_cilt-ciltsiz","8":"pa_tur-kitap","9":"pa_yayinevi-altin-aba-yayinevi","10":"pa_yazar-sukru-altin","12":"first","13":"instock","14":"sale","15":"shipping-taxable","16":"purchasable","17":"product-type-simple"},"_links":{"self":[{"href":"https:\/\/roveyayinevi.com.tr\/index.php\/wp-json\/wp\/v2\/product\/755208","targetHints":{"allow":["GET"]}}],"collection":[{"href":"https:\/\/roveyayinevi.com.tr\/index.php\/wp-json\/wp\/v2\/product"}],"about":[{"href":"https:\/\/roveyayinevi.com.tr\/index.php\/wp-json\/wp\/v2\/types\/product"}],"wp:attachment":[{"href":"https:\/\/roveyayinevi.com.tr\/index.php\/wp-json\/wp\/v2\/media?parent=755208"}],"wp:term":[{"taxonomy":"product_brand","embeddable":true,"href":"https:\/\/roveyayinevi.com.tr\/index.php\/wp-json\/wp\/v2\/product_brand?post=755208"},{"taxonomy":"product_cat","embeddable":true,"href":"https:\/\/roveyayinevi.com.tr\/index.php\/wp-json\/wp\/v2\/product_cat?post=755208"},{"taxonomy":"product_tag","embeddable":true,"href":"https:\/\/roveyayinevi.com.tr\/index.php\/wp-json\/wp\/v2\/product_tag?post=755208"}],"curies":[{"name":"wp","href":"https:\/\/api.w.org\/{rel}","templated":true}]}}