{"id":755206,"date":"2025-08-28T06:33:09","date_gmt":"2025-08-28T03:33:09","guid":{"rendered":"https:\/\/roveyayinevi.com.tr\/index.php\/urun\/metis-ajanda-2024-canak-comlek-patladi\/"},"modified":"2026-04-16T03:08:23","modified_gmt":"2026-04-16T00:08:23","slug":"metis-ajanda-2024-canak-comlek-patladi","status":"publish","type":"product","link":"https:\/\/roveyayinevi.com.tr\/index.php\/urun\/metis-ajanda-2024-canak-comlek-patladi\/","title":{"rendered":"Metis Ajanda 2024: \u00c7anak \u00c7\u00f6mlek Patlad\u0131"},"content":{"rendered":"<p>\u0130\u00c7ER\u0130K TANITIMI: \u201cOyun insan \u00f6zg\u00fcrl\u00fc\u011f\u00fcn\u00fcn en saf bi\u00e7imidir,\u201d diyor David Graeber. Kendimizi \u00f6zg\u00fcr hissetti\u011fimizde oyun oynamaya ya da icat etmeye daha yatk\u0131n oluruz ger\u00e7ekten. Belki de bu y\u00fczden, \u00f6zg\u00fcrl\u00fc\u011f\u00fcm\u00fcz\u00fcn giderek daha fazla k\u0131s\u0131tlanmas\u0131 oyun d\u00fcrt\u00fcm\u00fcz\u00fc zay\u0131flat\u0131yor, i\u00e7imizdeki oyunbaz\u0131 h\u0131rpalay\u0131p sindiriyor. K\u00f6t\u00fcleyen ekonomik ko\u015fullar da tuz biber ekiyor; hayat\u0131m\u0131z\u0131 idame ettirmek i\u00e7in giderek daha \u00e7ok \u00e7al\u0131\u015fmak zorunda kald\u0131\u011f\u0131m\u0131z bir ortamda oyun oynamaya ve oyunbazl\u0131\u011fa pek enerjimiz kalm\u0131yor do\u011fal olarak.   Fakat unutmayal\u0131m, oyun sadece \u00f6zg\u00fcrl\u00fckten do\u011fmaz, ayn\u0131 zamanda \u00f6zg\u00fcrl\u00fc\u011f\u00fc do\u011furur; \u00e7\u00fcnk\u00fc oyun yarat\u0131c\u0131l\u0131k ve hayal g\u00fcc\u00fc i\u00e7erir, ki bunlar da zihnin prangalar\u0131n\u0131 k\u0131rmas\u0131 demektir. Ve oyun oynamak sadece enerji gerektirmez, ayn\u0131 zamanda, i\u00e7inde bulundu\u011fumuz kasvetli ko\u015fullar\u0131 de\u011fi\u015ftirmek i\u00e7in gereken ya\u015fama sevincini de besler. Evrim s\u00fcrecinin sadece insanda de\u011fil di\u011fer bir\u00e7ok hayvanda da oyun davran\u0131\u015f\u0131n\u0131 te\u015fvik etmi\u015f olmas\u0131na \u015fa\u015fmamak laz\u0131m!   Bu d\u00fc\u015f\u00fcncelerden yola \u00e7\u0131karak bu y\u0131lki ajandam\u0131z i\u00e7in oyun temas\u0131n\u0131 se\u00e7tik biz de; adil ve sa\u011falt\u0131c\u0131 oyunlar\u0131n yan\u0131 s\u0131ra adaletsiz ve tahripk\u00e2r oyunlar\u0131n da oldu\u011funu g\u00f6z ard\u0131 etmeden, oyun ad\u0131 alt\u0131nda bizi \u015fuursuz t\u00fcketicilere ya da \u00e7aresiz emek\u00e7ilere d\u00f6n\u00fc\u015ft\u00fcrmeye \u00e7al\u0131\u015fanlar\u0131 unutmadan, iyisiyle k\u00f6t\u00fcs\u00fcyle bu kapsaml\u0131 konuya farkl\u0131 a\u00e7\u0131lardan bakt\u0131k.   \u0130\u00e7inizdeki oyunbaz\u0131n muzip\u00e7e g\u00f6z k\u0131rpt\u0131\u011f\u0131 ve par\u00e7as\u0131 olmak istemedi\u011finiz oyunlar\u0131 bozma iradesini dayan\u0131\u015fmada buldu\u011funuz g\u00fczel bir y\u0131l dile\u011fiyle\u2026   \u2014 Metis Yay\u0131nlar\u0131 <\/p>\n","protected":false},"excerpt":{"rendered":"<p>\u0130\u00c7ER\u0130K TANITIMI: \u201cOyun insan \u00f6zg\u00fcrl\u00fc\u011f\u00fcn\u00fcn en saf bi\u00e7imidir,\u201d diyor David Graeber. Kendimizi \u00f6zg\u00fcr hissetti\u011fimizde oyun oynamaya ya da icat etmeye daha yatk\u0131n oluruz ger\u00e7ekten. Belki de<span class=\"excerpt-hellip\"> [\u2026]<\/span><\/p>\n","protected":false},"featured_media":0,"template":"","meta":{"_monsterinsights_skip_tracking":false,"_monsterinsights_sitenote_active":false,"_monsterinsights_sitenote_note":"","_monsterinsights_sitenote_category":0},"product_brand":[],"product_cat":[28265,15563],"product_tag":[],"class_list":{"0":"post-755206","1":"product","2":"type-product","3":"status-publish","5":"product_cat-diger-hobi","6":"product_cat-hobi","7":"pa_cilt-ciltsiz","8":"pa_tur-kitap","9":"pa_yayinevi-metis-yayinlari","10":"pa_yazar-kolektif","12":"first","13":"instock","14":"sale","15":"shipping-taxable","16":"purchasable","17":"product-type-simple"},"_links":{"self":[{"href":"https:\/\/roveyayinevi.com.tr\/index.php\/wp-json\/wp\/v2\/product\/755206","targetHints":{"allow":["GET"]}}],"collection":[{"href":"https:\/\/roveyayinevi.com.tr\/index.php\/wp-json\/wp\/v2\/product"}],"about":[{"href":"https:\/\/roveyayinevi.com.tr\/index.php\/wp-json\/wp\/v2\/types\/product"}],"wp:attachment":[{"href":"https:\/\/roveyayinevi.com.tr\/index.php\/wp-json\/wp\/v2\/media?parent=755206"}],"wp:term":[{"taxonomy":"product_brand","embeddable":true,"href":"https:\/\/roveyayinevi.com.tr\/index.php\/wp-json\/wp\/v2\/product_brand?post=755206"},{"taxonomy":"product_cat","embeddable":true,"href":"https:\/\/roveyayinevi.com.tr\/index.php\/wp-json\/wp\/v2\/product_cat?post=755206"},{"taxonomy":"product_tag","embeddable":true,"href":"https:\/\/roveyayinevi.com.tr\/index.php\/wp-json\/wp\/v2\/product_tag?post=755206"}],"curies":[{"name":"wp","href":"https:\/\/api.w.org\/{rel}","templated":true}]}}