{"id":755205,"date":"2025-08-28T06:33:08","date_gmt":"2025-08-28T03:33:08","guid":{"rendered":"https:\/\/roveyayinevi.com.tr\/index.php\/urun\/dadi-eftalyanin-pembe-misketi\/"},"modified":"2026-04-16T03:08:23","modified_gmt":"2026-04-16T00:08:23","slug":"dadi-eftalyanin-pembe-misketi","status":"publish","type":"product","link":"https:\/\/roveyayinevi.com.tr\/index.php\/urun\/dadi-eftalyanin-pembe-misketi\/","title":{"rendered":"Dad\u0131 Eftalya\u2019n\u0131n Pembe Misketi"},"content":{"rendered":"<p>\u201cSonra samanlar\u0131n aras\u0131na oturdu ve avucundaki pembe miskete bakt\u0131. Bir s\u00fcredir zaman zaman akl\u0131na gelen ama her seferinde kabullenemedi\u011fi i\u00e7in zihninden uzakla\u015ft\u0131rmaya \u00e7al\u0131\u015ft\u0131\u011f\u0131 ger\u00e7ekle y\u00fczle\u015fmeye haz\u0131rd\u0131.\u201d Payda\u015f ailesi Ayayd\u0131nlar \u00c7iftli\u011fi\u2019ni sat\u0131p \u0130stanbul\u2019a yerle\u015fme karar\u0131 alm\u0131\u015ft\u0131r. Aslan ve A\u015fk\u0131n Payda\u015f ta\u015f\u0131nma i\u015flerini halletmek i\u00e7in \u0130stanbul\u2019dayken \u00e7ocuklara -Nazl\u0131, Timu\u00e7in, Ne\u015fe ve Gece\u2019ye- Dad\u0131 Eftalya bakacakt\u0131r. Nazl\u0131 sosyal medya ba\u011f\u0131ml\u0131s\u0131 bir \u00e7ocuktur, hayali \u201cyoutuberl\u0131k\u201dt\u0131r. Timu\u00e7in korkusuz, kendinden emin, \u00e7ok okuyan, merakl\u0131, ara\u015ft\u0131rmac\u0131 bir \u00e7ocuktur. Ne\u015fe\u2019nin S\u0131rma ad\u0131nda hayali bir arkada\u015f\u0131 vard\u0131r. Kurdu\u011fu d\u00fczg\u00fcn c\u00fcmlelerle herkesi kendine hayran b\u0131rakan Gece \u00fc\u00e7 ay \u00f6nce konu\u015fmay\u0131 aniden b\u0131rakm\u0131\u015ft\u0131r. Ayayd\u0131nlar \u00c7iftli\u011fi\u2019yle gizemli Dad\u0131 Eftalya aras\u0131nda nas\u0131l bir ba\u011f vard\u0131r? Bir pembe misket ge\u00e7mi\u015ften gelece\u011fe insanlar\u0131n ya\u015fam\u0131na nas\u0131l y\u00f6n verir? Hanzade Servi, sonu gelmez s\u00fcrprizlerle dolu, heyecan ve merak i\u00e7inde okuyaca\u011f\u0131n\u0131z ya\u015fant\u0131lar\u0131 bir yapbozun par\u00e7alar\u0131 gibi roman\u0131na yerle\u015ftiriyor.<\/p>\n","protected":false},"excerpt":{"rendered":"<p>\u201cSonra samanlar\u0131n aras\u0131na oturdu ve avucundaki pembe miskete bakt\u0131. Bir s\u00fcredir zaman zaman akl\u0131na gelen ama her seferinde kabullenemedi\u011fi i\u00e7in zihninden uzakla\u015ft\u0131rmaya \u00e7al\u0131\u015ft\u0131\u011f\u0131 ger\u00e7ekle y\u00fczle\u015fmeye haz\u0131rd\u0131.\u201d<span class=\"excerpt-hellip\"> [\u2026]<\/span><\/p>\n","protected":false},"featured_media":0,"template":"","meta":{"_monsterinsights_skip_tracking":false,"_monsterinsights_sitenote_active":false,"_monsterinsights_sitenote_note":"","_monsterinsights_sitenote_category":0},"product_brand":[],"product_cat":[12274,12284],"product_tag":[],"class_list":{"0":"post-755205","1":"product","2":"type-product","3":"status-publish","5":"product_cat-cocuk-ve-genclik-kitaplari","6":"product_cat-hikayeler","7":"pa_cilt-ciltsiz","8":"pa_tur-kitap","9":"pa_yayinevi-bilgi-yayinevi","10":"pa_yazar-hanzade-servi","12":"first","13":"instock","14":"sale","15":"shipping-taxable","16":"purchasable","17":"product-type-simple"},"_links":{"self":[{"href":"https:\/\/roveyayinevi.com.tr\/index.php\/wp-json\/wp\/v2\/product\/755205","targetHints":{"allow":["GET"]}}],"collection":[{"href":"https:\/\/roveyayinevi.com.tr\/index.php\/wp-json\/wp\/v2\/product"}],"about":[{"href":"https:\/\/roveyayinevi.com.tr\/index.php\/wp-json\/wp\/v2\/types\/product"}],"wp:attachment":[{"href":"https:\/\/roveyayinevi.com.tr\/index.php\/wp-json\/wp\/v2\/media?parent=755205"}],"wp:term":[{"taxonomy":"product_brand","embeddable":true,"href":"https:\/\/roveyayinevi.com.tr\/index.php\/wp-json\/wp\/v2\/product_brand?post=755205"},{"taxonomy":"product_cat","embeddable":true,"href":"https:\/\/roveyayinevi.com.tr\/index.php\/wp-json\/wp\/v2\/product_cat?post=755205"},{"taxonomy":"product_tag","embeddable":true,"href":"https:\/\/roveyayinevi.com.tr\/index.php\/wp-json\/wp\/v2\/product_tag?post=755205"}],"curies":[{"name":"wp","href":"https:\/\/api.w.org\/{rel}","templated":true}]}}