{"id":755204,"date":"2025-08-28T06:33:06","date_gmt":"2025-08-28T03:33:06","guid":{"rendered":"https:\/\/roveyayinevi.com.tr\/index.php\/urun\/ofistike-seyler\/"},"modified":"2026-04-16T03:08:23","modified_gmt":"2026-04-16T00:08:23","slug":"ofistike-seyler","status":"publish","type":"product","link":"https:\/\/roveyayinevi.com.tr\/index.php\/urun\/ofistike-seyler\/","title":{"rendered":"Ofistike \u015eeyler"},"content":{"rendered":"<p>\u0130\u00e7inde k\u0131vrand\u0131\u011f\u0131m\u0131z bilin\u00e7 krizi daha \u00e7ok ofis milletini ilgilendiriyor. \u00c7\u0131karlar\u0131n\u0131 en iyi savunaca\u011f\u0131n\u0131 d\u00fc\u015f\u00fcnece\u011finiz, s\u00f6zde bireyselle\u015fmede en \u00f6nde gidenlerimiz, en e\u011fitimli gibi duranlar\u0131m\u0131z, en \u00e7ok e\u011fleniyor gibi g\u00f6r\u00fcnenlerimiz onlar&#8230; Ama g\u00f6r\u00fcnd\u00fc\u011f\u00fc gibi de\u011fil.   T\u00fcrk gazetecilik ve televizyonculu\u011funun ba\u015far\u0131l\u0131 ismi Aysun \u00d6z sanattan, edebiyattan, bilimden, T\u00fcrkiye\u2019yi T\u00fcrkiye yapanlar ve d\u00fcnyaca \u00fcnl\u00fc isimlerle yapt\u0131\u011f\u0131 sohbetlerden de faydalanarak olu\u015fturdu\u011fu bu kitab\u0131nda, hepimizin kar\u015f\u0131 kar\u015f\u0131ya oldu\u011fu anlat\u0131lmas\u0131 g\u00fc\u00e7 durumlar\u0131 kendi tecr\u00fcbeleri ve g\u00f6zlemlerinin filtresinden ge\u00e7irerek ustal\u0131kla bize sunuyor.   Bu kitapta \u201cumutlu \u015feyler\u201d de var, \u201cg\u00fczel \u015feyler\u201d de. \u201cL\u00fcks \u015feyler\u201d de var, \u201c\u015fans\u0131n matemati\u011fi\u201d de. \u201cNadir \u015feyler\u201d de var, \u201cender t\u00fcyler\u201d de. \u201cDijital \u015feyler\u201d de var, \u201cerkek\u00e7e ve kad\u0131nca \u015feyler\u201d de. Ve hepsi kafa a\u00e7\u0131c\u0131 \u015feyler\u2026 <\/p>\n","protected":false},"excerpt":{"rendered":"<p>\u0130\u00e7inde k\u0131vrand\u0131\u011f\u0131m\u0131z bilin\u00e7 krizi daha \u00e7ok ofis milletini ilgilendiriyor. \u00c7\u0131karlar\u0131n\u0131 en iyi savunaca\u011f\u0131n\u0131 d\u00fc\u015f\u00fcnece\u011finiz, s\u00f6zde bireyselle\u015fmede en \u00f6nde gidenlerimiz, en e\u011fitimli gibi duranlar\u0131m\u0131z, en \u00e7ok e\u011fleniyor<span class=\"excerpt-hellip\"> [\u2026]<\/span><\/p>\n","protected":false},"featured_media":0,"template":"","meta":{"_monsterinsights_skip_tracking":false,"_monsterinsights_sitenote_active":false,"_monsterinsights_sitenote_note":"","_monsterinsights_sitenote_category":0},"product_brand":[],"product_cat":[12777,12291],"product_tag":[],"class_list":{"0":"post-755204","1":"product","2":"type-product","3":"status-publish","5":"product_cat-deneme","6":"product_cat-edebiyat","7":"pa_cilt-ciltsiz","8":"pa_tur-kitap","9":"pa_yayinevi-kara-karga-yayinlari","10":"pa_yazar-aysun-ozer-tacer","12":"first","13":"instock","14":"sale","15":"shipping-taxable","16":"purchasable","17":"product-type-simple"},"_links":{"self":[{"href":"https:\/\/roveyayinevi.com.tr\/index.php\/wp-json\/wp\/v2\/product\/755204","targetHints":{"allow":["GET"]}}],"collection":[{"href":"https:\/\/roveyayinevi.com.tr\/index.php\/wp-json\/wp\/v2\/product"}],"about":[{"href":"https:\/\/roveyayinevi.com.tr\/index.php\/wp-json\/wp\/v2\/types\/product"}],"wp:attachment":[{"href":"https:\/\/roveyayinevi.com.tr\/index.php\/wp-json\/wp\/v2\/media?parent=755204"}],"wp:term":[{"taxonomy":"product_brand","embeddable":true,"href":"https:\/\/roveyayinevi.com.tr\/index.php\/wp-json\/wp\/v2\/product_brand?post=755204"},{"taxonomy":"product_cat","embeddable":true,"href":"https:\/\/roveyayinevi.com.tr\/index.php\/wp-json\/wp\/v2\/product_cat?post=755204"},{"taxonomy":"product_tag","embeddable":true,"href":"https:\/\/roveyayinevi.com.tr\/index.php\/wp-json\/wp\/v2\/product_tag?post=755204"}],"curies":[{"name":"wp","href":"https:\/\/api.w.org\/{rel}","templated":true}]}}