{"id":755202,"date":"2025-08-28T06:33:03","date_gmt":"2025-08-28T03:33:03","guid":{"rendered":"https:\/\/roveyayinevi.com.tr\/index.php\/urun\/ruzgara-karsi-yuruyen-adam-kamer-genc\/"},"modified":"2026-04-16T03:08:23","modified_gmt":"2026-04-16T00:08:23","slug":"ruzgara-karsi-yuruyen-adam-kamer-genc","status":"publish","type":"product","link":"https:\/\/roveyayinevi.com.tr\/index.php\/urun\/ruzgara-karsi-yuruyen-adam-kamer-genc\/","title":{"rendered":"R\u00fczgara Kar\u015f\u0131 Y\u00fcr\u00fcyen Adam Kamer Gen\u00e7"},"content":{"rendered":"<p>\u0130nat\u00e7\u0131yd\u0131, en ba\u015f\u0131ndan hayatla inatla\u015fm\u0131\u015ft\u0131. Yoksullu\u011fa ra\u011fmen ya\u015famak i\u00e7in\u2026 \u00d6fkeliydi, onu ya\u015famak i\u00e7in inat\u00e7\u0131 yapan \u015fartlara\u2026 G\u00f6z\u00fc karayd\u0131, do\u011fru bildi\u011fini yaparken teredd\u00fct etmezdi, \u0130nan\u00e7l\u0131yd\u0131, D\u00fczg\u00fcn Baba\u2019da hay\u0131r duas\u0131n\u0131 yapmadan, yola koyulmazd\u0131, \u0130radeliydi, insan\u0131n kaderini iradesinin tayin etti\u011fine inan\u0131rd\u0131. Azimliydi, bildi\u011fi, olan\u0131 de\u011fi\u015ftirmek i\u00e7in kollar\u0131 s\u0131vamakt\u0131. Vefal\u0131yd\u0131, \u201cbenden sonras\u0131 tufan\u201d dememi\u015f, memleketi i\u00e7in de kollar\u0131 s\u0131vam\u0131\u015ft\u0131. Laik Cumhuriyeti \u201cdinsel vesayet\u201d alt\u0131na alarak d\u00f6n\u00fc\u015ft\u00fcrmeyi planlayanlarla, onu yeti\u015ftiren Cumhuriyet rejimine duydu\u011fu vefa duygusuyla m\u00fccadele etmi\u015fti. Pusulas\u0131 ak\u0131l ve bilimdi. S\u00f6zleri ve kelamlar\u0131n\u0131 kendi istikbali i\u00e7in kullanan siyaset\u00e7ilerden de\u011fildi. Bir ad\u0131m geri atmazd\u0131. Haks\u0131zl\u0131\u011fa, hukuksuzlu\u011fa kar\u015f\u0131 yola koyulan \u00e7ar\u0131kl\u0131 \u00e7ocu\u011fun \u00f6fkesi ile s\u0131kard\u0131 yumru\u011funu ama bilirdi yumru\u011fu de\u011fil, s\u00f6zleri maskeleri d\u00fc\u015f\u00fcr\u00fcrd\u00fc. George Orwell&#8217;in dedi\u011fi gibi \u201cEvrensel yalan \u00e7a\u011f\u0131nda ger\u00e7e\u011fi s\u00f6ylemek devrimci bir eylemdir!\u201d \u00c7\u00fcnk\u00fc en iyi o bilenlerdendi, yoksul halk\u0131n \u00e7ocuklar\u0131n\u0131n kendi akl\u0131n\u0131 kullanabilme cesaretini g\u00f6stermesi i\u00e7in Laik Cumhuriyete ihtiyac\u0131 oldu\u011funu. Cehaletin ce yoksullu\u011fun \u00fczerinden iktidar\u0131n\u0131 y\u00fckseltenlerle amas\u0131z, fakats\u0131z kavgas\u0131 bunun i\u00e7indi. Kamer Gen\u00e7\u2019in \u00f6yk\u00fcs\u00fcn\u00fc okumak, yoksul bir halk \u00e7ocu\u011funun kendini yeti\u015ftirmesine olanak veren Cumhuriyet\u2019e g\u00f6lge d\u00fc\u015f\u00fcrenlerin yalanlar\u0131n\u0131 a\u00e7\u0131\u011fa \u00e7\u0131karma \u00e7abas\u0131na \u015fahitlik etmektir. <\/p>\n","protected":false},"excerpt":{"rendered":"<p>\u0130nat\u00e7\u0131yd\u0131, en ba\u015f\u0131ndan hayatla inatla\u015fm\u0131\u015ft\u0131. Yoksullu\u011fa ra\u011fmen ya\u015famak i\u00e7in\u2026 \u00d6fkeliydi, onu ya\u015famak i\u00e7in inat\u00e7\u0131 yapan \u015fartlara\u2026 G\u00f6z\u00fc karayd\u0131, do\u011fru bildi\u011fini yaparken teredd\u00fct etmezdi, \u0130nan\u00e7l\u0131yd\u0131, D\u00fczg\u00fcn Baba\u2019da<span class=\"excerpt-hellip\"> [\u2026]<\/span><\/p>\n","protected":false},"featured_media":0,"template":"","meta":{"_monsterinsights_skip_tracking":false,"_monsterinsights_sitenote_active":false,"_monsterinsights_sitenote_note":"","_monsterinsights_sitenote_category":0},"product_brand":[],"product_cat":[14009,12291],"product_tag":[],"class_list":{"0":"post-755202","1":"product","2":"type-product","3":"status-publish","5":"product_cat-biyografi-otobiyografi-edebiyat","6":"product_cat-edebiyat","7":"pa_cilt-ciltsiz","8":"pa_tur-kitap","9":"pa_yayinevi-tekin-yayinevi","10":"pa_yazar-tansu-ozcan","12":"first","13":"instock","14":"sale","15":"shipping-taxable","16":"purchasable","17":"product-type-simple"},"_links":{"self":[{"href":"https:\/\/roveyayinevi.com.tr\/index.php\/wp-json\/wp\/v2\/product\/755202","targetHints":{"allow":["GET"]}}],"collection":[{"href":"https:\/\/roveyayinevi.com.tr\/index.php\/wp-json\/wp\/v2\/product"}],"about":[{"href":"https:\/\/roveyayinevi.com.tr\/index.php\/wp-json\/wp\/v2\/types\/product"}],"wp:attachment":[{"href":"https:\/\/roveyayinevi.com.tr\/index.php\/wp-json\/wp\/v2\/media?parent=755202"}],"wp:term":[{"taxonomy":"product_brand","embeddable":true,"href":"https:\/\/roveyayinevi.com.tr\/index.php\/wp-json\/wp\/v2\/product_brand?post=755202"},{"taxonomy":"product_cat","embeddable":true,"href":"https:\/\/roveyayinevi.com.tr\/index.php\/wp-json\/wp\/v2\/product_cat?post=755202"},{"taxonomy":"product_tag","embeddable":true,"href":"https:\/\/roveyayinevi.com.tr\/index.php\/wp-json\/wp\/v2\/product_tag?post=755202"}],"curies":[{"name":"wp","href":"https:\/\/api.w.org\/{rel}","templated":true}]}}