{"id":755201,"date":"2025-08-28T06:33:02","date_gmt":"2025-08-28T03:33:02","guid":{"rendered":"https:\/\/roveyayinevi.com.tr\/index.php\/urun\/entelektueller-ve-aptallar\/"},"modified":"2026-04-16T03:08:23","modified_gmt":"2026-04-16T00:08:23","slug":"entelektueller-ve-aptallar","status":"publish","type":"product","link":"https:\/\/roveyayinevi.com.tr\/index.php\/urun\/entelektueller-ve-aptallar\/","title":{"rendered":"Entelekt\u00fceller ve Aptallar"},"content":{"rendered":"<p>\u201cAptallar etkin bir y\u00f6netim istediklerini s\u00f6ylerler ama her zaman en k\u00f6t\u00fcs\u00fcn\u00fc se\u00e7erler. Aptallar yolsuzlu\u011fu ortadan kald\u0131rmak istediklerini s\u00f6ylerler ama yolsuzluk daha da b\u00fcy\u00fcr. Aptallar yoksullu\u011fu ortadan kald\u0131rmak istediklerini s\u00f6ylerler ama yoksulluk \u00e7ok daha geni\u015f kitlelere yay\u0131l\u0131r. Hele de aptallar \u00fclke planlamas\u0131n\u0131n sinir merkezine n\u00fcfuz etmi\u015flerse art\u0131k geriye aptallar\u0131n devrimine \u015fahitlik etmekten ba\u015fka bir \u015fey kalmaz.\u201dGeli\u015fmekte olan toplumlarda idealler ile ger\u00e7ekler aras\u0131ndaki u\u00e7urum, y\u00f6netimde bir yerlerde bir \u015feylerin yanl\u0131\u015f gitti\u011fini g\u00f6steriyor. S. H. Alatas, kaleme ald\u0131\u011f\u0131 bu k\u00fc\u00e7\u00fck ama \u00e7arp\u0131c\u0131 kitab\u0131nda; kendi \u015fahsi tecr\u00fcbelerinden de yararlanarak y\u00fczy\u0131llard\u0131r a\u011f\u0131r buhranlarla bo\u011fu\u015fan geli\u015fmekte olan toplumlar\u0131n i\u00e7ine d\u00fc\u015ft\u00fckleri fasit daireden nas\u0131l kurtulabileceklerine dair \u00f6nemli de\u011ferlendirmelerde bulunuyor. \u00d6ncelikle entelekt\u00fcel kavram\u0131 ve entelekt\u00fceller grubunun genel i\u015flevini tart\u0131\u015f\u0131yor ve entelekt\u00fcel ruhun bir ulustaki rol\u00fcne odaklan\u0131yor. Ard\u0131ndan entelekt\u00fcelin sosyolojik bir tip olarak z\u0131t kutbundaki \u201captal\u201d\u0131 tart\u0131\u015f\u0131p kavramsalla\u015ft\u0131r\u0131yor ve bu tipin bilhassa toplum \u00fczerindeki y\u0131k\u0131c\u0131 etkisini g\u00f6z \u00f6n\u00fcne seriyor. Bir yandan geli\u015fmekte olan toplumlarda entelekt\u00fcelleri \u00e7evreleyen sorunlar\u0131 ve ko\u015fullar\u0131 ele al\u0131rken di\u011fer yandan da bu toplumlarda entelekt\u00fcellere duyulan ihtiyac\u0131 ve entelekt\u00fcellerin yeteneklerini tart\u0131\u015fmaya a\u00e7\u0131yor. Alatas, bu \u00fclkelerdeki geri kalm\u0131\u015f elitlerin bilhassa bilim ve teknolojik \u00e7al\u0131\u015fmalar\u0131n ilerletilmesi \u00fczerindeki etkilerini olanca \u00e7\u0131plakl\u0131\u011f\u0131yla tasvir ederken dalga dalga ger\u00e7ekle\u015fen beyin g\u00f6\u00e7\u00fc sorununa de\u011finiyor.\u201cAptallar, adaletsizli\u011fe kar\u015f\u0131 diren\u00e7 uyand\u0131ramaz ve yolsuzlu\u011fa kar\u015f\u0131 m\u00fccadele edemezler. Ayr\u0131ca, hi\u00e7bir \u015feyden ilham almad\u0131klar\u0131 gibi hi\u00e7bir \u015feye ilham kayna\u011f\u0131 da olamazlar.\u201d<\/p>\n","protected":false},"excerpt":{"rendered":"<p>\u201cAptallar etkin bir y\u00f6netim istediklerini s\u00f6ylerler ama her zaman en k\u00f6t\u00fcs\u00fcn\u00fc se\u00e7erler. Aptallar yolsuzlu\u011fu ortadan kald\u0131rmak istediklerini s\u00f6ylerler ama yolsuzluk daha da b\u00fcy\u00fcr. Aptallar yoksullu\u011fu ortadan<span class=\"excerpt-hellip\"> [\u2026]<\/span><\/p>\n","protected":false},"featured_media":0,"template":"","meta":{"_monsterinsights_skip_tracking":false,"_monsterinsights_sitenote_active":false,"_monsterinsights_sitenote_note":"","_monsterinsights_sitenote_category":0},"product_brand":[],"product_cat":[13633,12324],"product_tag":[],"class_list":{"0":"post-755201","1":"product","2":"type-product","3":"status-publish","5":"product_cat-kultur-ve-bilim","6":"product_cat-sosyoloji","7":"pa_cilt-ciltsiz","8":"pa_tur-kitap","9":"pa_yayinevi-babil-kitap","10":"pa_yazar-seyid-huseyin-alatas","12":"first","13":"instock","14":"sale","15":"shipping-taxable","16":"purchasable","17":"product-type-simple"},"_links":{"self":[{"href":"https:\/\/roveyayinevi.com.tr\/index.php\/wp-json\/wp\/v2\/product\/755201","targetHints":{"allow":["GET"]}}],"collection":[{"href":"https:\/\/roveyayinevi.com.tr\/index.php\/wp-json\/wp\/v2\/product"}],"about":[{"href":"https:\/\/roveyayinevi.com.tr\/index.php\/wp-json\/wp\/v2\/types\/product"}],"wp:attachment":[{"href":"https:\/\/roveyayinevi.com.tr\/index.php\/wp-json\/wp\/v2\/media?parent=755201"}],"wp:term":[{"taxonomy":"product_brand","embeddable":true,"href":"https:\/\/roveyayinevi.com.tr\/index.php\/wp-json\/wp\/v2\/product_brand?post=755201"},{"taxonomy":"product_cat","embeddable":true,"href":"https:\/\/roveyayinevi.com.tr\/index.php\/wp-json\/wp\/v2\/product_cat?post=755201"},{"taxonomy":"product_tag","embeddable":true,"href":"https:\/\/roveyayinevi.com.tr\/index.php\/wp-json\/wp\/v2\/product_tag?post=755201"}],"curies":[{"name":"wp","href":"https:\/\/api.w.org\/{rel}","templated":true}]}}