{"id":755200,"date":"2025-08-28T06:33:01","date_gmt":"2025-08-28T03:33:01","guid":{"rendered":"https:\/\/roveyayinevi.com.tr\/index.php\/urun\/uzaydan-arkeoloji-gelecegimiz-gecmisimizi-nasil-sekillendiriyor\/"},"modified":"2026-04-16T03:08:23","modified_gmt":"2026-04-16T00:08:23","slug":"uzaydan-arkeoloji-gelecegimiz-gecmisimizi-nasil-sekillendiriyor","status":"publish","type":"product","link":"https:\/\/roveyayinevi.com.tr\/index.php\/urun\/uzaydan-arkeoloji-gelecegimiz-gecmisimizi-nasil-sekillendiriyor\/","title":{"rendered":"Uzaydan Arkeoloji: Gelece\u011fimiz Ge\u00e7mi\u015fimizi Nas\u0131l \u015eekillendiriyor?"},"content":{"rendered":"<p>Amerika Arkeoloji Enstit\u00fcs\u00fc Felicia A. Holton Kitap \u00d6d\u00fcl\u00fc \u2022 Phi Beta Kappa Bilim \u00d6d\u00fcl\u00fc \u2022 Amazon 2019 Y\u0131l\u0131n En \u0130yi Bilim Kitab\u0131 \u2022 Science Friday 2019 Y\u0131l\u0131n En \u0130yi Bilim Kitab\u0131 \u2022 Kirkus Review 2019 Y\u0131l\u0131n En \u0130yi Kurgud\u0131\u015f\u0131 Kitab\u0131 \u2022 Science News 2019 Y\u0131l\u0131n En \u0130yi Kitab\u0131 \u2022 Nature 2019 Y\u0131l\u0131n\u0131n En \u0130yi 10 Kitab\u0131Arkeoloji denince hepimizin akl\u0131nda bir Indiana Jones seti belirir: \u015fapkal\u0131 insanlar, kazmalar, f\u0131r\u00e7alar, \u00e7\u00f6mlekler, fosiller, envai\u00e7e\u015fit kal\u0131nt\u0131lar\u2026 Hepimizin \u00e7ok sevdi\u011fi bu fantastik manzara, asl\u0131nda g\u00fcn\u00fcm\u00fcz arkeolojisinin k\u00fc\u00e7\u00fck bir k\u0131sm\u0131n\u0131 g\u00f6steriyor. Teknolojimiz ve y\u00f6ntemlerimiz geli\u015ftik\u00e7e ge\u00e7mi\u015fimizle kurdu\u011fumuz ili\u015fkiyi de yeniden \u015fekilleniyor. Uzaydan Arkeoloji, bu de\u011fi\u015fimi kavramam\u0131z\u0131 sa\u011flayan \u00f6zg\u00fcn bir \u00e7al\u0131\u015fma. \u00d6d\u00fcll\u00fc arkeolog Sarah Parcak yeni arkeoloji d\u00fcnyas\u0131ndaki rehberimiz oluyor. Parcak\u2019\u0131n ki\u015fisel hik\u00e2yesiyle harmanlad\u0131\u011f\u0131 bu s\u00fcr\u00fckleyici anlat\u0131da uydu arkeolojisinin do\u011fu\u015funa, evrimine ve ba\u015far\u0131lar\u0131na tan\u0131k oluyoruz. \u015eimdiye dek on iki \u00fclkede ve d\u00f6rt k\u0131tada \u00e7al\u0131\u015fan Parcak, y\u00fcksek \u00e7\u00f6z\u00fcn\u00fcrl\u00fckl\u00fc ve geni\u015f spektrumlu g\u00f6rseller kullanarak atalar\u0131m\u0131zla kay\u0131p ba\u011flar\u0131m\u0131z\u0131n izini s\u00fcr\u00fcyor. Kulland\u0131\u011f\u0131 yeni y\u00f6ntemlerle bilinmeyen yerle\u015fimleri, kaybolan yollar\u0131, tarihe kar\u0131\u015fm\u0131\u015f saraylar\u0131, mezarlar\u0131, belki de piramitleri g\u00fcn y\u00fcz\u00fcne \u00e7\u0131kar\u0131yor ve b\u00f6ylece Indina Jones\u2019u g\u00f6ky\u00fcz\u00fcne ta\u015f\u0131yor. <\/p>\n","protected":false},"excerpt":{"rendered":"<p>Amerika Arkeoloji Enstit\u00fcs\u00fc Felicia A. Holton Kitap \u00d6d\u00fcl\u00fc \u2022 Phi Beta Kappa Bilim \u00d6d\u00fcl\u00fc \u2022 Amazon 2019 Y\u0131l\u0131n En \u0130yi Bilim Kitab\u0131 \u2022 Science Friday 2019<span class=\"excerpt-hellip\"> [\u2026]<\/span><\/p>\n","protected":false},"featured_media":0,"template":"","meta":{"_monsterinsights_skip_tracking":false,"_monsterinsights_sitenote_active":false,"_monsterinsights_sitenote_note":"","_monsterinsights_sitenote_category":0},"product_brand":[],"product_cat":[13005,13006],"product_tag":[],"class_list":{"0":"post-755200","1":"product","2":"type-product","3":"status-publish","5":"product_cat-bilim-muhendislik","6":"product_cat-populer-bilim","7":"pa_cilt-ciltsiz","8":"pa_tur-kitap","9":"pa_yayinevi-babil-kitap","10":"pa_yazar-sarah-parcak","12":"first","13":"instock","14":"sale","15":"shipping-taxable","16":"purchasable","17":"product-type-simple"},"_links":{"self":[{"href":"https:\/\/roveyayinevi.com.tr\/index.php\/wp-json\/wp\/v2\/product\/755200","targetHints":{"allow":["GET"]}}],"collection":[{"href":"https:\/\/roveyayinevi.com.tr\/index.php\/wp-json\/wp\/v2\/product"}],"about":[{"href":"https:\/\/roveyayinevi.com.tr\/index.php\/wp-json\/wp\/v2\/types\/product"}],"wp:attachment":[{"href":"https:\/\/roveyayinevi.com.tr\/index.php\/wp-json\/wp\/v2\/media?parent=755200"}],"wp:term":[{"taxonomy":"product_brand","embeddable":true,"href":"https:\/\/roveyayinevi.com.tr\/index.php\/wp-json\/wp\/v2\/product_brand?post=755200"},{"taxonomy":"product_cat","embeddable":true,"href":"https:\/\/roveyayinevi.com.tr\/index.php\/wp-json\/wp\/v2\/product_cat?post=755200"},{"taxonomy":"product_tag","embeddable":true,"href":"https:\/\/roveyayinevi.com.tr\/index.php\/wp-json\/wp\/v2\/product_tag?post=755200"}],"curies":[{"name":"wp","href":"https:\/\/api.w.org\/{rel}","templated":true}]}}