{"id":755198,"date":"2025-08-28T06:32:59","date_gmt":"2025-08-28T03:32:59","guid":{"rendered":"https:\/\/roveyayinevi.com.tr\/index.php\/urun\/levantta-donusum-cagi-modern-suriye-lubnan-filistin-ve-israilin-olusum-surecleri-1840-1948\/"},"modified":"2026-04-16T03:08:23","modified_gmt":"2026-04-16T00:08:23","slug":"levantta-donusum-cagi-modern-suriye-lubnan-filistin-ve-israilin-olusum-surecleri-1840-1948","status":"publish","type":"product","link":"https:\/\/roveyayinevi.com.tr\/index.php\/urun\/levantta-donusum-cagi-modern-suriye-lubnan-filistin-ve-israilin-olusum-surecleri-1840-1948\/","title":{"rendered":"Levant\u2019ta D\u00f6n\u00fc\u015f\u00fcm \u00c7a\u011f\u0131 \u2013 Modern Suriye, L\u00fcbnan, Filistin ve \u0130srail\u2019in Olu\u015fum S\u00fcre\u00e7leri (1840-1948)"},"content":{"rendered":"<p>Ortado\u011fu tarihiyle ge\u00e7 Osmanl\u0131 siyasi ve d\u00fc\u015f\u00fcnsel tarihinin b\u00fcy\u00fck oranda kesi\u015fmesine ra\u011fmen bu konuda T\u00fcrkiye\u2019de ve T\u00fcrk\u00e7e yaz\u0131lm\u0131\u015f \u00e7al\u0131\u015fmalar olduk\u00e7a az ve s\u0131n\u0131rl\u0131d\u0131r. Selim Sezer&#8217;in modern Suriye, L\u00fcbnan, Filistin ve \u0130srail\u2019in olu\u015fum s\u00fcre\u00e7lerini ele ald\u0131\u011f\u0131 Levant&#8217;ta D\u00f6n\u00fc\u015f\u00fcm \u00c7a\u011f\u0131, T\u00fcrk\u00e7e literat\u00fcrdeki bu bo\u015flu\u011fu doldurmay\u0131 hedefliyor. Cebel-i L\u00fcbnan&#8217;da mutasarr\u0131fl\u0131k rejiminin kurulu\u015funu ba\u015flang\u0131\u00e7 kabul eden bu \u00e7al\u0131\u015fmada daha sonra s\u0131ras\u0131yla Levant b\u00f6lgesindeki d\u00fc\u015f\u00fcnce hareketleri, ge\u00e7 Osmanl\u0131 d\u00f6neminde b\u00f6lgenin siyasal panoramas\u0131, Birinci D\u00fcnya Sava\u015f\u0131 ve Levant&#8217;taki k\u0131r\u0131lma d\u00f6nemi, manda y\u00f6netimleri, Filistin&#8217;in idaresi ve son olarak \u0130srail&#8217;in kurulu\u015fu ele al\u0131n\u0131yor. Ba\u015fta gen\u00e7 akademisyenler, akademisyen adaylar\u0131 ve \u00f6\u011frenciler olmak \u00fczere Ortado\u011fu\u2019ya ilgi duyan ve b\u00f6lgenin dinamiklerini anlamaya \u00e7al\u0131\u015fan herkese hitap eden bu eser yaln\u0131zca bir tarih anlat\u0131s\u0131 sunmakla kalm\u0131yor, ayn\u0131 zamanda b\u00f6lgenin ge\u00e7mi\u015finden hareketle bug\u00fcn\u00fcn\u00fc daha anla\u015f\u0131l\u0131r k\u0131l\u0131yor.<\/p>\n","protected":false},"excerpt":{"rendered":"<p>Ortado\u011fu tarihiyle ge\u00e7 Osmanl\u0131 siyasi ve d\u00fc\u015f\u00fcnsel tarihinin b\u00fcy\u00fck oranda kesi\u015fmesine ra\u011fmen bu konuda T\u00fcrkiye\u2019de ve T\u00fcrk\u00e7e yaz\u0131lm\u0131\u015f \u00e7al\u0131\u015fmalar olduk\u00e7a az ve s\u0131n\u0131rl\u0131d\u0131r. Selim Sezer&#8217;in modern<span class=\"excerpt-hellip\"> [\u2026]<\/span><\/p>\n","protected":false},"featured_media":0,"template":"","meta":{"_monsterinsights_skip_tracking":false,"_monsterinsights_sitenote_active":false,"_monsterinsights_sitenote_note":"","_monsterinsights_sitenote_category":0},"product_brand":[],"product_cat":[12370,12304],"product_tag":[],"class_list":{"0":"post-755198","1":"product","2":"type-product","3":"status-publish","5":"product_cat-arastirma-inceleme","6":"product_cat-tarih","7":"pa_cilt-ciltsiz","8":"pa_tur-kitap","9":"pa_yayinevi-babil-kitap","10":"pa_yazar-selim-sezer","12":"first","13":"instock","14":"sale","15":"shipping-taxable","16":"purchasable","17":"product-type-simple"},"_links":{"self":[{"href":"https:\/\/roveyayinevi.com.tr\/index.php\/wp-json\/wp\/v2\/product\/755198","targetHints":{"allow":["GET"]}}],"collection":[{"href":"https:\/\/roveyayinevi.com.tr\/index.php\/wp-json\/wp\/v2\/product"}],"about":[{"href":"https:\/\/roveyayinevi.com.tr\/index.php\/wp-json\/wp\/v2\/types\/product"}],"wp:attachment":[{"href":"https:\/\/roveyayinevi.com.tr\/index.php\/wp-json\/wp\/v2\/media?parent=755198"}],"wp:term":[{"taxonomy":"product_brand","embeddable":true,"href":"https:\/\/roveyayinevi.com.tr\/index.php\/wp-json\/wp\/v2\/product_brand?post=755198"},{"taxonomy":"product_cat","embeddable":true,"href":"https:\/\/roveyayinevi.com.tr\/index.php\/wp-json\/wp\/v2\/product_cat?post=755198"},{"taxonomy":"product_tag","embeddable":true,"href":"https:\/\/roveyayinevi.com.tr\/index.php\/wp-json\/wp\/v2\/product_tag?post=755198"}],"curies":[{"name":"wp","href":"https:\/\/api.w.org\/{rel}","templated":true}]}}