{"id":755197,"date":"2025-08-28T06:32:57","date_gmt":"2025-08-28T03:32:57","guid":{"rendered":"https:\/\/roveyayinevi.com.tr\/index.php\/urun\/mucizeler-diyari-atesboceklerine-balina-kopekbaliklarina-ve-baska-sahanelere-ovgu\/"},"modified":"2026-04-16T03:08:23","modified_gmt":"2026-04-16T00:08:23","slug":"mucizeler-diyari-atesboceklerine-balina-kopekbaliklarina-ve-baska-sahanelere-ovgu","status":"publish","type":"product","link":"https:\/\/roveyayinevi.com.tr\/index.php\/urun\/mucizeler-diyari-atesboceklerine-balina-kopekbaliklarina-ve-baska-sahanelere-ovgu\/","title":{"rendered":"Mucizeler Diyar\u0131: Ate\u015fb\u00f6ceklerine, Balina K\u00f6pekbal\u0131klar\u0131na ve Ba\u015fka \u015eahanelere \u00d6vg\u00fc"},"content":{"rendered":"<p>\u00d6d\u00fcll\u00fc \u015fair Aimee Nezhukumatathil\u2019in Mucizeler Diyar\u0131, do\u011fan\u0131n mucizelerinden nas\u0131l ilham alaca\u011f\u0131m\u0131z\u0131, destek bulaca\u011f\u0131m\u0131z\u0131 ve yeni \u015feyler \u00f6\u011frenece\u011fimizi g\u00f6steren yeni zihinsel patikalar a\u00e7\u0131yor. Bizi yal\u00e7\u0131n co\u011frafyalar\u0131n sert havas\u0131ndan liman kentlerinin mutedil iklimlerine uzanan bir do\u011fa yolculu\u011funa \u00e7\u0131kar\u0131yor. Bu yolculukta bize rehberlik eden birbirinden ilgin\u00e7 canl\u0131lar, d\u00fcnyaya yepyeni pencerelerden bakmam\u0131z\u0131 sa\u011fl\u0131yor. S\u00f6zgelimi tavusku\u015flar\u0131ndan ya\u015fam\u0131m\u0131z boyunca ka\u00e7\u0131p geri gelece\u011fimiz evi, aksolotlarlardan zorluklar kar\u015f\u0131s\u0131nda g\u00fcl\u00fcmsemeyi, k\u00fcst\u00fcmotlar\u0131ndan istenmeyen tavsiyelerden s\u0131yr\u0131lmay\u0131, denizgergedanlar\u0131ndan ise hi\u00e7 de dost canl\u0131s\u0131 olmayan \u00e7evrelerde hayatta kalmay\u0131 \u00f6\u011freniyoruz. Nezhukumatathil, en sevimsiz ve tuhaf yerlerde bile yak\u0131nl\u0131k ve g\u00fczelli\u011fe ula\u015fman\u0131n \u015fairane bir yolunu buluyor. E\u011fer yeterince merakl\u0131 olursak, en \u00e7etin \u015fartlarda dahi d\u00fcnyan\u0131n mucizelerinin tad\u0131n\u0131 \u00e7\u0131karabilece\u011fimizi g\u00f6steriyor. Fumi Nakamura\u2019n\u0131n muhte\u015fem \u00e7izimlerinin e\u015flik etti\u011fi Mucizeler Diyar\u0131, ayn\u0131 zamanda g\u00f6rsel bir \u015f\u00f6len. Bu s\u0131cak, \u015fiirsel ve g\u00f6rkemli kitap, i\u00e7inizi do\u011fa sevgisi ve ya\u015fama sevinciyle dolduracak.<\/p>\n","protected":false},"excerpt":{"rendered":"<p>\u00d6d\u00fcll\u00fc \u015fair Aimee Nezhukumatathil\u2019in Mucizeler Diyar\u0131, do\u011fan\u0131n mucizelerinden nas\u0131l ilham alaca\u011f\u0131m\u0131z\u0131, destek bulaca\u011f\u0131m\u0131z\u0131 ve yeni \u015feyler \u00f6\u011frenece\u011fimizi g\u00f6steren yeni zihinsel patikalar a\u00e7\u0131yor. Bizi yal\u00e7\u0131n co\u011frafyalar\u0131n sert<span class=\"excerpt-hellip\"> [\u2026]<\/span><\/p>\n","protected":false},"featured_media":0,"template":"","meta":{"_monsterinsights_skip_tracking":false,"_monsterinsights_sitenote_active":false,"_monsterinsights_sitenote_note":"","_monsterinsights_sitenote_category":0},"product_brand":[],"product_cat":[12777,12291],"product_tag":[],"class_list":{"0":"post-755197","1":"product","2":"type-product","3":"status-publish","5":"product_cat-deneme","6":"product_cat-edebiyat","7":"pa_cilt-ciltsiz","8":"pa_tur-kitap","9":"pa_yayinevi-babil-kitap","10":"pa_yazar-aimee-nezhukumatathil","12":"first","13":"instock","14":"sale","15":"shipping-taxable","16":"purchasable","17":"product-type-simple"},"_links":{"self":[{"href":"https:\/\/roveyayinevi.com.tr\/index.php\/wp-json\/wp\/v2\/product\/755197","targetHints":{"allow":["GET"]}}],"collection":[{"href":"https:\/\/roveyayinevi.com.tr\/index.php\/wp-json\/wp\/v2\/product"}],"about":[{"href":"https:\/\/roveyayinevi.com.tr\/index.php\/wp-json\/wp\/v2\/types\/product"}],"wp:attachment":[{"href":"https:\/\/roveyayinevi.com.tr\/index.php\/wp-json\/wp\/v2\/media?parent=755197"}],"wp:term":[{"taxonomy":"product_brand","embeddable":true,"href":"https:\/\/roveyayinevi.com.tr\/index.php\/wp-json\/wp\/v2\/product_brand?post=755197"},{"taxonomy":"product_cat","embeddable":true,"href":"https:\/\/roveyayinevi.com.tr\/index.php\/wp-json\/wp\/v2\/product_cat?post=755197"},{"taxonomy":"product_tag","embeddable":true,"href":"https:\/\/roveyayinevi.com.tr\/index.php\/wp-json\/wp\/v2\/product_tag?post=755197"}],"curies":[{"name":"wp","href":"https:\/\/api.w.org\/{rel}","templated":true}]}}