{"id":755194,"date":"2025-08-28T06:32:53","date_gmt":"2025-08-28T03:32:53","guid":{"rendered":"https:\/\/roveyayinevi.com.tr\/index.php\/urun\/alyonuskanin-masallari\/"},"modified":"2026-04-16T03:08:23","modified_gmt":"2026-04-16T00:08:23","slug":"alyonuskanin-masallari","status":"publish","type":"product","link":"https:\/\/roveyayinevi.com.tr\/index.php\/urun\/alyonuskanin-masallari\/","title":{"rendered":"Alyonu\u015fka\u2019n\u0131n Masallar\u0131"},"content":{"rendered":"<p>Daha \u00e7ocuklu\u011funda yazar olmay\u0131 kafas\u0131na koyan D. N. Mamin-Sibiryak, gerek yazd\u0131\u011f\u0131 gerekse derledi\u011fi masallarla Rus edebiyat\u0131nda m\u00fcstesna bir yere sahip. Kendi k\u0131z\u0131 Alyonu\u015fka\u2019y\u0131 ya\u015fama haz\u0131rlamak, daha da \u00f6nemlisi ona ya\u015fam\u0131 sevdirmek isteyen bir baban\u0131n masallar\u0131 olan Alyonu\u015fka\u2019n\u0131n Masallar\u0131 \u00f6zellikle iyimserlikle ve iyili\u011fe bu\u0308yu\u0308k inan\u00e7la dolu. Yazar, bu masallarda do\u011frudan \u00f6\u011fu\u0308t verme yakla\u015f\u0131m\u0131 yerine kendili\u011finden beliren \u00e7\u0131kar\u0131mlarla ya\u015fam\u0131n i\u00e7inden dersler al\u0131nmas\u0131 y\u00f6ntemini kullan\u0131yor. Elinizde tuttu\u011funuz bu masallar, ya\u015fam\u0131 k\u00f6tu\u0308 ve olumsuz yanlar\u0131na kar\u015f\u0131n sevmeyi, iyili\u011fe ve daha iyi bir ya\u015fama inanmay\u0131 elden hi\u00e7 b\u0131rakmamay\u0131 \u00f6\u011fretiyor. Ertu\u011frul Bostanc\u0131 ve M. \u00d6zlem Parer\u2019in Rus\u00e7a asl\u0131ndan \u00e7evirdikleri kitapta, birbirindeng\u00fczel on masal bulunuyor: \u201cUzun Kulakl\u0131, \u015ea\u015f\u0131 G\u00f6zlu\u0308, K\u0131sa Kuyruklu Cesur Tav\u015fan\u201d, \u201cKu\u0308\u00e7u\u0308k B\u00f6cek\u201d, \u201cUzun Burun Sivrisineko\u011flu Sivrisinek ve K\u0131sa Kuyruk Tu\u0308ylu\u0308 Ay\u0131 Mi\u015fa\u201d, \u201cVanka\u2019n\u0131n Do\u011fum Gu\u0308nu\u0308\u201d, \u201cSer\u00e7eo\u011flu Ser\u00e7e, Levreko\u011flu Levrek ve Baca Temizleyicisi Ya\u015fa\u201d, \u201cSon Karasinek Nas\u0131l Ya\u015fad\u0131\u201d, \u201cKara Ba\u015fl\u0131 Kara Karga ve Sar\u0131 Kanarya\u201d, \u201cHerkesten Daha Ak\u0131ll\u0131\u201d, \u201cSu\u0308t, Yulaf Lapas\u0131 ve Gri Kedi Murka\u201d ve \u201cUyku Zaman\u0131\u201d.<\/p>\n","protected":false},"excerpt":{"rendered":"<p>Daha \u00e7ocuklu\u011funda yazar olmay\u0131 kafas\u0131na koyan D. N. Mamin-Sibiryak, gerek yazd\u0131\u011f\u0131 gerekse derledi\u011fi masallarla Rus edebiyat\u0131nda m\u00fcstesna bir yere sahip. Kendi k\u0131z\u0131 Alyonu\u015fka\u2019y\u0131 ya\u015fama haz\u0131rlamak, daha<span class=\"excerpt-hellip\"> [\u2026]<\/span><\/p>\n","protected":false},"featured_media":0,"template":"","meta":{"_monsterinsights_skip_tracking":false,"_monsterinsights_sitenote_active":false,"_monsterinsights_sitenote_note":"","_monsterinsights_sitenote_category":0},"product_brand":[],"product_cat":[12274,12523],"product_tag":[],"class_list":{"0":"post-755194","1":"product","2":"type-product","3":"status-publish","5":"product_cat-cocuk-ve-genclik-kitaplari","6":"product_cat-masallar","7":"pa_cilt-ciltsiz","8":"pa_tur-kitap","9":"pa_yayinevi-babil-kitap","10":"pa_yazar-d-n-mamin-sibiryak","12":"first","13":"instock","14":"sale","15":"shipping-taxable","16":"purchasable","17":"product-type-simple"},"_links":{"self":[{"href":"https:\/\/roveyayinevi.com.tr\/index.php\/wp-json\/wp\/v2\/product\/755194","targetHints":{"allow":["GET"]}}],"collection":[{"href":"https:\/\/roveyayinevi.com.tr\/index.php\/wp-json\/wp\/v2\/product"}],"about":[{"href":"https:\/\/roveyayinevi.com.tr\/index.php\/wp-json\/wp\/v2\/types\/product"}],"wp:attachment":[{"href":"https:\/\/roveyayinevi.com.tr\/index.php\/wp-json\/wp\/v2\/media?parent=755194"}],"wp:term":[{"taxonomy":"product_brand","embeddable":true,"href":"https:\/\/roveyayinevi.com.tr\/index.php\/wp-json\/wp\/v2\/product_brand?post=755194"},{"taxonomy":"product_cat","embeddable":true,"href":"https:\/\/roveyayinevi.com.tr\/index.php\/wp-json\/wp\/v2\/product_cat?post=755194"},{"taxonomy":"product_tag","embeddable":true,"href":"https:\/\/roveyayinevi.com.tr\/index.php\/wp-json\/wp\/v2\/product_tag?post=755194"}],"curies":[{"name":"wp","href":"https:\/\/api.w.org\/{rel}","templated":true}]}}