{"id":755193,"date":"2025-08-28T06:32:52","date_gmt":"2025-08-28T03:32:52","guid":{"rendered":"https:\/\/roveyayinevi.com.tr\/index.php\/urun\/akilli-neandertal-kus-avciligi-magara-sanati-ve-bilissel-devrim\/"},"modified":"2026-04-16T03:08:23","modified_gmt":"2026-04-16T00:08:23","slug":"akilli-neandertal-kus-avciligi-magara-sanati-ve-bilissel-devrim","status":"publish","type":"product","link":"https:\/\/roveyayinevi.com.tr\/index.php\/urun\/akilli-neandertal-kus-avciligi-magara-sanati-ve-bilissel-devrim\/","title":{"rendered":"Ak\u0131ll\u0131 Neandertal \u2013 Ku\u015f Avc\u0131l\u0131\u011f\u0131, Ma\u011fara Sanat\u0131 ve Bili\u015fsel Devrim"},"content":{"rendered":"<p>Modern insan\u0131 di\u011fer primatlardan ay\u0131ran, onlara \u00fcst\u00fcn k\u0131lan nedir? 1980\u2019lerden bu yana h\u00e2kim g\u00f6r\u00fc\u015f, M\u00d6 50.000 civar\u0131nda ya\u015fanan bir \u201cbili\u015fsel devrim\u201din bu ilerlemeye yol a\u00e7t\u0131\u011f\u0131n\u0131 ve Homo sapiens\u2019in d\u00fcnyan\u0131n efendisi olup di\u011fer insan t\u00fcrlerini yery\u00fcz\u00fcnden sildi\u011fini \u00f6ne s\u00fcr\u00fcyor. Clive Finlayson ise g\u00fcncel genetik verilere dayanarak bamba\u015fka bir hik\u00e2yenin m\u00fcmk\u00fcn oldu\u011funu savunuyor. Modern insanlar ve Neandertaller aras\u0131nda san\u0131landan \u00e7ok daha fazla etkile\u015fim ya\u015fand\u0131\u011f\u0131n\u0131, Afrikal\u0131 olmayan t\u00fcm insanlar\u0131n bir miktar Neandertal geni ta\u015f\u0131d\u0131\u011f\u0131n\u0131 art\u0131k biliyoruz. \u00dcstelik Neandertal davran\u0131\u015flar\u0131n\u0131 inceledi\u011fimizde san\u0131lan\u0131n aksine bili\u015fsel a\u00e7\u0131dan modern insan\u0131n gerisinde olmad\u0131klar\u0131n\u0131, hatta kendi sanat ve rit\u00fcellerinin oldu\u011funu g\u00f6r\u00fcyoruz. Neandertal davran\u0131\u015flar\u0131nda uzmanla\u015fan Finlayson ve ekibi, bize Neandertallerin ku\u015f yakalama stratejilerini g\u00f6steren kan\u0131tlar sunuyor ve bu ku\u015flar\u0131n sadece besin ama\u00e7l\u0131 avlanmad\u0131klar\u0131n\u0131, t\u00fcylerinin de sembolik ama\u00e7larla kullan\u0131ld\u0131\u011f\u0131n\u0131 g\u00f6steriyor. Cebelitar\u0131k kaz\u0131lar\u0131yla elde edilen sanatsal \u00f6rnekleri de Neandertal zek\u00e2s\u0131n\u0131n bir g\u00f6stergesi olarak takdim ediyor. Asla san\u0131ld\u0131\u011f\u0131 t\u00fcrden bir Homo sapiens devrimi ya\u015fanmad\u0131\u011f\u0131n\u0131, modern insan davran\u0131\u015f\u0131n\u0131n asl\u0131nda Neandertal ve modern insan topluluklar\u0131n\u0131n etkile\u015fimiyle ortaya \u00e7\u0131kt\u0131\u011f\u0131n\u0131 savunan Finlayson, kimi davran\u0131\u015flar\u0131m\u0131z\u0131n tamamen Neandertal k\u00f6kenli olabilece\u011fini ileri s\u00fcr\u00fcyor. B\u00f6ylece insan\u0131n k\u00f6kenine dair klasik anlat\u0131y\u0131 tersy\u00fcz ediyor ve bize yeni sorular sormam\u0131z i\u00e7in bir kap\u0131 aral\u0131yor.<\/p>\n","protected":false},"excerpt":{"rendered":"<p>Modern insan\u0131 di\u011fer primatlardan ay\u0131ran, onlara \u00fcst\u00fcn k\u0131lan nedir? 1980\u2019lerden bu yana h\u00e2kim g\u00f6r\u00fc\u015f, M\u00d6 50.000 civar\u0131nda ya\u015fanan bir \u201cbili\u015fsel devrim\u201din bu ilerlemeye yol a\u00e7t\u0131\u011f\u0131n\u0131 ve<span class=\"excerpt-hellip\"> [\u2026]<\/span><\/p>\n","protected":false},"featured_media":0,"template":"","meta":{"_monsterinsights_skip_tracking":false,"_monsterinsights_sitenote_active":false,"_monsterinsights_sitenote_note":"","_monsterinsights_sitenote_category":0},"product_brand":[],"product_cat":[20351,12388],"product_tag":[],"class_list":{"0":"post-755193","1":"product","2":"type-product","3":"status-publish","5":"product_cat-dusunce","6":"product_cat-felsefe","7":"pa_cilt-ciltsiz","8":"pa_tur-kitap","9":"pa_yayinevi-babil-kitap","10":"pa_yazar-clive-finlayson","12":"first","13":"instock","14":"sale","15":"shipping-taxable","16":"purchasable","17":"product-type-simple"},"_links":{"self":[{"href":"https:\/\/roveyayinevi.com.tr\/index.php\/wp-json\/wp\/v2\/product\/755193","targetHints":{"allow":["GET"]}}],"collection":[{"href":"https:\/\/roveyayinevi.com.tr\/index.php\/wp-json\/wp\/v2\/product"}],"about":[{"href":"https:\/\/roveyayinevi.com.tr\/index.php\/wp-json\/wp\/v2\/types\/product"}],"wp:attachment":[{"href":"https:\/\/roveyayinevi.com.tr\/index.php\/wp-json\/wp\/v2\/media?parent=755193"}],"wp:term":[{"taxonomy":"product_brand","embeddable":true,"href":"https:\/\/roveyayinevi.com.tr\/index.php\/wp-json\/wp\/v2\/product_brand?post=755193"},{"taxonomy":"product_cat","embeddable":true,"href":"https:\/\/roveyayinevi.com.tr\/index.php\/wp-json\/wp\/v2\/product_cat?post=755193"},{"taxonomy":"product_tag","embeddable":true,"href":"https:\/\/roveyayinevi.com.tr\/index.php\/wp-json\/wp\/v2\/product_tag?post=755193"}],"curies":[{"name":"wp","href":"https:\/\/api.w.org\/{rel}","templated":true}]}}