{"id":755190,"date":"2025-08-28T06:32:49","date_gmt":"2025-08-28T03:32:49","guid":{"rendered":"https:\/\/roveyayinevi.com.tr\/index.php\/urun\/hakikat-krizinde-entelektuel-ve-oteki-vives-goethe\/"},"modified":"2026-04-16T03:08:23","modified_gmt":"2026-04-16T00:08:23","slug":"hakikat-krizinde-entelektuel-ve-oteki-vives-goethe","status":"publish","type":"product","link":"https:\/\/roveyayinevi.com.tr\/index.php\/urun\/hakikat-krizinde-entelektuel-ve-oteki-vives-goethe\/","title":{"rendered":"Hakikat Krizinde Entelekt\u00fcel ve \u00d6teki: Vives-Goethe"},"content":{"rendered":"<p>\u201cBariz olan \u015fu ki, ortal\u0131kta dolanan entelekt\u00fcellerin \u00e7o\u011funlu\u011fu entelekt\u00fcel de\u011fildir; \u00f6yleymi\u015f gibi yaparak ya\u015farlar ve kimi zaman bunu usul\u00fcne uygun yaparlar; haysiyetle ve az\u0131msanmayacak bir faydayla toplumsal olarak ba\u011fl\u0131l\u0131k g\u00f6sterdikleri meslekte, \u2018i\u015fgal etti\u011fi sorumluluk\u2019ta hizmetlerini sunarlar. Dilimizdeki bu ifade isabetlidir. Sorumlulu\u011fun insani fakat i\u00e7i oyuk \u2013tam da faal bir insanl\u0131ktan yana i\u00e7i bo\u015f\u2013 bir form oldu\u011funu bize if\u015fa eder. Bu oyu\u011fun, kimi zaman i\u015fe yaram\u0131\u015f, \u00e7o\u011fu zamansa faydas\u0131z biri taraf\u0131ndan doldurulmas\u0131 yahut i\u015fgal edilmesi gerekir. Fark etmez! Sorumlulu\u011fun asgari ifas\u0131 yahut s\u0131rf yerinin dolu tutulmas\u0131 toplumu memnun eder.\u201d Ge\u00e7ti\u011fimiz y\u00fczy\u0131l\u0131n en b\u00fcy\u00fck d\u00fc\u015f\u00fcn\u00fcrlerinden Jos\u00e9 Ortega y Gasset, bu kitapta derlenen yaz\u0131lar\u0131nda entelekt\u00fcelin rol\u00fcn\u00fc, toplum i\u00e7indeki konumunu ve hakikatle ili\u015fkisini ele al\u0131yor. Eser boyunca y\u00fcr\u00fct\u00fclen derinlikli tart\u0131\u015fmada meseleyi kavramak \u00fczere iki \u00f6zg\u00fcn entelekt\u00fcel isme odaklan\u0131yor: bunlardan ilki, \u00e7a\u011f\u0131n\u0131 de\u011fi\u015ftiren radikal fikirler \u00f6ne s\u00fcrmeyen, bir \u201cd\u00e2hi\u201d olmayan, an\u0131tsal maceralar ya\u015famayan ve buna ra\u011fmen b\u00fcy\u00fck bir d\u00fc\u015f\u00fcn\u00fcr olmay\u0131 ba\u015faran Juan Luis Vives; di\u011feri ise \u00e7al\u0131\u015fmalar\u0131yla bizi afallatan, hen\u00fcz k\u0131rk\u0131na varmadan d\u00e2hice eserler ortaya koyan, karakteriyle hayranl\u0131k uyand\u0131ran Johann Wolfgang von Goethe. Birbirinden bu denli farkl\u0131 iki insan\u0131n b\u00fcy\u00fck birer entelekt\u00fcel olmas\u0131n\u0131 m\u00fcmk\u00fcn k\u0131lan neydi? Toplumsal birikimle entelekt\u00fcel s\u0131\u00e7rama aras\u0131ndaki ili\u015fkiyi nas\u0131l anlayabiliriz? Gasset a\u015fina oldu\u011fumuz incelikli ve iddial\u0131 \u00fcslubuyla bu sorulara yan\u0131t ararken, yepyeni sorulara da kap\u0131 aral\u0131yor.<\/p>\n","protected":false},"excerpt":{"rendered":"<p>\u201cBariz olan \u015fu ki, ortal\u0131kta dolanan entelekt\u00fcellerin \u00e7o\u011funlu\u011fu entelekt\u00fcel de\u011fildir; \u00f6yleymi\u015f gibi yaparak ya\u015farlar ve kimi zaman bunu usul\u00fcne uygun yaparlar; haysiyetle ve az\u0131msanmayacak bir faydayla<span class=\"excerpt-hellip\"> [\u2026]<\/span><\/p>\n","protected":false},"featured_media":0,"template":"","meta":{"_monsterinsights_skip_tracking":false,"_monsterinsights_sitenote_active":false,"_monsterinsights_sitenote_note":"","_monsterinsights_sitenote_category":0},"product_brand":[],"product_cat":[12389,12388],"product_tag":[],"class_list":{"0":"post-755190","1":"product","2":"type-product","3":"status-publish","5":"product_cat-diger-felsefe","6":"product_cat-felsefe","7":"pa_cilt-ciltsiz","8":"pa_tur-kitap","9":"pa_yayinevi-babil-kitap","10":"pa_yazar-jose-ortega-y-gasset","12":"first","13":"instock","14":"sale","15":"shipping-taxable","16":"purchasable","17":"product-type-simple"},"_links":{"self":[{"href":"https:\/\/roveyayinevi.com.tr\/index.php\/wp-json\/wp\/v2\/product\/755190","targetHints":{"allow":["GET"]}}],"collection":[{"href":"https:\/\/roveyayinevi.com.tr\/index.php\/wp-json\/wp\/v2\/product"}],"about":[{"href":"https:\/\/roveyayinevi.com.tr\/index.php\/wp-json\/wp\/v2\/types\/product"}],"wp:attachment":[{"href":"https:\/\/roveyayinevi.com.tr\/index.php\/wp-json\/wp\/v2\/media?parent=755190"}],"wp:term":[{"taxonomy":"product_brand","embeddable":true,"href":"https:\/\/roveyayinevi.com.tr\/index.php\/wp-json\/wp\/v2\/product_brand?post=755190"},{"taxonomy":"product_cat","embeddable":true,"href":"https:\/\/roveyayinevi.com.tr\/index.php\/wp-json\/wp\/v2\/product_cat?post=755190"},{"taxonomy":"product_tag","embeddable":true,"href":"https:\/\/roveyayinevi.com.tr\/index.php\/wp-json\/wp\/v2\/product_tag?post=755190"}],"curies":[{"name":"wp","href":"https:\/\/api.w.org\/{rel}","templated":true}]}}