{"id":755189,"date":"2025-08-28T06:32:47","date_gmt":"2025-08-28T03:32:47","guid":{"rendered":"https:\/\/roveyayinevi.com.tr\/index.php\/urun\/yayilmis-zihin-deneyim-ve-dunya-ozdesligi\/"},"modified":"2026-04-16T03:08:23","modified_gmt":"2026-04-16T00:08:23","slug":"yayilmis-zihin-deneyim-ve-dunya-ozdesligi","status":"publish","type":"product","link":"https:\/\/roveyayinevi.com.tr\/index.php\/urun\/yayilmis-zihin-deneyim-ve-dunya-ozdesligi\/","title":{"rendered":"Yay\u0131lm\u0131\u015f Zihin \u2013 Deneyim ve D\u00fcnya \u00d6zde\u015fli\u011fi"},"content":{"rendered":"<p>Bilin\u00e7 nedir? Deneyimimiz ve ger\u00e7eklik ayn\u0131 \u015fey midir? D\u0131\u015f d\u00fcnyay\u0131 nas\u0131l alg\u0131l\u0131yoruz? Beynimiz tam olarak ne i\u015fe yar\u0131yor? Duyular\u0131m\u0131za g\u00fcvenebilir miyiz? Ya\u015fad\u0131\u011f\u0131m\u0131z ger\u00e7eklikten emin olabilir miyiz? K\u0131rm\u0131z\u0131 bir elma, sadece k\u0131rm\u0131z\u0131 bir elma m\u0131d\u0131r? Daha da \u00f6nemlisi, ger\u00e7ekten k\u0131rm\u0131z\u0131 bir elma m\u0131d\u0131r? \u0130talyan filozof Riccardo Manzotti, Yay\u0131lm\u0131\u015f Zihin\u2019de tam olarak bu sorulara, yani \u201czor problem\u201de odaklan\u0131yor. Bedenimizdeki \u00f6znel deneyimlere dair inanc\u0131 sorguluyor ve bilincin de t\u0131pk\u0131 di\u011fer ger\u00e7ek fenomenler gibi fiziksel oldu\u011funu \u00f6ne s\u00fcr\u00fcyor. Basmakal\u0131p kavray\u0131\u015flar\u0131n d\u0131\u015f\u0131na \u00e7\u0131kan yazar, olduk\u00e7a radikal, yeni bir bilin\u00e7 kuram\u0131 ortaya koyuyor: Bilin\u00e7le \u00e7evremizdeki fiziksel d\u00fcnyan\u0131n bir, hatta ayn\u0131 oldu\u011funu iddia ediyor. Hal\u00fcsinasyon, ill\u00fczyonlar, r\u00fcyalar, d\u00fc\u015fsel nesneler, renkler gibi kritik fenomenleri tek tek ele alarak tezini in\u015fa ediyor. Bilincin ve deneyimin kafam\u0131z\u0131n \u201ci\u00e7indeki bir film\u201d de\u011fil, ya\u015fad\u0131\u011f\u0131m\u0131z d\u00fcnyan\u0131n bizzat kendisi oldu\u011funu savunuyor. 21. y\u00fczy\u0131lda bilin\u00e7 konusunda yaz\u0131lm\u0131\u015f en k\u0131\u015fk\u0131rt\u0131c\u0131 metinlerden biri olan Yay\u0131lm\u0131\u015f Zihin, d\u00fcnyayla ve kendimizle ili\u015fkimizi g\u00f6zden ge\u00e7irmemiz i\u00e7in bize yeni bir f\u0131rsat sunuyor.<\/p>\n","protected":false},"excerpt":{"rendered":"<p>Bilin\u00e7 nedir? Deneyimimiz ve ger\u00e7eklik ayn\u0131 \u015fey midir? D\u0131\u015f d\u00fcnyay\u0131 nas\u0131l alg\u0131l\u0131yoruz? Beynimiz tam olarak ne i\u015fe yar\u0131yor? Duyular\u0131m\u0131za g\u00fcvenebilir miyiz? Ya\u015fad\u0131\u011f\u0131m\u0131z ger\u00e7eklikten emin olabilir miyiz?<span class=\"excerpt-hellip\"> [\u2026]<\/span><\/p>\n","protected":false},"featured_media":0,"template":"","meta":{"_monsterinsights_skip_tracking":false,"_monsterinsights_sitenote_active":false,"_monsterinsights_sitenote_note":"","_monsterinsights_sitenote_category":0},"product_brand":[],"product_cat":[12364,12376],"product_tag":[],"class_list":{"0":"post-755189","1":"product","2":"type-product","3":"status-publish","5":"product_cat-genel-konular","6":"product_cat-kisisel-gelisim","7":"pa_cilt-ciltsiz","8":"pa_tur-kitap","9":"pa_yayinevi-babil-kitap","10":"pa_yazar-riccardo-manzotti","12":"first","13":"instock","14":"sale","15":"shipping-taxable","16":"purchasable","17":"product-type-simple"},"_links":{"self":[{"href":"https:\/\/roveyayinevi.com.tr\/index.php\/wp-json\/wp\/v2\/product\/755189","targetHints":{"allow":["GET"]}}],"collection":[{"href":"https:\/\/roveyayinevi.com.tr\/index.php\/wp-json\/wp\/v2\/product"}],"about":[{"href":"https:\/\/roveyayinevi.com.tr\/index.php\/wp-json\/wp\/v2\/types\/product"}],"wp:attachment":[{"href":"https:\/\/roveyayinevi.com.tr\/index.php\/wp-json\/wp\/v2\/media?parent=755189"}],"wp:term":[{"taxonomy":"product_brand","embeddable":true,"href":"https:\/\/roveyayinevi.com.tr\/index.php\/wp-json\/wp\/v2\/product_brand?post=755189"},{"taxonomy":"product_cat","embeddable":true,"href":"https:\/\/roveyayinevi.com.tr\/index.php\/wp-json\/wp\/v2\/product_cat?post=755189"},{"taxonomy":"product_tag","embeddable":true,"href":"https:\/\/roveyayinevi.com.tr\/index.php\/wp-json\/wp\/v2\/product_tag?post=755189"}],"curies":[{"name":"wp","href":"https:\/\/api.w.org\/{rel}","templated":true}]}}