{"id":755188,"date":"2025-08-28T06:32:46","date_gmt":"2025-08-28T03:32:46","guid":{"rendered":"https:\/\/roveyayinevi.com.tr\/index.php\/urun\/osmanli-kadinlarinin-mahrem-dunyasi\/"},"modified":"2026-04-16T03:08:23","modified_gmt":"2026-04-16T00:08:23","slug":"osmanli-kadinlarinin-mahrem-dunyasi","status":"publish","type":"product","link":"https:\/\/roveyayinevi.com.tr\/index.php\/urun\/osmanli-kadinlarinin-mahrem-dunyasi\/","title":{"rendered":"Osmanl\u0131 Kad\u0131nlar\u0131n\u0131n Mahrem D\u00fcnyas\u0131"},"content":{"rendered":"<p>\u0130slam sanat\u0131 ve Osmanl\u0131 tarih\u00e7isi Godfrey Goodwin, Osmanl\u0131 Kad\u0131nlar\u0131n\u0131n Mahrem D\u00fcnyas\u0131\u2019nda erkek egemen Osmanl\u0131 toplumunda kad\u0131nlar\u0131n rol\u00fcne ve yaratt\u0131klar\u0131 ya\u015fam alanlar\u0131na \u0131\u015f\u0131k tutuyor. Saray kad\u0131nlar\u0131n\u0131n \u0131\u015f\u0131lt\u0131l\u0131 d\u00fcnyas\u0131yla yetinmeyen eser, yaz\u0131l\u0131 kay\u0131tlarda pek de yer bulamam\u0131\u015f s\u0131radan insanlar\u0131n ya\u015fam m\u00fccadelesine, kad\u0131nlar\u0131n ev i\u00e7i eme\u011fine geni\u015f bir yer veriyor. Kimi k\u00f6le sahibi kimi k\u00f6le, kimi zevk i\u00e7in seyahat ederken kimi mecburiyetten yollara d\u00fc\u015fm\u00fc\u015f her s\u0131n\u0131ftan kad\u0131n\u0131n ya\u015fam\u0131na dair kesitler sunuyor. Haremden tutun en \u00fccra m\u0131nt\u0131kalara dek kad\u0131nlar\u0131n hayat\u0131n\u0131 tanzim eden yasalar\u0131 inceliyor. Osmanl\u0131 kad\u0131n\u0131na dair klasik bak\u0131\u015f\u0131n \u00f6tesinde yeni bir perspektif sunan Osmanl\u0131 Kad\u0131nlar\u0131n\u0131n Mahrem D\u00fcnyas\u0131, \u00f6zellikle 19. y\u00fczy\u0131l\u0131n netameli iklimine odaklan\u0131yor ve imparatorlu\u011fun \u00e7\u00f6k\u00fc\u015f \u00e7a\u011f\u0131nda modernitenin kad\u0131nlar\u0131 nas\u0131l etkiledi\u011fini net bir \u015fekilde tasvir ediyor.<\/p>\n","protected":false},"excerpt":{"rendered":"<p>\u0130slam sanat\u0131 ve Osmanl\u0131 tarih\u00e7isi Godfrey Goodwin, Osmanl\u0131 Kad\u0131nlar\u0131n\u0131n Mahrem D\u00fcnyas\u0131\u2019nda erkek egemen Osmanl\u0131 toplumunda kad\u0131nlar\u0131n rol\u00fcne ve yaratt\u0131klar\u0131 ya\u015fam alanlar\u0131na \u0131\u015f\u0131k tutuyor. Saray kad\u0131nlar\u0131n\u0131n \u0131\u015f\u0131lt\u0131l\u0131<span class=\"excerpt-hellip\"> [\u2026]<\/span><\/p>\n","protected":false},"featured_media":0,"template":"","meta":{"_monsterinsights_skip_tracking":false,"_monsterinsights_sitenote_active":false,"_monsterinsights_sitenote_note":"","_monsterinsights_sitenote_category":0},"product_brand":[],"product_cat":[13517,12304],"product_tag":[],"class_list":{"0":"post-755188","1":"product","2":"type-product","3":"status-publish","5":"product_cat-osmanli-tarihi","6":"product_cat-tarih","7":"pa_cilt-ciltsiz","8":"pa_tur-kitap","9":"pa_yayinevi-babil-kitap","10":"pa_yazar-godfrey-goodwin","12":"first","13":"instock","14":"sale","15":"shipping-taxable","16":"purchasable","17":"product-type-simple"},"_links":{"self":[{"href":"https:\/\/roveyayinevi.com.tr\/index.php\/wp-json\/wp\/v2\/product\/755188","targetHints":{"allow":["GET"]}}],"collection":[{"href":"https:\/\/roveyayinevi.com.tr\/index.php\/wp-json\/wp\/v2\/product"}],"about":[{"href":"https:\/\/roveyayinevi.com.tr\/index.php\/wp-json\/wp\/v2\/types\/product"}],"wp:attachment":[{"href":"https:\/\/roveyayinevi.com.tr\/index.php\/wp-json\/wp\/v2\/media?parent=755188"}],"wp:term":[{"taxonomy":"product_brand","embeddable":true,"href":"https:\/\/roveyayinevi.com.tr\/index.php\/wp-json\/wp\/v2\/product_brand?post=755188"},{"taxonomy":"product_cat","embeddable":true,"href":"https:\/\/roveyayinevi.com.tr\/index.php\/wp-json\/wp\/v2\/product_cat?post=755188"},{"taxonomy":"product_tag","embeddable":true,"href":"https:\/\/roveyayinevi.com.tr\/index.php\/wp-json\/wp\/v2\/product_tag?post=755188"}],"curies":[{"name":"wp","href":"https:\/\/api.w.org\/{rel}","templated":true}]}}