{"id":755185,"date":"2025-08-28T06:32:43","date_gmt":"2025-08-28T03:32:43","guid":{"rendered":"https:\/\/roveyayinevi.com.tr\/index.php\/urun\/bilim-felsefesi-7\/"},"modified":"2026-04-16T03:08:23","modified_gmt":"2026-04-16T00:08:23","slug":"bilim-felsefesi-7","status":"publish","type":"product","link":"https:\/\/roveyayinevi.com.tr\/index.php\/urun\/bilim-felsefesi-7\/","title":{"rendered":"Bilim Felsefesi"},"content":{"rendered":"<p>Bilimsel bilgi nas\u0131l \u00fcretilir? Bilim, mutlak hakikate yakla\u015f\u0131yor mu? Siyaset ve cinsiyetten etkileniyor mu? Bilimsel bilgi di\u011fer bilgi t\u00fcrlerinden farkl\u0131 m\u0131d\u0131r? Psikoloji (Bir makine d\u00fc\u015f\u00fcnebilir mi?), fizik (D\u00fcnya, belirlenimci midir?) ve biyoloji (Evrimin karma\u015f\u0131kl\u0131k e\u011filimi var m\u0131d\u0131r?) gibi belirli bilimlerde ortaya \u00e7\u0131kan felsefi sorular\u0131 nas\u0131l d\u00fc\u015f\u00fcnebiliriz? Hepsinden \u00f6nemlisi, bilimin do\u011fas\u0131 nedir? Geoffrey Gorham\u2019\u0131n Bilim Felsefesi t\u00fcm bu sorulara ve daha fazlas\u0131na temas eden, alana kolayca giri\u015f yapman\u0131z\u0131 sa\u011flayacak bir rehber kitap niteli\u011fi ta\u015f\u0131yor.<\/p>\n","protected":false},"excerpt":{"rendered":"<p>Bilimsel bilgi nas\u0131l \u00fcretilir? Bilim, mutlak hakikate yakla\u015f\u0131yor mu? Siyaset ve cinsiyetten etkileniyor mu? Bilimsel bilgi di\u011fer bilgi t\u00fcrlerinden farkl\u0131 m\u0131d\u0131r? Psikoloji (Bir makine d\u00fc\u015f\u00fcnebilir mi?),<span class=\"excerpt-hellip\"> [\u2026]<\/span><\/p>\n","protected":false},"featured_media":0,"template":"","meta":{"_monsterinsights_skip_tracking":false,"_monsterinsights_sitenote_active":false,"_monsterinsights_sitenote_note":"","_monsterinsights_sitenote_category":0},"product_brand":[],"product_cat":[12388],"product_tag":[],"class_list":{"0":"post-755185","1":"product","2":"type-product","3":"status-publish","5":"product_cat-felsefe","6":"pa_cilt-ciltsiz","7":"pa_tur-kitap","8":"pa_yayinevi-babil-kitap","9":"pa_yazar-geoffrey-gorham","11":"first","12":"instock","13":"sale","14":"shipping-taxable","15":"purchasable","16":"product-type-simple"},"_links":{"self":[{"href":"https:\/\/roveyayinevi.com.tr\/index.php\/wp-json\/wp\/v2\/product\/755185","targetHints":{"allow":["GET"]}}],"collection":[{"href":"https:\/\/roveyayinevi.com.tr\/index.php\/wp-json\/wp\/v2\/product"}],"about":[{"href":"https:\/\/roveyayinevi.com.tr\/index.php\/wp-json\/wp\/v2\/types\/product"}],"wp:attachment":[{"href":"https:\/\/roveyayinevi.com.tr\/index.php\/wp-json\/wp\/v2\/media?parent=755185"}],"wp:term":[{"taxonomy":"product_brand","embeddable":true,"href":"https:\/\/roveyayinevi.com.tr\/index.php\/wp-json\/wp\/v2\/product_brand?post=755185"},{"taxonomy":"product_cat","embeddable":true,"href":"https:\/\/roveyayinevi.com.tr\/index.php\/wp-json\/wp\/v2\/product_cat?post=755185"},{"taxonomy":"product_tag","embeddable":true,"href":"https:\/\/roveyayinevi.com.tr\/index.php\/wp-json\/wp\/v2\/product_tag?post=755185"}],"curies":[{"name":"wp","href":"https:\/\/api.w.org\/{rel}","templated":true}]}}