{"id":755184,"date":"2025-08-28T06:32:42","date_gmt":"2025-08-28T03:32:42","guid":{"rendered":"https:\/\/roveyayinevi.com.tr\/index.php\/urun\/siyaset-felsefesi-tarihi\/"},"modified":"2026-04-16T03:08:23","modified_gmt":"2026-04-16T00:08:23","slug":"siyaset-felsefesi-tarihi","status":"publish","type":"product","link":"https:\/\/roveyayinevi.com.tr\/index.php\/urun\/siyaset-felsefesi-tarihi\/","title":{"rendered":"Siyaset Felsefesi Tarihi"},"content":{"rendered":"<p>Ge\u00e7ti\u011fimiz y\u00fczy\u0131l\u0131n \u00f6nde gelen siyaset felsefecilerinden Leo Strauss ve Joseph Cropsey\u2019in derledi\u011fi Siyaset Felsefesi Tarihi, Antik Yunan\u2019dan XX. y\u00fczy\u0131la dek siyaset felsefesini bi\u00e7imlendiren \u00f6nemli filozoflar\u0131n d\u00fc\u015f\u00fcncelerini tan\u0131tmak \u00fczere haz\u0131rlanm\u0131\u015f bir rehber kitap. Alan\u0131nda uzman isimlerin kaleme ald\u0131\u011f\u0131 bu makaleler, ba\u015fta \u00f6\u011frenciler olmak \u00fczere siyaset felsefesine ilgi duyan herkes i\u00e7in bir ba\u015fvuru kayna\u011f\u0131 niteli\u011fi ta\u015f\u0131yor. Otuz sekiz filozofun d\u00fc\u015f\u00fcncelerinin \u00f6zetlendi\u011fi bu \u00e7al\u0131\u015fmada edit\u00f6r ve yazarlar, siyasal problemlerin felsefi al\u0131mlan\u0131\u015f\u0131n\u0131 irdelerken rasyonel siyasal d\u00fc\u015f\u00fcncenin \u00f6nemli d\u00f6n\u00fcm noktalar\u0131n\u0131 tarihsel s\u0131ras\u0131na uygun bi\u00e7imde ortaya koyuyor. Siyaset filozoflar\u0131n\u0131n y\u00fcr\u00fctt\u00fc\u011f\u00fc e\u015fitlik, \u00f6zg\u00fcrl\u00fck, adalet gibi de\u011ferlere dair kadim tart\u0131\u015fmalar\u0131 ve siyasal sorunlara sunduklar\u0131 \u00e7\u00f6z\u00fcm \u00f6nerilerini aktar\u0131yor. Bu ba\u011flamda b\u00fcy\u00fck siyaset filozoflar\u0131n\u0131n \u00f6\u011fretileri yaln\u0131zca tarihsel bak\u0131mdan ele al\u0131nm\u0131yor, ayn\u0131 zamanda ge\u00e7mi\u015fteki ve g\u00fcn\u00fcm\u00fczdeki toplumlar\u0131 anlamak ad\u0131na mutlaka anla\u015f\u0131lmas\u0131 gereken birer fenomen olarak de\u011ferlendiriliyor.<\/p>\n","protected":false},"excerpt":{"rendered":"<p>Ge\u00e7ti\u011fimiz y\u00fczy\u0131l\u0131n \u00f6nde gelen siyaset felsefecilerinden Leo Strauss ve Joseph Cropsey\u2019in derledi\u011fi Siyaset Felsefesi Tarihi, Antik Yunan\u2019dan XX. y\u00fczy\u0131la dek siyaset felsefesini bi\u00e7imlendiren \u00f6nemli filozoflar\u0131n d\u00fc\u015f\u00fcncelerini<span class=\"excerpt-hellip\"> [\u2026]<\/span><\/p>\n","protected":false},"featured_media":0,"template":"","meta":{"_monsterinsights_skip_tracking":false,"_monsterinsights_sitenote_active":false,"_monsterinsights_sitenote_note":"","_monsterinsights_sitenote_category":0},"product_brand":[],"product_cat":[12388,15536],"product_tag":[],"class_list":{"0":"post-755184","1":"product","2":"type-product","3":"status-publish","5":"product_cat-felsefe","6":"product_cat-siyaset-felsefesi","7":"pa_cilt-ciltli","8":"pa_tur-kitap","9":"pa_yayinevi-babil-kitap","10":"pa_yazar-joseph-cropsey","11":"pa_yazar-leo-strauss","13":"first","14":"instock","15":"sale","16":"shipping-taxable","17":"purchasable","18":"product-type-simple"},"_links":{"self":[{"href":"https:\/\/roveyayinevi.com.tr\/index.php\/wp-json\/wp\/v2\/product\/755184","targetHints":{"allow":["GET"]}}],"collection":[{"href":"https:\/\/roveyayinevi.com.tr\/index.php\/wp-json\/wp\/v2\/product"}],"about":[{"href":"https:\/\/roveyayinevi.com.tr\/index.php\/wp-json\/wp\/v2\/types\/product"}],"wp:attachment":[{"href":"https:\/\/roveyayinevi.com.tr\/index.php\/wp-json\/wp\/v2\/media?parent=755184"}],"wp:term":[{"taxonomy":"product_brand","embeddable":true,"href":"https:\/\/roveyayinevi.com.tr\/index.php\/wp-json\/wp\/v2\/product_brand?post=755184"},{"taxonomy":"product_cat","embeddable":true,"href":"https:\/\/roveyayinevi.com.tr\/index.php\/wp-json\/wp\/v2\/product_cat?post=755184"},{"taxonomy":"product_tag","embeddable":true,"href":"https:\/\/roveyayinevi.com.tr\/index.php\/wp-json\/wp\/v2\/product_tag?post=755184"}],"curies":[{"name":"wp","href":"https:\/\/api.w.org\/{rel}","templated":true}]}}