{"id":755183,"date":"2025-08-28T06:32:41","date_gmt":"2025-08-28T03:32:41","guid":{"rendered":"https:\/\/roveyayinevi.com.tr\/index.php\/urun\/bizim-kimyamiz-insan-ve-madde-birbirini-nasil-donusturdu\/"},"modified":"2026-04-16T03:08:23","modified_gmt":"2026-04-16T00:08:23","slug":"bizim-kimyamiz-insan-ve-madde-birbirini-nasil-donusturdu","status":"publish","type":"product","link":"https:\/\/roveyayinevi.com.tr\/index.php\/urun\/bizim-kimyamiz-insan-ve-madde-birbirini-nasil-donusturdu\/","title":{"rendered":"Bizim Kimyam\u0131z \u2013 \u0130nsan ve Madde Birbirini Nas\u0131l D\u00f6n\u00fc\u015ft\u00fcrd\u00fc?"},"content":{"rendered":"<p>Malzeme bilimci Ainissa Ramirez, Bizim Kimyam\u0131z\u2019da sekiz \u00f6nemli icad\u0131 \u2013saatler, tren raylar\u0131, bak\u0131r ileti\u015fim kablolar\u0131, foto\u011fraf filmleri, ampuller, hard diskler, laboratuvar malzemeleri ve silikon \u00e7ipler\u2013 inceliyor ve insanl\u0131\u011fa nas\u0131l y\u00f6n verdiklerini a\u00e7\u0131\u011fa \u00e7\u0131kar\u0131yor. Bu icatlar\u0131n ard\u0131ndaki ilgin\u00e7 insani \u00f6yk\u00fcleri anlatarak insan ve teknoloji aras\u0131ndaki \u00e7ift y\u00f6nl\u00fc etkile\u015fimi g\u00f6r\u00fcn\u00fcr k\u0131l\u0131yor. Zaman\u0131n net \u00f6l\u00e7\u00fcm\u00fcyle uyku saatlerimizin de\u011fi\u015fimi, tren raylar\u0131yla geleneksel bayramlar\u0131n ticaret g\u00fcnlerine d\u00f6n\u00fc\u015fmesi, telgraf teknolojisiyle Hemingway\u2019in \u00fcslubu aras\u0131ndaki ili\u015fki gibi pek \u00e7ok ilgin\u00e7 meseleyi ele al\u0131yor. Tekni\u011fin salt bir laboratuvar edimine indirgenemeyece\u011fini, toplumsal neden ve sonu\u00e7lar\u0131 oldu\u011funu ortaya \u00e7\u0131karan Ramirez, ayn\u0131 zamanda geleneksel tarihyaz\u0131m\u0131n\u0131n yok sayd\u0131\u011f\u0131 kimi teknoloji kahramanlar\u0131yla da tan\u0131\u015fmam\u0131za vesile oluyor.<\/p>\n","protected":false},"excerpt":{"rendered":"<p>Malzeme bilimci Ainissa Ramirez, Bizim Kimyam\u0131z\u2019da sekiz \u00f6nemli icad\u0131 \u2013saatler, tren raylar\u0131, bak\u0131r ileti\u015fim kablolar\u0131, foto\u011fraf filmleri, ampuller, hard diskler, laboratuvar malzemeleri ve silikon \u00e7ipler\u2013 inceliyor<span class=\"excerpt-hellip\"> [\u2026]<\/span><\/p>\n","protected":false},"featured_media":0,"template":"","meta":{"_monsterinsights_skip_tracking":false,"_monsterinsights_sitenote_active":false,"_monsterinsights_sitenote_note":"","_monsterinsights_sitenote_category":0},"product_brand":[],"product_cat":[13005],"product_tag":[],"class_list":{"0":"post-755183","1":"product","2":"type-product","3":"status-publish","5":"product_cat-bilim-muhendislik","6":"pa_cilt-ciltsiz","7":"pa_tur-kitap","8":"pa_yayinevi-babil-kitap","9":"pa_yazar-ainissa-ramirez","11":"first","12":"instock","13":"sale","14":"shipping-taxable","15":"purchasable","16":"product-type-simple"},"_links":{"self":[{"href":"https:\/\/roveyayinevi.com.tr\/index.php\/wp-json\/wp\/v2\/product\/755183","targetHints":{"allow":["GET"]}}],"collection":[{"href":"https:\/\/roveyayinevi.com.tr\/index.php\/wp-json\/wp\/v2\/product"}],"about":[{"href":"https:\/\/roveyayinevi.com.tr\/index.php\/wp-json\/wp\/v2\/types\/product"}],"wp:attachment":[{"href":"https:\/\/roveyayinevi.com.tr\/index.php\/wp-json\/wp\/v2\/media?parent=755183"}],"wp:term":[{"taxonomy":"product_brand","embeddable":true,"href":"https:\/\/roveyayinevi.com.tr\/index.php\/wp-json\/wp\/v2\/product_brand?post=755183"},{"taxonomy":"product_cat","embeddable":true,"href":"https:\/\/roveyayinevi.com.tr\/index.php\/wp-json\/wp\/v2\/product_cat?post=755183"},{"taxonomy":"product_tag","embeddable":true,"href":"https:\/\/roveyayinevi.com.tr\/index.php\/wp-json\/wp\/v2\/product_tag?post=755183"}],"curies":[{"name":"wp","href":"https:\/\/api.w.org\/{rel}","templated":true}]}}