{"id":755180,"date":"2025-08-28T06:32:37","date_gmt":"2025-08-28T03:32:37","guid":{"rendered":"https:\/\/roveyayinevi.com.tr\/index.php\/urun\/yildizlarin-cocuklari-evrenin-ve-insanligin-kokenine-harika-bir-yolculuk\/"},"modified":"2026-04-16T03:08:23","modified_gmt":"2026-04-16T00:08:23","slug":"yildizlarin-cocuklari-evrenin-ve-insanligin-kokenine-harika-bir-yolculuk","status":"publish","type":"product","link":"https:\/\/roveyayinevi.com.tr\/index.php\/urun\/yildizlarin-cocuklari-evrenin-ve-insanligin-kokenine-harika-bir-yolculuk\/","title":{"rendered":"Y\u0131ld\u0131zlar\u0131n \u00c7ocuklar\u0131 \u2013 Evrenin ve \u0130nsanl\u0131\u011f\u0131n K\u00f6kenine Harika Bir Yolculuk"},"content":{"rendered":"<p>\u00dcnl\u00fc astronom Mar\u00eda Teresa Ruiz, Y\u0131ld\u0131zlar\u0131n \u00c7ocuklar\u0131&#8217;nda evren hakk\u0131ndaki mevcut bilgilerimizi b\u00fcy\u00fck bir yetkinlikle derleyerek nereden gelip nereye gitti\u011fimizi a\u00e7\u0131kl\u0131yor. Temel astronomik teorilere ula\u015fmam\u0131z\u0131 sa\u011flayan ara\u015ft\u0131rmalar\u0131, bu ara\u015ft\u0131rmalar i\u00e7in kullan\u0131lan metot, teknik ve ara\u00e7lar\u0131 anlat\u0131yor. T\u00fcm bunlar\u0131 sade ve \u00e7ekici bir \u00fcslupta aktar\u0131rken bir bilgi karma\u015fas\u0131 i\u00e7inde kaybolman\u0131za asla m\u00fcsaade etmiyor. Merak ve ke\u015ffetme duygusunun insanl\u0131\u011f\u0131n evrimindeki asli rol\u00fcne odaklanan Ruiz, insan\u0131n bilgiye duydu\u011fu a\u00e7l\u0131\u011f\u0131 bir \u00e7ocu\u011fun \u00e7evresini ke\u015ffetmek i\u00e7in duydu\u011fu doyumsuz arzuya benzetiyor.<\/p>\n","protected":false},"excerpt":{"rendered":"<p>\u00dcnl\u00fc astronom Mar\u00eda Teresa Ruiz, Y\u0131ld\u0131zlar\u0131n \u00c7ocuklar\u0131&#8217;nda evren hakk\u0131ndaki mevcut bilgilerimizi b\u00fcy\u00fck bir yetkinlikle derleyerek nereden gelip nereye gitti\u011fimizi a\u00e7\u0131kl\u0131yor. Temel astronomik teorilere ula\u015fmam\u0131z\u0131 sa\u011flayan ara\u015ft\u0131rmalar\u0131,<span class=\"excerpt-hellip\"> [\u2026]<\/span><\/p>\n","protected":false},"featured_media":0,"template":"","meta":{"_monsterinsights_skip_tracking":false,"_monsterinsights_sitenote_active":false,"_monsterinsights_sitenote_note":"","_monsterinsights_sitenote_category":0},"product_brand":[],"product_cat":[43754,13005],"product_tag":[],"class_list":{"0":"post-755180","1":"product","2":"type-product","3":"status-publish","5":"product_cat-astronomi","6":"product_cat-bilim-muhendislik","7":"pa_cilt-ciltsiz","8":"pa_tur-kitap","9":"pa_yayinevi-babil-kitap","10":"pa_yazar-maria-teresa-ruiz","12":"first","13":"instock","14":"sale","15":"shipping-taxable","16":"purchasable","17":"product-type-simple"},"_links":{"self":[{"href":"https:\/\/roveyayinevi.com.tr\/index.php\/wp-json\/wp\/v2\/product\/755180","targetHints":{"allow":["GET"]}}],"collection":[{"href":"https:\/\/roveyayinevi.com.tr\/index.php\/wp-json\/wp\/v2\/product"}],"about":[{"href":"https:\/\/roveyayinevi.com.tr\/index.php\/wp-json\/wp\/v2\/types\/product"}],"wp:attachment":[{"href":"https:\/\/roveyayinevi.com.tr\/index.php\/wp-json\/wp\/v2\/media?parent=755180"}],"wp:term":[{"taxonomy":"product_brand","embeddable":true,"href":"https:\/\/roveyayinevi.com.tr\/index.php\/wp-json\/wp\/v2\/product_brand?post=755180"},{"taxonomy":"product_cat","embeddable":true,"href":"https:\/\/roveyayinevi.com.tr\/index.php\/wp-json\/wp\/v2\/product_cat?post=755180"},{"taxonomy":"product_tag","embeddable":true,"href":"https:\/\/roveyayinevi.com.tr\/index.php\/wp-json\/wp\/v2\/product_tag?post=755180"}],"curies":[{"name":"wp","href":"https:\/\/api.w.org\/{rel}","templated":true}]}}