{"id":755179,"date":"2025-08-28T06:32:36","date_gmt":"2025-08-28T03:32:36","guid":{"rendered":"https:\/\/roveyayinevi.com.tr\/index.php\/urun\/cumhuriyeti-kuran-olumsuz-turkler\/"},"modified":"2026-04-16T03:08:23","modified_gmt":"2026-04-16T00:08:23","slug":"cumhuriyeti-kuran-olumsuz-turkler","status":"publish","type":"product","link":"https:\/\/roveyayinevi.com.tr\/index.php\/urun\/cumhuriyeti-kuran-olumsuz-turkler\/","title":{"rendered":"Cumhuriyeti Kuran \u00d6l\u00fcms\u00fcz T\u00fcrkler"},"content":{"rendered":"<p>Cumhuriyeti kuran \u00d6L\u00dcMS\u00dcZ T\u00dcRKLER   Yo\u011fun bir \u00e7al\u0131\u015fma, taranan binlerce kaynaklar ve 6 y\u0131ll\u0131k geceli g\u00fcnd\u00fczl\u00fc emek verilerek haz\u0131rlanm\u0131\u015f bir kitap. \u201cCumhuriyeti Kuran \u00d6L\u00dcMS\u00dcZ T\u00dcRKLER\u201d   Kitap konusu; \u201cCUMHUR\u0130YET\u201d   *Atat\u00fcrk Cumhuriyet fikrini nereden ald\u0131? *Cumhuriyet, Millet ve Millet Devrimi s\u00f6zlerini ilk nerede s\u00f6yledi? *Cumhuriyet kelimesi o d\u00f6nemde yasak m\u0131yd\u0131? *Atat\u00fcrk bu s\u00f6zler i\u00e7in tutukland\u0131 m\u0131? Atat\u00fcrk ni\u00e7in s\u00fcrg\u00fcne gitti? *Cumhuriyet m\u00fccadelesini verirken hangi olaylarla kar\u015f\u0131la\u015ft\u0131. Hangi suikastlere u\u011frad\u0131? *Atat\u00fcrk T\u00fcrk milleti ile birlikte bir sava\u015f verece\u011fini ve bir devrim yapaca\u011f\u0131n\u0131, y\u0131k\u0131lmakta olan *Osmanl\u0131 Devleti yerine yeni ve g\u00fc\u00e7l\u00fc bir T\u00fcrk Devleti kuraca\u011f\u0131n\u0131 ilk kez kime s\u00f6yledi? *Cumhuriyet neden ilan edildi?   Cumhuriyet bir gereklilik mi, yoksa zorunluluk muydu?   Ayd\u0131n Kele\u015fo\u011flu\u2019nun haz\u0131rlad\u0131\u011f\u0131 ve Ilgaz Yay\u0131nlar\u0131ndan \u00e7\u0131kan \u201cCumhuriyeti Kuran \u00d6L\u00dcMS\u00dcZ T\u00dcRKLER\u201d kitab\u0131 cumhuriyetin k\u0131sa tarihini anlatmaktad\u0131r.   Kitapta ad\u0131 ge\u00e7en ki\u015filer ve anlat\u0131lanlar tamamen ger\u00e7ektir. Bir tarih kitab\u0131d\u0131r, ama bir roman gibi ak\u0131c\u0131d\u0131r.   A\u015fk\u0131n, ihanetin, sava\u015flar\u0131n, \u00f6l\u00fcmlerin, s\u00fcrg\u00fcnlerin ve kahramanl\u0131klar\u0131n anlat\u0131ld\u0131\u011f\u0131 inan\u0131lmaz bir ser\u00fcven. Atat\u00fcrk\u2019\u00fcn kat\u0131ld\u0131\u011f\u0131 b\u00fct\u00fcn sava\u015flar ve ya\u015fad\u0131\u011f\u0131 olaylar ile birlikte \u201cCumhuriyeti Kuran \u00d6L\u00dcMS\u00dcZ T\u00dcRKLER\u201d Atat\u00fcrk\u2019\u00fcn ve Osmanl\u0131 Tarihinin bilinmeyen bir b\u00f6l\u00fcm\u00fcne \u0131\u015f\u0131k tutuyor. Mutlaka okumal\u0131s\u0131n\u0131z&#8230;<\/p>\n","protected":false},"excerpt":{"rendered":"<p>Cumhuriyeti kuran \u00d6L\u00dcMS\u00dcZ T\u00dcRKLER Yo\u011fun bir \u00e7al\u0131\u015fma, taranan binlerce kaynaklar ve 6 y\u0131ll\u0131k geceli g\u00fcnd\u00fczl\u00fc emek verilerek haz\u0131rlanm\u0131\u015f bir kitap. \u201cCumhuriyeti Kuran \u00d6L\u00dcMS\u00dcZ T\u00dcRKLER\u201d Kitap konusu;<span class=\"excerpt-hellip\"> [\u2026]<\/span><\/p>\n","protected":false},"featured_media":0,"template":"","meta":{"_monsterinsights_skip_tracking":false,"_monsterinsights_sitenote_active":false,"_monsterinsights_sitenote_note":"","_monsterinsights_sitenote_category":0},"product_brand":[],"product_cat":[12370,12304],"product_tag":[],"class_list":{"0":"post-755179","1":"product","2":"type-product","3":"status-publish","5":"product_cat-arastirma-inceleme","6":"product_cat-tarih","7":"pa_cilt-ciltsiz","8":"pa_tur-kitap","9":"pa_yayinevi-ilgaz-yayinlari","10":"pa_yazar-aydin-kelesoglu","12":"first","13":"instock","14":"sale","15":"shipping-taxable","16":"purchasable","17":"product-type-simple"},"_links":{"self":[{"href":"https:\/\/roveyayinevi.com.tr\/index.php\/wp-json\/wp\/v2\/product\/755179","targetHints":{"allow":["GET"]}}],"collection":[{"href":"https:\/\/roveyayinevi.com.tr\/index.php\/wp-json\/wp\/v2\/product"}],"about":[{"href":"https:\/\/roveyayinevi.com.tr\/index.php\/wp-json\/wp\/v2\/types\/product"}],"wp:attachment":[{"href":"https:\/\/roveyayinevi.com.tr\/index.php\/wp-json\/wp\/v2\/media?parent=755179"}],"wp:term":[{"taxonomy":"product_brand","embeddable":true,"href":"https:\/\/roveyayinevi.com.tr\/index.php\/wp-json\/wp\/v2\/product_brand?post=755179"},{"taxonomy":"product_cat","embeddable":true,"href":"https:\/\/roveyayinevi.com.tr\/index.php\/wp-json\/wp\/v2\/product_cat?post=755179"},{"taxonomy":"product_tag","embeddable":true,"href":"https:\/\/roveyayinevi.com.tr\/index.php\/wp-json\/wp\/v2\/product_tag?post=755179"}],"curies":[{"name":"wp","href":"https:\/\/api.w.org\/{rel}","templated":true}]}}