{"id":755178,"date":"2025-08-28T06:32:34","date_gmt":"2025-08-28T03:32:34","guid":{"rendered":"https:\/\/roveyayinevi.com.tr\/index.php\/urun\/kahramanlarin-oyunu-3\/"},"modified":"2026-04-16T03:08:23","modified_gmt":"2026-04-16T00:08:23","slug":"kahramanlarin-oyunu-3","status":"publish","type":"product","link":"https:\/\/roveyayinevi.com.tr\/index.php\/urun\/kahramanlarin-oyunu-3\/","title":{"rendered":"Kahramanlar\u0131n Oyunu 3"},"content":{"rendered":"<p>PER\u0130 MASALI KAHRAMANLARININ B\u0130RB\u0130RLER\u0130N\u0130 \u00d6LD\u00dcRD\u00dcKLER\u0130, TRAJED\u0130YLE SON BULAN B\u0130R OYUN.   B\u00dcY\u00dcKANNES\u0130 \u0130\u00c7\u0130N OYUNA KATILAN KIRMIZI BA\u015eLIKLI KIZ, K\u00dc\u00c7\u00dcK DEN\u0130ZKIZI\u2019NIN KISKAN\u00c7LI\u011eINDA BO\u011eULUYOR.   AL\u0130CE KAHRAMAN OLUYOR VE ORTAYA \u00c7IKIYOR&#8230; <\/p>\n","protected":false},"excerpt":{"rendered":"<p>PER\u0130 MASALI KAHRAMANLARININ B\u0130RB\u0130RLER\u0130N\u0130 \u00d6LD\u00dcRD\u00dcKLER\u0130, TRAJED\u0130YLE SON BULAN B\u0130R OYUN. B\u00dcY\u00dcKANNES\u0130 \u0130\u00c7\u0130N OYUNA KATILAN KIRMIZI BA\u015eLIKLI KIZ, K\u00dc\u00c7\u00dcK DEN\u0130ZKIZI\u2019NIN KISKAN\u00c7LI\u011eINDA BO\u011eULUYOR. AL\u0130CE KAHRAMAN OLUYOR VE ORTAYA<span class=\"excerpt-hellip\"> [\u2026]<\/span><\/p>\n","protected":false},"featured_media":0,"template":"","meta":{"_monsterinsights_skip_tracking":false,"_monsterinsights_sitenote_active":false,"_monsterinsights_sitenote_note":"","_monsterinsights_sitenote_category":0},"product_brand":[],"product_cat":[12416,12291],"product_tag":[],"class_list":{"0":"post-755178","1":"product","2":"type-product","3":"status-publish","5":"product_cat-cizgi-roman","6":"product_cat-edebiyat","7":"pa_cilt-ciltsiz","8":"pa_tur-kitap","9":"pa_yayinevi-athica-yayinlari","10":"pa_yazar-tabasa-iori","12":"first","13":"instock","14":"sale","15":"shipping-taxable","16":"purchasable","17":"product-type-simple"},"_links":{"self":[{"href":"https:\/\/roveyayinevi.com.tr\/index.php\/wp-json\/wp\/v2\/product\/755178","targetHints":{"allow":["GET"]}}],"collection":[{"href":"https:\/\/roveyayinevi.com.tr\/index.php\/wp-json\/wp\/v2\/product"}],"about":[{"href":"https:\/\/roveyayinevi.com.tr\/index.php\/wp-json\/wp\/v2\/types\/product"}],"wp:attachment":[{"href":"https:\/\/roveyayinevi.com.tr\/index.php\/wp-json\/wp\/v2\/media?parent=755178"}],"wp:term":[{"taxonomy":"product_brand","embeddable":true,"href":"https:\/\/roveyayinevi.com.tr\/index.php\/wp-json\/wp\/v2\/product_brand?post=755178"},{"taxonomy":"product_cat","embeddable":true,"href":"https:\/\/roveyayinevi.com.tr\/index.php\/wp-json\/wp\/v2\/product_cat?post=755178"},{"taxonomy":"product_tag","embeddable":true,"href":"https:\/\/roveyayinevi.com.tr\/index.php\/wp-json\/wp\/v2\/product_tag?post=755178"}],"curies":[{"name":"wp","href":"https:\/\/api.w.org\/{rel}","templated":true}]}}