{"id":755173,"date":"2025-08-28T06:32:27","date_gmt":"2025-08-28T03:32:27","guid":{"rendered":"https:\/\/roveyayinevi.com.tr\/index.php\/urun\/turkiyede-ibbs-duzey-1-bolgelerinin-nufus-cografyasi\/"},"modified":"2026-04-16T03:08:22","modified_gmt":"2026-04-16T00:08:22","slug":"turkiyede-ibbs-duzey-1-bolgelerinin-nufus-cografyasi","status":"publish","type":"product","link":"https:\/\/roveyayinevi.com.tr\/index.php\/urun\/turkiyede-ibbs-duzey-1-bolgelerinin-nufus-cografyasi\/","title":{"rendered":"T\u00fcrkiyede \u0130BBS D\u00fczey -1 B\u00f6lgelerinin N\u00fcfus Co\u011frafyas\u0131"},"content":{"rendered":"<p>T\u00fcrkiye\u2019de g\u00fcn\u00fcm\u00fczde yakla\u015f\u0131k 85,5 milyonluk bir n\u00fcfus bulunmakta olup bu n\u00fcfus d\u00fczey-1 b\u00f6lgeleri aras\u0131nda dengeli bir \u015fekilde da\u011f\u0131lmamaktad\u0131r. Yine n\u00fcfusun \u00e7e\u015fitli nitelikleri de d\u00fczey-1 b\u00f6lgeleri aras\u0131nda \u00f6nemli farkl\u0131l\u0131klar g\u00f6stermektedir. Bu \u00e7al\u0131\u015fmada 2002 y\u0131l\u0131nda yap\u0131lan yasal d\u00fczenleme ile (istatistiki bilgi toplamak i\u00e7in yap\u0131lan istatistiki b\u00f6lge birimleri s\u0131n\u0131fland\u0131rmas\u0131-\u0130BBS) olu\u015fturulan 12 d\u00fczey-1 b\u00f6lgesinde n\u00fcfusun geli\u015fimi, da\u011f\u0131l\u0131\u015f\u0131 ve hareketleri ile kentle\u015fme oran\u0131, demografik yap\u0131s\u0131, ba\u011f\u0131ml\u0131l\u0131k oran\u0131, e\u011fitim durumu, evlenme-bo\u015fanma h\u0131z\u0131 ve ortalama hane halk\u0131 b\u00fcy\u00fckl\u00fc\u011f\u00fc gibi \u00e7e\u015fitli nitelikleri incelenmi\u015ftir. Aradan 20 y\u0131ldan fazla zaman ge\u00e7mi\u015f olmas\u0131na ra\u011fmen 2002\u2019de olu\u015fturulan d\u00fczey-1 b\u00f6lgelerinde n\u00fcfusun geli\u015fimi, da\u011f\u0131l\u0131\u015f\u0131 ve \u00e7e\u015fitli niteliklerinin incelendi\u011fi ilk kitap \u00e7al\u0131\u015fmas\u0131 bu ara\u015ft\u0131rma olmu\u015ftur. G\u00fcn\u00fcm\u00fczde d\u00fczey-1 b\u00f6lgelerinden baz\u0131lar\u0131n\u0131n T\u00fcrkiye\u2019deki 85,5 milyonluk n\u00fcfustaki pay\u0131 %13 ile %19 aras\u0131nda de\u011fi\u015firken baz\u0131lar\u0131nda bu pay %3 bile de\u011fildir. \u00d6te yandan n\u00fcfusun ya\u015f-cinsiyet yap\u0131s\u0131, medyan ya\u015f\u0131, ba\u011f\u0131ml\u0131l\u0131k ve kentle\u015fme oran\u0131, hareketleri ve e\u011fitim durumu da d\u00fczey-1 b\u00f6lgeler aras\u0131nda \u00f6nemli farkl\u0131l\u0131klar bulunmaktad\u0131r. Bu nedenle bu \u00e7al\u0131\u015fmada d\u00fczey-1 b\u00f6lgelerinde n\u00fcfusun geli\u015fim seyri ve da\u011f\u0131l\u0131\u015f\u0131 ile baz\u0131 niteliklerinin b\u00f6lgesel farkl\u0131l\u0131klar\u0131n\u0131n detayl\u0131 olarak incelenmesi ve mek\u00e2nsal farkl\u0131l\u0131klar\u0131n harita ve grafiklerle g\u00f6sterilmektedir. <\/p>\n","protected":false},"excerpt":{"rendered":"<p>T\u00fcrkiye\u2019de g\u00fcn\u00fcm\u00fczde yakla\u015f\u0131k 85,5 milyonluk bir n\u00fcfus bulunmakta olup bu n\u00fcfus d\u00fczey-1 b\u00f6lgeleri aras\u0131nda dengeli bir \u015fekilde da\u011f\u0131lmamaktad\u0131r. Yine n\u00fcfusun \u00e7e\u015fitli nitelikleri de d\u00fczey-1 b\u00f6lgeleri aras\u0131nda<span class=\"excerpt-hellip\"> [\u2026]<\/span><\/p>\n","protected":false},"featured_media":0,"template":"","meta":{"_monsterinsights_skip_tracking":false,"_monsterinsights_sitenote_active":false,"_monsterinsights_sitenote_note":"","_monsterinsights_sitenote_category":0},"product_brand":[],"product_cat":[12337],"product_tag":[],"class_list":{"0":"post-755173","1":"product","2":"type-product","3":"status-publish","5":"product_cat-politika-siyaset","6":"pa_cilt-ciltsiz","7":"pa_tur-kitap","8":"pa_yayinevi-tiav","9":"pa_yazar-murat-yilmaz","11":"first","12":"instock","13":"sale","14":"shipping-taxable","15":"purchasable","16":"product-type-simple"},"_links":{"self":[{"href":"https:\/\/roveyayinevi.com.tr\/index.php\/wp-json\/wp\/v2\/product\/755173","targetHints":{"allow":["GET"]}}],"collection":[{"href":"https:\/\/roveyayinevi.com.tr\/index.php\/wp-json\/wp\/v2\/product"}],"about":[{"href":"https:\/\/roveyayinevi.com.tr\/index.php\/wp-json\/wp\/v2\/types\/product"}],"wp:attachment":[{"href":"https:\/\/roveyayinevi.com.tr\/index.php\/wp-json\/wp\/v2\/media?parent=755173"}],"wp:term":[{"taxonomy":"product_brand","embeddable":true,"href":"https:\/\/roveyayinevi.com.tr\/index.php\/wp-json\/wp\/v2\/product_brand?post=755173"},{"taxonomy":"product_cat","embeddable":true,"href":"https:\/\/roveyayinevi.com.tr\/index.php\/wp-json\/wp\/v2\/product_cat?post=755173"},{"taxonomy":"product_tag","embeddable":true,"href":"https:\/\/roveyayinevi.com.tr\/index.php\/wp-json\/wp\/v2\/product_tag?post=755173"}],"curies":[{"name":"wp","href":"https:\/\/api.w.org\/{rel}","templated":true}]}}