{"id":755172,"date":"2025-08-28T06:32:26","date_gmt":"2025-08-28T03:32:26","guid":{"rendered":"https:\/\/roveyayinevi.com.tr\/index.php\/urun\/turkiye-yuzyilina-girerken-diplomasi-uzerine-ekonomi-politik-yazilar\/"},"modified":"2026-04-16T03:08:22","modified_gmt":"2026-04-16T00:08:22","slug":"turkiye-yuzyilina-girerken-diplomasi-uzerine-ekonomi-politik-yazilar","status":"publish","type":"product","link":"https:\/\/roveyayinevi.com.tr\/index.php\/urun\/turkiye-yuzyilina-girerken-diplomasi-uzerine-ekonomi-politik-yazilar\/","title":{"rendered":"T\u00fcrkiye Y\u00fczy\u0131l\u0131na Girerken  Diplomasi \u00dczerine Ekonomi-Politik Yaz\u0131lar"},"content":{"rendered":"<p>Bu \u00e7al\u0131\u015fma diplomasi konusuna odaklanmaktad\u0131r. Amac\u0131, genelde diplomasi, \u00f6zelde kamu diplomasisi ba\u011flam\u0131nda T\u00fcrkiye\u2019nin potansiyeline ili\u015fkin bir bak\u0131\u015f a\u00e7\u0131s\u0131 sunmakt\u0131r. T\u00fcrkiye\u2019nin farkl\u0131 kurum ve kanallar \u00fczerinden etkili olma kapasitesi hakk\u0131nda bir d\u00fc\u015f\u00fcnce \u00fcretme \u00e7abas\u0131n\u0131n sonu\u00e7lar\u0131 bu \u00e7al\u0131\u015fmada yer almaktad\u0131r.T\u00fcrkiye Y\u00fczy\u0131l\u0131na girerken bu \u00e7al\u0131\u015fma ayr\u0131 bir \u00f6nem kazanm\u0131\u015ft\u0131r. Entelekt\u00fcel bir sohbet olarak ba\u015flay\u0131p, kal\u0131c\u0131 bir eser haline d\u00f6n\u00fc\u015fen bu \u00e7al\u0131\u015fmada diplomasinin t\u00fcrlerine yer verilmi\u015ftir. Kitab\u0131n olu\u015fma s\u00fcrecinde var olan k\u0131ymetli eserlerden farkl\u0131 olarak ekonomi-politik bir \u00e7izgide metinler kaleme al\u0131nmas\u0131 ama\u00e7lanm\u0131\u015ft\u0131r. Bu ba\u011flamda, tasarlanm\u0131\u015f olan kitap projesinin i\u00e7eri\u011fini diplomasi ve t\u00fcrevi konular olu\u015fturmaktad\u0131r. Bu kitap, \u00f6zellikle dinamik bir alan olmas\u0131 nedeni ile su diplomasisi, bilim diplomasisi ve k\u00fclt\u00fcrel diplomasi gibi g\u00fcncel konular\u0131 da i\u00e7inde bar\u0131nd\u0131rmakta ve ekonomi-politik bir bak\u0131\u015f a\u00e7\u0131s\u0131 ile kaleme al\u0131nm\u0131\u015f bulunmaktad\u0131r. \u00d6te yandan, \u0130\u00e7i\u015fleri Bakanl\u0131\u011f\u0131 b\u00fcnyesinde y\u00fcr\u00fct\u00fclen diplomasi faaliyetleri de kitapta vurgulanmaktad\u0131r. <\/p>\n","protected":false},"excerpt":{"rendered":"<p>Bu \u00e7al\u0131\u015fma diplomasi konusuna odaklanmaktad\u0131r. Amac\u0131, genelde diplomasi, \u00f6zelde kamu diplomasisi ba\u011flam\u0131nda T\u00fcrkiye\u2019nin potansiyeline ili\u015fkin bir bak\u0131\u015f a\u00e7\u0131s\u0131 sunmakt\u0131r. T\u00fcrkiye\u2019nin farkl\u0131 kurum ve kanallar \u00fczerinden etkili<span class=\"excerpt-hellip\"> [\u2026]<\/span><\/p>\n","protected":false},"featured_media":0,"template":"","meta":{"_monsterinsights_skip_tracking":false,"_monsterinsights_sitenote_active":false,"_monsterinsights_sitenote_note":"","_monsterinsights_sitenote_category":0},"product_brand":[],"product_cat":[13043],"product_tag":[],"class_list":{"0":"post-755172","1":"product","2":"type-product","3":"status-publish","5":"product_cat-ekonomi","6":"pa_cilt-ciltsiz","7":"pa_tur-kitap","8":"pa_yayinevi-tiav","9":"pa_yazar-kolektif","11":"first","12":"instock","13":"sale","14":"shipping-taxable","15":"purchasable","16":"product-type-simple"},"_links":{"self":[{"href":"https:\/\/roveyayinevi.com.tr\/index.php\/wp-json\/wp\/v2\/product\/755172","targetHints":{"allow":["GET"]}}],"collection":[{"href":"https:\/\/roveyayinevi.com.tr\/index.php\/wp-json\/wp\/v2\/product"}],"about":[{"href":"https:\/\/roveyayinevi.com.tr\/index.php\/wp-json\/wp\/v2\/types\/product"}],"wp:attachment":[{"href":"https:\/\/roveyayinevi.com.tr\/index.php\/wp-json\/wp\/v2\/media?parent=755172"}],"wp:term":[{"taxonomy":"product_brand","embeddable":true,"href":"https:\/\/roveyayinevi.com.tr\/index.php\/wp-json\/wp\/v2\/product_brand?post=755172"},{"taxonomy":"product_cat","embeddable":true,"href":"https:\/\/roveyayinevi.com.tr\/index.php\/wp-json\/wp\/v2\/product_cat?post=755172"},{"taxonomy":"product_tag","embeddable":true,"href":"https:\/\/roveyayinevi.com.tr\/index.php\/wp-json\/wp\/v2\/product_tag?post=755172"}],"curies":[{"name":"wp","href":"https:\/\/api.w.org\/{rel}","templated":true}]}}