{"id":755170,"date":"2025-08-28T06:32:24","date_gmt":"2025-08-28T03:32:24","guid":{"rendered":"https:\/\/roveyayinevi.com.tr\/index.php\/urun\/turkiyede-mulki-idarenin-kriz-yonetme-kapasitesi-covid-19-ornegi\/"},"modified":"2026-04-16T03:08:22","modified_gmt":"2026-04-16T00:08:22","slug":"turkiyede-mulki-idarenin-kriz-yonetme-kapasitesi-covid-19-ornegi","status":"publish","type":"product","link":"https:\/\/roveyayinevi.com.tr\/index.php\/urun\/turkiyede-mulki-idarenin-kriz-yonetme-kapasitesi-covid-19-ornegi\/","title":{"rendered":"T\u00fcrkiyede M\u00fclki \u0130darenin Kriz Y\u00f6netme Kapasitesi:  Covid &#8211; 19 \u00d6rne\u011fi"},"content":{"rendered":"<p>Bu \u00e7al\u0131\u015fmada, bir kriz y\u00f6netimi \u00f6rne\u011fi olarak Covid-19 kriziyle idarenin m\u00fccadelesi ele al\u0131nmaktad\u0131r. T\u00fcrkiye \u00f6zelinde m\u00fclki idare sisteminin kriz y\u00f6netme kapasitesinin ayr\u0131nt\u0131l\u0131 bir \u015fekilde irdelenmesi hedeflenmi\u015ftir. \u00d6ncelikle, Bat\u0131l\u0131 \u00fclkelerde idarelerin krizle m\u00fccadelesinde idari kapasitelerini g\u00fc\u00e7lendiren, son d\u00f6nemde literat\u00fcrde \u00f6ne \u00e7\u0131kan krize m\u00fcdahale a\u015famas\u0131nda kulland\u0131klar\u0131 kriz y\u00f6netim ilke ve stratejileri tespit edilerek bunlar\u0131n kriz y\u00f6netmede idari kapasiteyi nas\u0131l g\u00fc\u00e7lendirdi\u011fi ele al\u0131nmaktad\u0131r. Sonras\u0131nda, bu ilke ve stratejiler ile kamu y\u00f6netimlerinin krizler kar\u015f\u0131s\u0131nda idari kapasitelerini g\u00fc\u00e7lendirdi\u011fi ortaya konan idari kapasite unsurlar\u0131 \u00e7er\u00e7evesinde, \u00fclkemizde kriz y\u00f6netimi ana hatlar\u0131yla incelenmi\u015ftir. Bu yap\u0131l\u0131rken \u00f6zellikle m\u00fclki idare te\u015fkilat\u0131n\u0131n i\u015fleyi\u015fi \u00fczerinde odaklan\u0131lm\u0131\u015f, krizlere etkin cevap verebilmek bak\u0131m\u0131ndan, illerde, il\u00e7elerde devletin \u201cidari kapasitesini\u201d hayata ge\u00e7irmekten sorumlu m\u00fclki idare sisteminin, kriz y\u00f6netiminde etkin olup olmad\u0131\u011f\u0131, yasal d\u00fczenlemeler ve i\u015fleyi\u015f bak\u0131m\u0131ndan eksikliklerinin neler oldu\u011fu ortaya konulmaya \u00e7al\u0131\u015f\u0131lm\u0131\u015ft\u0131r. \u00c7al\u0131\u015fmada temel ama\u00e7, Covid-19 krizinde kamu y\u00f6netimi uygulamalar\u0131n\u0131n etkinli\u011fini realist ve ele\u015ftirel bir \u015fekilde irdeleyerek, buna benzer krizlerle m\u00fccadelede devletlerin kapasitelerini art\u0131rmada en \u00f6nemli unsurlardan birini te\u015fkil eden idari kapasitenin g\u00fc\u00e7lendirilmesinin; y\u00f6netimin kriz ve acil durum y\u00f6netimleri konusunda daha etkili ve verimli h\u00e2le getirilmesinin yollar\u0131n\u0131 saptamakt\u0131r. <\/p>\n","protected":false},"excerpt":{"rendered":"<p>Bu \u00e7al\u0131\u015fmada, bir kriz y\u00f6netimi \u00f6rne\u011fi olarak Covid-19 kriziyle idarenin m\u00fccadelesi ele al\u0131nmaktad\u0131r. T\u00fcrkiye \u00f6zelinde m\u00fclki idare sisteminin kriz y\u00f6netme kapasitesinin ayr\u0131nt\u0131l\u0131 bir \u015fekilde irdelenmesi hedeflenmi\u015ftir.<span class=\"excerpt-hellip\"> [\u2026]<\/span><\/p>\n","protected":false},"featured_media":0,"template":"","meta":{"_monsterinsights_skip_tracking":false,"_monsterinsights_sitenote_active":false,"_monsterinsights_sitenote_note":"","_monsterinsights_sitenote_category":0},"product_brand":[],"product_cat":[12337],"product_tag":[],"class_list":{"0":"post-755170","1":"product","2":"type-product","3":"status-publish","5":"product_cat-politika-siyaset","6":"pa_cilt-ciltsiz","7":"pa_tur-kitap","8":"pa_yayinevi-tiav","9":"pa_yazar-ali-yilmaz","11":"first","12":"instock","13":"sale","14":"shipping-taxable","15":"purchasable","16":"product-type-simple"},"_links":{"self":[{"href":"https:\/\/roveyayinevi.com.tr\/index.php\/wp-json\/wp\/v2\/product\/755170","targetHints":{"allow":["GET"]}}],"collection":[{"href":"https:\/\/roveyayinevi.com.tr\/index.php\/wp-json\/wp\/v2\/product"}],"about":[{"href":"https:\/\/roveyayinevi.com.tr\/index.php\/wp-json\/wp\/v2\/types\/product"}],"wp:attachment":[{"href":"https:\/\/roveyayinevi.com.tr\/index.php\/wp-json\/wp\/v2\/media?parent=755170"}],"wp:term":[{"taxonomy":"product_brand","embeddable":true,"href":"https:\/\/roveyayinevi.com.tr\/index.php\/wp-json\/wp\/v2\/product_brand?post=755170"},{"taxonomy":"product_cat","embeddable":true,"href":"https:\/\/roveyayinevi.com.tr\/index.php\/wp-json\/wp\/v2\/product_cat?post=755170"},{"taxonomy":"product_tag","embeddable":true,"href":"https:\/\/roveyayinevi.com.tr\/index.php\/wp-json\/wp\/v2\/product_tag?post=755170"}],"curies":[{"name":"wp","href":"https:\/\/api.w.org\/{rel}","templated":true}]}}