{"id":755168,"date":"2025-08-28T06:32:22","date_gmt":"2025-08-28T03:32:22","guid":{"rendered":"https:\/\/roveyayinevi.com.tr\/index.php\/urun\/hastanelerin-kbrn-tehdit-ve-tehlikelerine-karsi-farkindalik-ve-hazirliklari\/"},"modified":"2026-04-16T03:08:22","modified_gmt":"2026-04-16T00:08:22","slug":"hastanelerin-kbrn-tehdit-ve-tehlikelerine-karsi-farkindalik-ve-hazirliklari","status":"publish","type":"product","link":"https:\/\/roveyayinevi.com.tr\/index.php\/urun\/hastanelerin-kbrn-tehdit-ve-tehlikelerine-karsi-farkindalik-ve-hazirliklari\/","title":{"rendered":"Hastanelerin KBRN Tehdit ve Tehlikelerine Kar\u015f\u0131 Fark\u0131ndal\u0131k ve Haz\u0131rl\u0131klar\u0131"},"content":{"rendered":"<p>D\u00fcnyada ve \u00fclkemizde, end\u00fcstrile\u015fme kaynakl\u0131 \u015fehirle\u015fme bir yandan devasa bir sanayi toplumu olu\u015ftururken kendi i\u00e7inde ya\u015fad\u0131\u011f\u0131 tezatlar sebebiyle bireyselli\u011fi de \u00f6n plana \u00e7\u0131karm\u0131\u015f ve toplum i\u00e7i merhamet ve yard\u0131mla\u015fmay\u0131 azaltm\u0131\u015ft\u0131r. Tarihte g\u00f6r\u00fclmemi\u015f a\u011f\u0131r ve modern silahlanma ve end\u00fcstriyel\/meteorolojik afetler de insanl\u0131\u011f\u0131 tehdit etmektedir. Bireylerin, kurumlar ve devlet kar\u015f\u0131s\u0131nda beklentileri afet ortamlar\u0131nda sosyal medyan\u0131n da etkisiyle azami seviyeye y\u00fckselmi\u015ftir. B\u00f6ylesine, ad\u0131 konulmam\u0131\u015f kaos y\u00fczy\u0131l\u0131nda devletler ve uluslararas\u0131 organizasyonlar, afetlere haz\u0131rl\u0131k kapasitelerini art\u0131rmay\u0131 ama\u00e7layan \u00e7al\u0131\u015fmalara h\u0131z vermi\u015flerdir. Bu kitap, muhtemel bir KBRN tehdit ve tehlikesinde, \u00fclke genelinde Sa\u011fl\u0131k Bakanl\u0131\u011f\u0131 taraf\u0131ndan referans hastane olarak yetkilendirilen hastanelerin aniden olu\u015facak ola\u011fan\u00fcst\u00fc durumlar hakk\u0131nda fark\u0131ndal\u0131k ve haz\u0131r olu\u015flar\u0131n\u0131n de\u011ferlendirilmesine katk\u0131 sunabilmesi i\u00e7in haz\u0131rlanm\u0131\u015ft\u0131r. Kriz ortamlar\u0131nda hastanelerin acil servis, poliklinik ve klinik baz\u0131nda personel ve idarecileriyle g\u00f6sterecekleri tutum kamuoyuna g\u00fc\u00e7 ve g\u00fcven verecektir. Bu kapsamda haz\u0131rlanan kitab\u0131m\u0131zda hastane y\u00f6neticilerinin ola\u011fan\u00fcst\u00fc \u015fartlara y\u00f6nelik KBRN haz\u0131rl\u0131\u011f\u0131na y\u00f6nelik bilin\u00e7 ve iste\u011fi t\u00fcm hastane personelinin ve 112 ambulans servis ekibi ba\u015fta olmak \u00fczere t\u00fcm payda\u015flar\u0131n konuya ilgisini ve motivasyonunu sa\u011flayaca\u011f\u0131 d\u00fc\u015f\u00fcn\u00fclmektedir. <\/p>\n","protected":false},"excerpt":{"rendered":"<p>D\u00fcnyada ve \u00fclkemizde, end\u00fcstrile\u015fme kaynakl\u0131 \u015fehirle\u015fme bir yandan devasa bir sanayi toplumu olu\u015ftururken kendi i\u00e7inde ya\u015fad\u0131\u011f\u0131 tezatlar sebebiyle bireyselli\u011fi de \u00f6n plana \u00e7\u0131karm\u0131\u015f ve toplum i\u00e7i<span class=\"excerpt-hellip\"> [\u2026]<\/span><\/p>\n","protected":false},"featured_media":0,"template":"","meta":{"_monsterinsights_skip_tracking":false,"_monsterinsights_sitenote_active":false,"_monsterinsights_sitenote_note":"","_monsterinsights_sitenote_category":0},"product_brand":[],"product_cat":[13365],"product_tag":[],"class_list":{"0":"post-755168","1":"product","2":"type-product","3":"status-publish","5":"product_cat-saglik","6":"pa_cilt-ciltsiz","7":"pa_tur-kitap","8":"pa_yayinevi-tiav","9":"pa_yazar-sadi-ergin","11":"first","12":"instock","13":"sale","14":"shipping-taxable","15":"purchasable","16":"product-type-simple"},"_links":{"self":[{"href":"https:\/\/roveyayinevi.com.tr\/index.php\/wp-json\/wp\/v2\/product\/755168","targetHints":{"allow":["GET"]}}],"collection":[{"href":"https:\/\/roveyayinevi.com.tr\/index.php\/wp-json\/wp\/v2\/product"}],"about":[{"href":"https:\/\/roveyayinevi.com.tr\/index.php\/wp-json\/wp\/v2\/types\/product"}],"wp:attachment":[{"href":"https:\/\/roveyayinevi.com.tr\/index.php\/wp-json\/wp\/v2\/media?parent=755168"}],"wp:term":[{"taxonomy":"product_brand","embeddable":true,"href":"https:\/\/roveyayinevi.com.tr\/index.php\/wp-json\/wp\/v2\/product_brand?post=755168"},{"taxonomy":"product_cat","embeddable":true,"href":"https:\/\/roveyayinevi.com.tr\/index.php\/wp-json\/wp\/v2\/product_cat?post=755168"},{"taxonomy":"product_tag","embeddable":true,"href":"https:\/\/roveyayinevi.com.tr\/index.php\/wp-json\/wp\/v2\/product_tag?post=755168"}],"curies":[{"name":"wp","href":"https:\/\/api.w.org\/{rel}","templated":true}]}}