{"id":755167,"date":"2025-08-28T06:32:21","date_gmt":"2025-08-28T03:32:21","guid":{"rendered":"https:\/\/roveyayinevi.com.tr\/index.php\/urun\/cumhuriyette-ermeni-ve-rum-mallarinin-turklestirilmesi-1920-1930\/"},"modified":"2026-03-04T03:35:30","modified_gmt":"2026-03-04T00:35:30","slug":"cumhuriyette-ermeni-ve-rum-mallarinin-turklestirilmesi-1920-1930","status":"publish","type":"product","link":"https:\/\/roveyayinevi.com.tr\/index.php\/urun\/cumhuriyette-ermeni-ve-rum-mallarinin-turklestirilmesi-1920-1930\/","title":{"rendered":"Cumhuriyet\u2019te Ermeni ve Rum Mallar\u0131n\u0131n T\u00fcrkle\u015ftirilmesi (1920-1930)"},"content":{"rendered":"<p>Nevzat Onaran bu kitab\u0131nda Cumhuriyet\u2019in kurumsalla\u015ft\u0131\u011f\u0131 1920&#8217;lerdeki T\u00fcrkle\u015ftirmenin ekonomi politi\u011fini ara\u015ft\u0131r\u0131yor. Resmi belgelere ve gazete ar\u015fivlerine dayanan bu ara\u015ft\u0131rmada, 1920\u2019lerde Cumhuriyet\u2019in \u2018ulus devlet\u2019 in\u015fas\u0131n\u0131n, \u0130ttihat ve Terakki\u2019nin temellendirdi\u011fi ekonomi politika \u00fczerine bina edildi\u011fine ve bu anlamda bir organik devaml\u0131l\u0131\u011fa dikkat \u00e7ekiliyor.  <\/p>\n","protected":false},"excerpt":{"rendered":"<p>Nevzat Onaran bu kitab\u0131nda Cumhuriyet\u2019in kurumsalla\u015ft\u0131\u011f\u0131 1920&#8217;lerdeki T\u00fcrkle\u015ftirmenin ekonomi politi\u011fini ara\u015ft\u0131r\u0131yor. Resmi belgelere ve gazete ar\u015fivlerine dayanan bu ara\u015ft\u0131rmada, 1920\u2019lerde Cumhuriyet\u2019in \u2018ulus devlet\u2019 in\u015fas\u0131n\u0131n, \u0130ttihat ve<span class=\"excerpt-hellip\"> [\u2026]<\/span><\/p>\n","protected":false},"featured_media":0,"template":"","meta":{"_monsterinsights_skip_tracking":false,"_monsterinsights_sitenote_active":false,"_monsterinsights_sitenote_note":"","_monsterinsights_sitenote_category":0},"product_brand":[],"product_cat":[12304,13493],"product_tag":[],"class_list":{"0":"post-755167","1":"product","2":"type-product","3":"status-publish","5":"product_cat-tarih","6":"product_cat-turkiye-ve-cumhuriyet-tarihi","7":"pa_cilt-ciltsiz","8":"pa_tur-kitap","9":"pa_yayinevi-kor-kitap","10":"pa_yazar-nevzat-onaran","12":"first","13":"instock","14":"sale","15":"shipping-taxable","16":"purchasable","17":"product-type-simple"},"_links":{"self":[{"href":"https:\/\/roveyayinevi.com.tr\/index.php\/wp-json\/wp\/v2\/product\/755167","targetHints":{"allow":["GET"]}}],"collection":[{"href":"https:\/\/roveyayinevi.com.tr\/index.php\/wp-json\/wp\/v2\/product"}],"about":[{"href":"https:\/\/roveyayinevi.com.tr\/index.php\/wp-json\/wp\/v2\/types\/product"}],"wp:attachment":[{"href":"https:\/\/roveyayinevi.com.tr\/index.php\/wp-json\/wp\/v2\/media?parent=755167"}],"wp:term":[{"taxonomy":"product_brand","embeddable":true,"href":"https:\/\/roveyayinevi.com.tr\/index.php\/wp-json\/wp\/v2\/product_brand?post=755167"},{"taxonomy":"product_cat","embeddable":true,"href":"https:\/\/roveyayinevi.com.tr\/index.php\/wp-json\/wp\/v2\/product_cat?post=755167"},{"taxonomy":"product_tag","embeddable":true,"href":"https:\/\/roveyayinevi.com.tr\/index.php\/wp-json\/wp\/v2\/product_tag?post=755167"}],"curies":[{"name":"wp","href":"https:\/\/api.w.org\/{rel}","templated":true}]}}