{"id":755166,"date":"2025-08-28T06:32:20","date_gmt":"2025-08-28T03:32:20","guid":{"rendered":"https:\/\/roveyayinevi.com.tr\/index.php\/urun\/turkiyenin-1980li-yillari-ciltli\/"},"modified":"2026-04-16T03:08:22","modified_gmt":"2026-04-16T00:08:22","slug":"turkiyenin-1980li-yillari-ciltli","status":"publish","type":"product","link":"https:\/\/roveyayinevi.com.tr\/index.php\/urun\/turkiyenin-1980li-yillari-ciltli\/","title":{"rendered":"T\u00fcrkiye&#8217;nin 1980&#8217;li Y\u0131llar\u0131 (Ciltli)"},"content":{"rendered":"<p>Tu\u0308rkiye\u2019de \u201880\u2019ler, siyasi, iktisadi ve bu\u0308yu\u0308k bir toplumsal do\u0308nu\u0308s\u0327u\u0308mu\u0308n milad\u0131d\u0131r. Travmalar\u0131n, yeni bir insan ve toplum tipinin, aray\u0131s\u0327lar\u0131n oldug\u0306u kadar kaybolus\u0327lar\u0131n, dahas\u0131 yeni bir \u201cdu\u0308nya\u201dn\u0131n habercisidir&#8230; * 24 Ocak Kararlar\u0131, 12 Eylu\u0308l Darbesi ve 1982 Anayasas\u0131 * Mamak, Metris, Diyarbak\u0131r cezaevleri * Kenan Evren, Turgut O\u0308zal, Bu\u0308lent Ecevit, Turhan Feyziog\u0306lu, Erdal I\u0307no\u0308nu\u0308, Saim Bu\u0308lend Ulusu, Mesut Y\u0131lmaz, Y\u0131ld\u0131r\u0131m Akbulut, Hu\u0308samettin Cindoruk * Ordu ve siyaset ilis\u0327kisi, bankerler, prensler, 1402\u2019likler, toplu davalar, YO\u0308K * Ayd\u0131nlar Dilekc\u0327esi, I\u0307nsan Haklar\u0131 Derneg\u0306i, 1989 Bahar Eylemleri, Devekus\u0327u Kabare * Feminist hareket, LGBTI\u0307+ hareketi, Ku\u0308rt hareketi, Aleviler * Mu\u0308zik, sinema ve edebiyat a\u0302leminde gelis\u0327meler ve tart\u0131s\u0327malar Mete Kaan Kaynar\u2019\u0131n haz\u0131rlad\u0131g\u0306\u0131 derlemeye I\u0307smet Akc\u0327a, Mehmet O\u0308. Alkan, Murat Arslan, S\u0327u\u0308kru\u0308 Aslan, Go\u0308khan At\u0131lgan, P\u0131nar Aydog\u0306an, Ahmet Bayar, Arzu Bayar, Tan\u0131l Bora, Kemal Can, Aziz C\u0327elik, Zis\u0327an Ataman C\u0327elik, Elifcan C\u0327oruk, Kadir Dede, Hande Do\u0308nmez, Selc\u0327uk Duran, Veysel Ergu\u0308c\u0327, C\u0327imen Gu\u0308nay-Erkol, Kaan Gaytanc\u0131og\u0306lu, C\u0327ag\u0306das\u0327 Go\u0308ru\u0308cu\u0308, Demet Gu\u0308lc\u0327ic\u0327ek, S\u0327enol Gu\u0308ndog\u0306du, Bora Gu\u0308rdas\u0327, Nurettin Kalkan, Murat Karayalc\u0327\u0131n, Erdinc\u0327 Kaygusuz, Mete Kaan Kaynar, Tug\u0306c\u0327e Kelleci, Nuray Ertu\u0308rk-Keskin, Merve Eken-Ku\u0308c\u0327u\u0308kaksoy, Bayram Koca, Selc\u0327uk Koca, Ertug\u0306rul Zengin, Levent Odabas\u0327\u0131, Go\u0308ze Orhon, As\u0131m O\u0308z, Gencer O\u0308zcan, Celal Oral O\u0308zdemir, Cansu Parlak, Selman Sac\u0327, Ays\u0327em Sezer-S\u0327anl\u0131, Funda S\u0327enol, Tuncay S\u0327ur, Alper Torun, Sibel Utar, An\u0131l Varel, Aybars Yan\u0131k, Kerem Yavas\u0327c\u0327a, Koray R. Y\u0131lmaz, Onur Alp Y\u0131lmaz, Mehmet Yu\u0308ce, Besim Can Z\u0131rh, Bengu\u0308 O\u0308ztan-Ko\u0308ru\u0308n katk\u0131da bulundu.<\/p>\n","protected":false},"excerpt":{"rendered":"<p>Tu\u0308rkiye\u2019de \u201880\u2019ler, siyasi, iktisadi ve bu\u0308yu\u0308k bir toplumsal do\u0308nu\u0308s\u0327u\u0308mu\u0308n milad\u0131d\u0131r. Travmalar\u0131n, yeni bir insan ve toplum tipinin, aray\u0131s\u0327lar\u0131n oldug\u0306u kadar kaybolus\u0327lar\u0131n, dahas\u0131 yeni bir \u201cdu\u0308nya\u201dn\u0131n habercisidir&#8230;<span class=\"excerpt-hellip\"> [\u2026]<\/span><\/p>\n","protected":false},"featured_media":0,"template":"","meta":{"_monsterinsights_skip_tracking":false,"_monsterinsights_sitenote_active":false,"_monsterinsights_sitenote_note":"","_monsterinsights_sitenote_category":0},"product_brand":[],"product_cat":[12337],"product_tag":[],"class_list":{"0":"post-755166","1":"product","2":"type-product","3":"status-publish","5":"product_cat-politika-siyaset","6":"pa_cilt-ciltli","7":"pa_tur-kitap","8":"pa_yayinevi-iletisim-yayinlari","9":"pa_yazar-mete-kaan-kaynar-haz","11":"first","12":"instock","13":"sale","14":"shipping-taxable","15":"purchasable","16":"product-type-simple"},"_links":{"self":[{"href":"https:\/\/roveyayinevi.com.tr\/index.php\/wp-json\/wp\/v2\/product\/755166","targetHints":{"allow":["GET"]}}],"collection":[{"href":"https:\/\/roveyayinevi.com.tr\/index.php\/wp-json\/wp\/v2\/product"}],"about":[{"href":"https:\/\/roveyayinevi.com.tr\/index.php\/wp-json\/wp\/v2\/types\/product"}],"wp:attachment":[{"href":"https:\/\/roveyayinevi.com.tr\/index.php\/wp-json\/wp\/v2\/media?parent=755166"}],"wp:term":[{"taxonomy":"product_brand","embeddable":true,"href":"https:\/\/roveyayinevi.com.tr\/index.php\/wp-json\/wp\/v2\/product_brand?post=755166"},{"taxonomy":"product_cat","embeddable":true,"href":"https:\/\/roveyayinevi.com.tr\/index.php\/wp-json\/wp\/v2\/product_cat?post=755166"},{"taxonomy":"product_tag","embeddable":true,"href":"https:\/\/roveyayinevi.com.tr\/index.php\/wp-json\/wp\/v2\/product_tag?post=755166"}],"curies":[{"name":"wp","href":"https:\/\/api.w.org\/{rel}","templated":true}]}}