{"id":755162,"date":"2025-08-28T06:32:14","date_gmt":"2025-08-28T03:32:14","guid":{"rendered":"https:\/\/roveyayinevi.com.tr\/index.php\/urun\/erteledegim-seyler\/"},"modified":"2026-04-16T03:08:22","modified_gmt":"2026-04-16T00:08:22","slug":"erteledegim-seyler","status":"publish","type":"product","link":"https:\/\/roveyayinevi.com.tr\/index.php\/urun\/erteledegim-seyler\/","title":{"rendered":"Ertelede\u011fim \u015eeyler"},"content":{"rendered":"<p>Ertelemeye ne zaman ba\u015flad\u0131k?Peki, biz hayallerimizi kovalarken neleri erteledik?Ertelediklerimiz ve kovalad\u0131klar\u0131m\u0131z bir arada!Bu ikiliyi \u00e7ok sevecekseniz!\u00c7ocuklarla birlikte d\u00fc\u015f\u00fcn\u00fcp hayal ederken, k\u0131k\u0131r k\u0131k\u0131r g\u00fcleceksiniz fark etmeden.<\/p>\n","protected":false},"excerpt":{"rendered":"<p>Ertelemeye ne zaman ba\u015flad\u0131k?Peki, biz hayallerimizi kovalarken neleri erteledik?Ertelediklerimiz ve kovalad\u0131klar\u0131m\u0131z bir arada!Bu ikiliyi \u00e7ok sevecekseniz!\u00c7ocuklarla birlikte d\u00fc\u015f\u00fcn\u00fcp hayal ederken, k\u0131k\u0131r k\u0131k\u0131r g\u00fcleceksiniz fark etmeden.<\/p>\n","protected":false},"featured_media":0,"template":"","meta":{"_monsterinsights_skip_tracking":false,"_monsterinsights_sitenote_active":false,"_monsterinsights_sitenote_note":"","_monsterinsights_sitenote_category":0},"product_brand":[],"product_cat":[12274,12284],"product_tag":[],"class_list":{"0":"post-755162","1":"product","2":"type-product","3":"status-publish","5":"product_cat-cocuk-ve-genclik-kitaplari","6":"product_cat-hikayeler","7":"pa_cilt-ciltsiz","8":"pa_tur-kitap","9":"pa_yayinevi-ucan-fil-yayinlari","10":"pa_yazar-beste-gurel","12":"first","13":"instock","14":"sale","15":"shipping-taxable","16":"purchasable","17":"product-type-simple"},"_links":{"self":[{"href":"https:\/\/roveyayinevi.com.tr\/index.php\/wp-json\/wp\/v2\/product\/755162","targetHints":{"allow":["GET"]}}],"collection":[{"href":"https:\/\/roveyayinevi.com.tr\/index.php\/wp-json\/wp\/v2\/product"}],"about":[{"href":"https:\/\/roveyayinevi.com.tr\/index.php\/wp-json\/wp\/v2\/types\/product"}],"wp:attachment":[{"href":"https:\/\/roveyayinevi.com.tr\/index.php\/wp-json\/wp\/v2\/media?parent=755162"}],"wp:term":[{"taxonomy":"product_brand","embeddable":true,"href":"https:\/\/roveyayinevi.com.tr\/index.php\/wp-json\/wp\/v2\/product_brand?post=755162"},{"taxonomy":"product_cat","embeddable":true,"href":"https:\/\/roveyayinevi.com.tr\/index.php\/wp-json\/wp\/v2\/product_cat?post=755162"},{"taxonomy":"product_tag","embeddable":true,"href":"https:\/\/roveyayinevi.com.tr\/index.php\/wp-json\/wp\/v2\/product_tag?post=755162"}],"curies":[{"name":"wp","href":"https:\/\/api.w.org\/{rel}","templated":true}]}}