{"id":755156,"date":"2025-08-28T06:32:03","date_gmt":"2025-08-28T03:32:03","guid":{"rendered":"https:\/\/roveyayinevi.com.tr\/index.php\/urun\/muslumanca-yasamak\/"},"modified":"2026-04-16T03:08:22","modified_gmt":"2026-04-16T00:08:22","slug":"muslumanca-yasamak","status":"publish","type":"product","link":"https:\/\/roveyayinevi.com.tr\/index.php\/urun\/muslumanca-yasamak\/","title":{"rendered":"M\u00fcsl\u00fcmanca Ya\u015famak"},"content":{"rendered":"<p>T\u00fcrk \u00f6yk\u00fcc\u00fcl\u00fc\u011f\u00fcne ve d\u00fc\u015f\u00fcnce d\u00fcnyas\u0131na yeni fikirler ve boyutlar kazand\u0131rarak unutulmaz eserler veren Rasim \u00d6zden\u00f6ren, \u00f6yk\u00fc ve d\u00fc\u015f\u00fcncedeki istikrarl\u0131 ve g\u00fc\u00e7l\u00fc konumuyla kendinden sonra gelen pek \u00e7ok yazar\u0131 etkiledi. T\u00fcrk\u00e7eyi do\u011fru ve g\u00fczel kullanmadaki mahareti, insan ruhunun s\u0131rlar\u0131na v\u00e2k\u0131f olmas\u0131, g\u00f6zlemcili\u011fi, ayr\u0131nt\u0131lar\u0131 yakalamadaki ustal\u0131\u011f\u0131, dilde ve muhtevada yerli duru\u015fu her kesimde kabul g\u00f6rd\u00fc. \u00d6yk\u00fcleri; \u00f6zetlenemez olu\u015fuyla, her defas\u0131nda yeniyi ve yenilenmeyi yakalamas\u0131yla dikkat \u00e7ekti. Benli\u011fimizi, bilincimizi tazeleyen, okuyucusunu tekraren kendine \u00e7a\u011f\u0131ran metinler ortaya koydu. Toplumdaki de\u011fi\u015fmeyi, yabanc\u0131la\u015fmay\u0131, uyumsuzlu\u011fu, modern \u00e7a\u011f\u0131n insan\u0131n\u0131n dram\u0131n\u0131 ve traji\u011fini sergilemedeki ba\u015far\u0131s\u0131yla \u00f6zg\u00fcn bir yere sahip oldu. Bu \u00f6zellikleriyle edebiyat ve d\u00fc\u015f\u00fcn d\u00fcnyam\u0131z\u0131n bilgesi olarak an\u0131ld\u0131. T\u00fcrk \u00f6yk\u00fcc\u00fcl\u00fc\u011f\u00fcn\u00fcn ve deneme yazarl\u0131\u011f\u0131n\u0131n gelmi\u015f ge\u00e7mi\u015f en usta kalemlerinden biri olarak temay\u00fcz etti.Modern \u00e7a\u011fda birey olarak, toplum olarak M\u00fcsl\u00fcman(lar)\u2019\u0131n durumu nedir, kar\u015f\u0131s\u0131na \u00e7\u0131kan problemleri a\u015fmada nas\u0131l bir yol tutacakt\u0131r? Modern hayatla beraber gelen \u00e7at\u0131\u015fmalar\u0131 nas\u0131l a\u015facakt\u0131r? \u0130\u00e7inde ya\u015fad\u0131\u011f\u0131 bu \u00e7at\u0131\u015fk\u0131l\u0131 hayat\u0131n avantajlar\u0131 ve dezavantajlar\u0131 nedir? Ortaya \u00e7\u0131kan b\u00f6lmeli kafayla ve hastal\u0131kl\u0131 fikirlerle nas\u0131l m\u00fccadele edecektir? M\u00fcsl\u00fcman, kendini imar etmeden neyi imar edebilecektir? K\u0131saca M\u00fcsl\u00fcmanca ya\u015famak ne demektir?\u00d6zden\u00f6ren, M\u00fcsl\u00fcmanca Ya\u015famak\u2019ta, bu soru(n)lara geni\u015f ve derinlikli bir bak\u0131\u015f a\u00e7\u0131s\u0131yla \u00f6zg\u00fcn fikirler sunuyor. \u0130sl\u00e2m\u00ee bilincin olu\u015fmas\u0131n\u0131, M\u00fcsl\u00fcmanlar\u0131n bilin\u00e7lenmesini, kendisine her \u015feyi de\u011fi\u015ftirme imk\u00e2n\u0131 verilen M\u00fcsl\u00fcman\u2019\u0131n en g\u00fczel \u00f6rnekli\u011finin \u0130sl\u00e2m\u2019\u0131 kendi nefsinde ya\u015famayla ger\u00e7ekle\u015febilece\u011fini manev\u00ee bir perspektifle ortaya koyuyor.<\/p>\n","protected":false},"excerpt":{"rendered":"<p>T\u00fcrk \u00f6yk\u00fcc\u00fcl\u00fc\u011f\u00fcne ve d\u00fc\u015f\u00fcnce d\u00fcnyas\u0131na yeni fikirler ve boyutlar kazand\u0131rarak unutulmaz eserler veren Rasim \u00d6zden\u00f6ren, \u00f6yk\u00fc ve d\u00fc\u015f\u00fcncedeki istikrarl\u0131 ve g\u00fc\u00e7l\u00fc konumuyla kendinden sonra gelen pek<span class=\"excerpt-hellip\"> [\u2026]<\/span><\/p>\n","protected":false},"featured_media":0,"template":"","meta":{"_monsterinsights_skip_tracking":false,"_monsterinsights_sitenote_active":false,"_monsterinsights_sitenote_note":"","_monsterinsights_sitenote_category":0},"product_brand":[],"product_cat":[12777,12291],"product_tag":[],"class_list":{"0":"post-755156","1":"product","2":"type-product","3":"status-publish","5":"product_cat-deneme","6":"product_cat-edebiyat","7":"pa_cilt-ciltsiz","8":"pa_tur-kitap","9":"pa_yayinevi-iz-yayincilik","10":"pa_yazar-rasim-ozdenoren","12":"first","13":"instock","14":"sale","15":"shipping-taxable","16":"purchasable","17":"product-type-simple"},"_links":{"self":[{"href":"https:\/\/roveyayinevi.com.tr\/index.php\/wp-json\/wp\/v2\/product\/755156","targetHints":{"allow":["GET"]}}],"collection":[{"href":"https:\/\/roveyayinevi.com.tr\/index.php\/wp-json\/wp\/v2\/product"}],"about":[{"href":"https:\/\/roveyayinevi.com.tr\/index.php\/wp-json\/wp\/v2\/types\/product"}],"wp:attachment":[{"href":"https:\/\/roveyayinevi.com.tr\/index.php\/wp-json\/wp\/v2\/media?parent=755156"}],"wp:term":[{"taxonomy":"product_brand","embeddable":true,"href":"https:\/\/roveyayinevi.com.tr\/index.php\/wp-json\/wp\/v2\/product_brand?post=755156"},{"taxonomy":"product_cat","embeddable":true,"href":"https:\/\/roveyayinevi.com.tr\/index.php\/wp-json\/wp\/v2\/product_cat?post=755156"},{"taxonomy":"product_tag","embeddable":true,"href":"https:\/\/roveyayinevi.com.tr\/index.php\/wp-json\/wp\/v2\/product_tag?post=755156"}],"curies":[{"name":"wp","href":"https:\/\/api.w.org\/{rel}","templated":true}]}}