{"id":755155,"date":"2025-08-28T06:32:01","date_gmt":"2025-08-28T03:32:01","guid":{"rendered":"https:\/\/roveyayinevi.com.tr\/index.php\/urun\/alti-kere-sekiz\/"},"modified":"2026-04-16T03:08:22","modified_gmt":"2026-04-16T00:08:22","slug":"alti-kere-sekiz","status":"publish","type":"product","link":"https:\/\/roveyayinevi.com.tr\/index.php\/urun\/alti-kere-sekiz\/","title":{"rendered":"Alt\u0131 Kere Sekiz?"},"content":{"rendered":"<p>\u00d6\u011fretmen o g\u00fcn tahtaya yeni bir konu yazd\u0131: \u00c7ARPMA \u0130\u015eLEM\u0130.   Say\u0131lar\u0131 \u00e7ok seven Emre\u2019yi bir tela\u015ft\u0131r ald\u0131, karn\u0131 bile a\u011fr\u0131maya ba\u015flad\u0131. Uzun uzun toplamak varken \u00e7arpma i\u015flemine ne gerek vard\u0131! Ama bir g\u00fcn say\u0131 sihirbaz\u0131 Bay Sonsuz\u2019la tan\u0131\u015ft\u0131. Matematik T\u00fcneli\u2019nde inan\u0131lmaz maceralar ya\u015fad\u0131ktan sonra \u00e7arpma i\u015flemi art\u0131k \u00e7ocuk oyunca\u011f\u0131yd\u0131! <\/p>\n","protected":false},"excerpt":{"rendered":"<p>\u00d6\u011fretmen o g\u00fcn tahtaya yeni bir konu yazd\u0131: \u00c7ARPMA \u0130\u015eLEM\u0130. Say\u0131lar\u0131 \u00e7ok seven Emre\u2019yi bir tela\u015ft\u0131r ald\u0131, karn\u0131 bile a\u011fr\u0131maya ba\u015flad\u0131. Uzun uzun toplamak varken \u00e7arpma<span class=\"excerpt-hellip\"> [\u2026]<\/span><\/p>\n","protected":false},"featured_media":0,"template":"","meta":{"_monsterinsights_skip_tracking":false,"_monsterinsights_sitenote_active":false,"_monsterinsights_sitenote_note":"","_monsterinsights_sitenote_category":0},"product_brand":[],"product_cat":[12274,12284],"product_tag":[],"class_list":{"0":"post-755155","1":"product","2":"type-product","3":"status-publish","5":"product_cat-cocuk-ve-genclik-kitaplari","6":"product_cat-hikayeler","7":"pa_cilt-ciltsiz","8":"pa_tur-kitap","9":"pa_yayinevi-dogan-cocuk","10":"pa_yazar-feyza-demir","12":"first","13":"instock","14":"sale","15":"shipping-taxable","16":"purchasable","17":"product-type-simple"},"_links":{"self":[{"href":"https:\/\/roveyayinevi.com.tr\/index.php\/wp-json\/wp\/v2\/product\/755155","targetHints":{"allow":["GET"]}}],"collection":[{"href":"https:\/\/roveyayinevi.com.tr\/index.php\/wp-json\/wp\/v2\/product"}],"about":[{"href":"https:\/\/roveyayinevi.com.tr\/index.php\/wp-json\/wp\/v2\/types\/product"}],"wp:attachment":[{"href":"https:\/\/roveyayinevi.com.tr\/index.php\/wp-json\/wp\/v2\/media?parent=755155"}],"wp:term":[{"taxonomy":"product_brand","embeddable":true,"href":"https:\/\/roveyayinevi.com.tr\/index.php\/wp-json\/wp\/v2\/product_brand?post=755155"},{"taxonomy":"product_cat","embeddable":true,"href":"https:\/\/roveyayinevi.com.tr\/index.php\/wp-json\/wp\/v2\/product_cat?post=755155"},{"taxonomy":"product_tag","embeddable":true,"href":"https:\/\/roveyayinevi.com.tr\/index.php\/wp-json\/wp\/v2\/product_tag?post=755155"}],"curies":[{"name":"wp","href":"https:\/\/api.w.org\/{rel}","templated":true}]}}