{"id":755153,"date":"2025-08-28T06:31:58","date_gmt":"2025-08-28T03:31:58","guid":{"rendered":"https:\/\/roveyayinevi.com.tr\/index.php\/urun\/baskasinin-ayakkabisi\/"},"modified":"2026-04-16T03:08:22","modified_gmt":"2026-04-16T00:08:22","slug":"baskasinin-ayakkabisi","status":"publish","type":"product","link":"https:\/\/roveyayinevi.com.tr\/index.php\/urun\/baskasinin-ayakkabisi\/","title":{"rendered":"Ba\u015fkas\u0131n\u0131n Ayakkab\u0131s\u0131"},"content":{"rendered":"<p>Spor salonunda birbirini hi\u00e7 tan\u0131mayan, ayr\u0131 d\u00fcnyalar\u0131n insan\u0131 iki kad\u0131n\u0131n \u00e7antalar\u0131 kar\u0131\u015f\u0131rsa ne olur?   Kad\u0131nlardan ilki Nisha\u2019n\u0131n g\u00f6z kama\u015ft\u0131r\u0131c\u0131 bir ya\u015fant\u0131s\u0131 vard\u0131; l\u00fcks i\u00e7inde y\u00fcz\u00fcyordu, ta ki kocas\u0131 bo\u015fand\u0131\u011f\u0131n\u0131 ilan edip onunla t\u00fcm maddi manevi ili\u015fkisini kesene kadar. Nisha kocas\u0131yla m\u00fccadele etmek ve kendi ayaklar\u0131n\u0131n \u00fczerinde durmak istiyordu ama o g\u00fcn aya\u011f\u0131na giyece\u011fi bir ayakkab\u0131s\u0131 bile kalmam\u0131\u015ft\u0131. Di\u011fer kad\u0131n\u0131m\u0131z Sam\u2019in ise zor bir hayat\u0131 vard\u0131 ve yanl\u0131\u015fl\u0131kla ba\u015fkas\u0131n\u0131n \u00e7antas\u0131n\u0131 ald\u0131\u011f\u0131n\u0131 fark etti\u011finde her \u015fey i\u00e7in \u00e7ok ge\u00e7ti, geri d\u00f6nemezdi; kendisini, ailesini ve i\u015fini kaybetmemek i\u00e7in ko\u015fmal\u0131yd\u0131. Hayat\u0131nda ilk kez y\u00fcksek topuklu bir ayakkab\u0131 giymesine ra\u011fmen, timsah derisi k\u0131rm\u0131z\u0131 Christian Louboutin\u2019leri aya\u011f\u0131na ge\u00e7irdi\u011fi an, y\u0131llard\u0131r yoklu\u011funu hissetti\u011fi \u00f6zg\u00fcveni geri geldi.   Jojo Moyes her roman\u0131nda kad\u0131n ruhunu, zek\u00e2s\u0131n\u0131, ihtiya\u00e7lar\u0131n\u0131 daha derinden ele almay\u0131 ba\u015far\u0131yor ve bunu \u00f6yle \u015fefkatli bir mizahla yap\u0131yor ki, kitab\u0131 bitince g\u00f6\u011fs\u00fcn\u00fcze s\u0131k\u0131 s\u0131k\u0131 bast\u0131rmak istiyorsunuz.   \u0130\u015fte size, k\u00fc\u00e7\u00fcc\u00fck bir \u015feyin bile b\u00fct\u00fcn hayat\u0131m\u0131z\u0131 iyi y\u00f6nde de\u011fi\u015ftirebilecek kadar g\u00fc\u00e7l\u00fc oldu\u011funu ve ikinci \u015fanslara inanmam\u0131z gerekti\u011fini anlatan umut, a\u015fk ve dostluk dolu bir hik\u00e2ye.   \u201c\u00c7ok az yazar sizi bir sayfada g\u00fcld\u00fcr\u00fcp di\u011ferinde a\u011flatma g\u00fcc\u00fcne sahiptir. Moyes onlardan biri.\u201d The New York Times   \u201cKad\u0131n arkada\u015fl\u0131\u011f\u0131n\u0131n g\u00fcc\u00fc hakk\u0131nda ilgi \u00e7ekici, i\u00e7ten bir roman.\u201d Kirkus <\/p>\n","protected":false},"excerpt":{"rendered":"<p>Spor salonunda birbirini hi\u00e7 tan\u0131mayan, ayr\u0131 d\u00fcnyalar\u0131n insan\u0131 iki kad\u0131n\u0131n \u00e7antalar\u0131 kar\u0131\u015f\u0131rsa ne olur? Kad\u0131nlardan ilki Nisha\u2019n\u0131n g\u00f6z kama\u015ft\u0131r\u0131c\u0131 bir ya\u015fant\u0131s\u0131 vard\u0131; l\u00fcks i\u00e7inde y\u00fcz\u00fcyordu, ta<span class=\"excerpt-hellip\"> [\u2026]<\/span><\/p>\n","protected":false},"featured_media":0,"template":"","meta":{"_monsterinsights_skip_tracking":false,"_monsterinsights_sitenote_active":false,"_monsterinsights_sitenote_note":"","_monsterinsights_sitenote_category":0},"product_brand":[],"product_cat":[12291,12711],"product_tag":[],"class_list":{"0":"post-755153","1":"product","2":"type-product","3":"status-publish","5":"product_cat-edebiyat","6":"product_cat-roman-oyku","7":"pa_cilt-ciltsiz","8":"pa_tur-kitap","9":"pa_yayinevi-dex-yayinevi","10":"pa_yazar-jojo-moyes","12":"first","13":"instock","14":"sale","15":"shipping-taxable","16":"purchasable","17":"product-type-simple"},"_links":{"self":[{"href":"https:\/\/roveyayinevi.com.tr\/index.php\/wp-json\/wp\/v2\/product\/755153","targetHints":{"allow":["GET"]}}],"collection":[{"href":"https:\/\/roveyayinevi.com.tr\/index.php\/wp-json\/wp\/v2\/product"}],"about":[{"href":"https:\/\/roveyayinevi.com.tr\/index.php\/wp-json\/wp\/v2\/types\/product"}],"wp:attachment":[{"href":"https:\/\/roveyayinevi.com.tr\/index.php\/wp-json\/wp\/v2\/media?parent=755153"}],"wp:term":[{"taxonomy":"product_brand","embeddable":true,"href":"https:\/\/roveyayinevi.com.tr\/index.php\/wp-json\/wp\/v2\/product_brand?post=755153"},{"taxonomy":"product_cat","embeddable":true,"href":"https:\/\/roveyayinevi.com.tr\/index.php\/wp-json\/wp\/v2\/product_cat?post=755153"},{"taxonomy":"product_tag","embeddable":true,"href":"https:\/\/roveyayinevi.com.tr\/index.php\/wp-json\/wp\/v2\/product_tag?post=755153"}],"curies":[{"name":"wp","href":"https:\/\/api.w.org\/{rel}","templated":true}]}}