{"id":755152,"date":"2025-08-28T06:31:57","date_gmt":"2025-08-28T03:31:57","guid":{"rendered":"https:\/\/roveyayinevi.com.tr\/index.php\/urun\/sen-de-yap-2-deney-gozlem-ve-etkinlik-kitabi\/"},"modified":"2026-04-16T03:08:22","modified_gmt":"2026-04-16T00:08:22","slug":"sen-de-yap-2-deney-gozlem-ve-etkinlik-kitabi","status":"publish","type":"product","link":"https:\/\/roveyayinevi.com.tr\/index.php\/urun\/sen-de-yap-2-deney-gozlem-ve-etkinlik-kitabi\/","title":{"rendered":"Sen de Yap 2 &#8211; Deney, G\u00f6zlem ve Etkinlik Kitab\u0131"},"content":{"rendered":"<p>G\u00f6kku\u015fa\u011f\u0131 nas\u0131l olu\u015fur? Uzaktan kumanda nas\u0131l \u00e7al\u0131\u015f\u0131r? Bir barda\u011f\u0131 g\u00f6r\u00fcnmez h\u00e2le getirebilir miyiz? Sesi g\u00f6rebilir miyiz? Bu kitap tam da bu gibi sorular\u0131n yan\u0131tlar\u0131n\u0131 merak edenler i\u00e7in haz\u0131rland\u0131. SEN DE YAP adl\u0131 serinin bu ikinci kitab\u0131nda ses ve \u0131\u015f\u0131kla ili\u015fkili \u00e7ok say\u0131da deney, g\u00f6zlem ve etkinlik yer al\u0131yor. Kitapta yer alan deneyler yazar, edit\u00f6r ve bilim ileti\u015fimcisi Alp Ako\u011flu ile edit\u00f6r, \u00e7ocuk kitaplar\u0131 yazar\u0131 ve biyolog Zuhal \u00d6zer taraf\u0131ndan dikkatle haz\u0131rland\u0131. Angela Esin \u00d6zbek taraf\u0131ndan \u00f6zenle \u00e7izildi ve Ay\u015feg\u00fcl Do\u011fan Bircan taraf\u0131ndan kitapla\u015ft\u0131r\u0131ld\u0131. <\/p>\n","protected":false},"excerpt":{"rendered":"<p>G\u00f6kku\u015fa\u011f\u0131 nas\u0131l olu\u015fur? Uzaktan kumanda nas\u0131l \u00e7al\u0131\u015f\u0131r? Bir barda\u011f\u0131 g\u00f6r\u00fcnmez h\u00e2le getirebilir miyiz? Sesi g\u00f6rebilir miyiz? Bu kitap tam da bu gibi sorular\u0131n yan\u0131tlar\u0131n\u0131 merak edenler<span class=\"excerpt-hellip\"> [\u2026]<\/span><\/p>\n","protected":false},"featured_media":0,"template":"","meta":{"_monsterinsights_skip_tracking":false,"_monsterinsights_sitenote_active":false,"_monsterinsights_sitenote_note":"","_monsterinsights_sitenote_category":0},"product_brand":[],"product_cat":[13829,12274],"product_tag":[],"class_list":{"0":"post-755152","1":"product","2":"type-product","3":"status-publish","5":"product_cat-bilimsel-kitaplar","6":"product_cat-cocuk-ve-genclik-kitaplari","7":"pa_cilt-ciltsiz","8":"pa_tur-kitap","9":"pa_yayinevi-potikare-yayincilik","10":"pa_yazar-alp-akoglu-zuhal-ozer","12":"first","13":"instock","14":"sale","15":"shipping-taxable","16":"purchasable","17":"product-type-simple"},"_links":{"self":[{"href":"https:\/\/roveyayinevi.com.tr\/index.php\/wp-json\/wp\/v2\/product\/755152","targetHints":{"allow":["GET"]}}],"collection":[{"href":"https:\/\/roveyayinevi.com.tr\/index.php\/wp-json\/wp\/v2\/product"}],"about":[{"href":"https:\/\/roveyayinevi.com.tr\/index.php\/wp-json\/wp\/v2\/types\/product"}],"wp:attachment":[{"href":"https:\/\/roveyayinevi.com.tr\/index.php\/wp-json\/wp\/v2\/media?parent=755152"}],"wp:term":[{"taxonomy":"product_brand","embeddable":true,"href":"https:\/\/roveyayinevi.com.tr\/index.php\/wp-json\/wp\/v2\/product_brand?post=755152"},{"taxonomy":"product_cat","embeddable":true,"href":"https:\/\/roveyayinevi.com.tr\/index.php\/wp-json\/wp\/v2\/product_cat?post=755152"},{"taxonomy":"product_tag","embeddable":true,"href":"https:\/\/roveyayinevi.com.tr\/index.php\/wp-json\/wp\/v2\/product_tag?post=755152"}],"curies":[{"name":"wp","href":"https:\/\/api.w.org\/{rel}","templated":true}]}}