{"id":755151,"date":"2025-08-28T06:31:56","date_gmt":"2025-08-28T03:31:56","guid":{"rendered":"https:\/\/roveyayinevi.com.tr\/index.php\/urun\/kuralsizlik-kuraldir-netflix-ve-kultur-degisimi\/"},"modified":"2026-04-16T03:08:22","modified_gmt":"2026-04-16T00:08:22","slug":"kuralsizlik-kuraldir-netflix-ve-kultur-degisimi","status":"publish","type":"product","link":"https:\/\/roveyayinevi.com.tr\/index.php\/urun\/kuralsizlik-kuraldir-netflix-ve-kultur-degisimi\/","title":{"rendered":"Kurals\u0131zl\u0131k Kurald\u0131r: Netflix ve K\u00fclt\u00fcr De\u011fi\u015fimi"},"content":{"rendered":"<p>Netflix\u2019in kurucular\u0131ndan Reed Hastings, d\u00fcnyan\u0131n en yenilik\u00e7i, ba\u015far\u0131l\u0131 ve yarat\u0131c\u0131 \u015firketlerinden birinin al\u0131\u015f\u0131lmad\u0131k i\u015fleyi\u015fini g\u00f6zler \u00f6n\u00fcne seriyor.   Netflix gibi bir \u015firket daha \u00f6nce hi\u00e7 olmad\u0131. E\u011flence sekt\u00f6r\u00fcnde resmen bir devrim yaratt\u0131, milyarlarca dolar kazand\u0131 ve190 \u00fclkede y\u00fcz milyonlarca insana hizmet verdi. Ancak 1998\u2019de kurulan Netflix bu ba\u015far\u0131lar\u0131 elde edebilmek i\u00e7in s\u00fcrekli de\u011fi\u015fmek zorundayd\u0131. Reed Hastings\u2019in en ba\u015ftan itibaren uygulad\u0131\u011f\u0131radikal y\u00f6netim prensipleri olmadan bu e\u015fi benzeri g\u00f6r\u00fclmemi\u015f esneklik m\u00fcmk\u00fcn olamazd\u0131. Hastings di\u011fer \u015firketlerin uygulad\u0131\u011f\u0131 pratikleri ve gelenekleri reddederek \u00f6zg\u00fcrl\u00fck ve sorumlulukodakl\u0131 bir k\u00fclt\u00fcr geli\u015ftirdi. B\u00f6ylece \u00fcyelerinin ve d\u00fcnyan\u0131n ihtiya\u00e7lar\u0131 de\u011fi\u015firken adapte olmay\u0131 ve yenilenmeyi bildi.   Netflix\u2019in bir izin veya \u015firket i\u00e7i masraf politikas\u0131 yoktur. Netflix\u2019te ne kadar \u00e7ok \u00e7al\u0131\u015ft\u0131\u011f\u0131n\u0131z\u0131n bir \u00f6nemi yoktur ve ortalama bir performans, tazminat\u0131n\u0131z\u0131 al\u0131p ayr\u0131lman\u0131za sebep olur. Netflix\u2019te patronunuza de\u011fil, \u015firkete hizmet edersiniz. \u00c7al\u0131\u015fanlar\u0131n izin almalar\u0131na gerek yoktur ve maa\u015flar piyasan\u0131n en y\u00fckse\u011fidir.   Reed Hastings ve Erin Meyer, i\u015f d\u00fcnyas\u0131n\u0131n g\u0131ptayla bakt\u0131\u011f\u0131 Netflix\u2019in k\u00fclt\u00fcr\u00fcn\u00fc olu\u015fturan \u00f6\u011feleri ilk kez derinlemesine inceliyor. Kurals\u0131zl\u0131k Kurald\u0131r yenilik\u00e7i, yarat\u0131c\u0131 ve ba\u015far\u0131l\u0131 bir\u015firket i\u00e7in neler yap\u0131lmas\u0131 gerekti\u011fini ad\u0131m ad\u0131m a\u00e7\u0131kl\u0131yor. <\/p>\n","protected":false},"excerpt":{"rendered":"<p>Netflix\u2019in kurucular\u0131ndan Reed Hastings, d\u00fcnyan\u0131n en yenilik\u00e7i, ba\u015far\u0131l\u0131 ve yarat\u0131c\u0131 \u015firketlerinden birinin al\u0131\u015f\u0131lmad\u0131k i\u015fleyi\u015fini g\u00f6zler \u00f6n\u00fcne seriyor. Netflix gibi bir \u015firket daha \u00f6nce hi\u00e7 olmad\u0131. E\u011flence<span class=\"excerpt-hellip\"> [\u2026]<\/span><\/p>\n","protected":false},"featured_media":0,"template":"","meta":{"_monsterinsights_skip_tracking":false,"_monsterinsights_sitenote_active":false,"_monsterinsights_sitenote_note":"","_monsterinsights_sitenote_category":0},"product_brand":[],"product_cat":[13043,17647],"product_tag":[],"class_list":{"0":"post-755151","1":"product","2":"type-product","3":"status-publish","5":"product_cat-ekonomi","6":"product_cat-is-dunyasi","7":"pa_cilt-ciltsiz","8":"pa_tur-kitap","9":"pa_yayinevi-ceo-plus","10":"pa_yazar-reed-hastings-erin-meyer","12":"first","13":"instock","14":"sale","15":"shipping-taxable","16":"purchasable","17":"product-type-simple"},"_links":{"self":[{"href":"https:\/\/roveyayinevi.com.tr\/index.php\/wp-json\/wp\/v2\/product\/755151","targetHints":{"allow":["GET"]}}],"collection":[{"href":"https:\/\/roveyayinevi.com.tr\/index.php\/wp-json\/wp\/v2\/product"}],"about":[{"href":"https:\/\/roveyayinevi.com.tr\/index.php\/wp-json\/wp\/v2\/types\/product"}],"wp:attachment":[{"href":"https:\/\/roveyayinevi.com.tr\/index.php\/wp-json\/wp\/v2\/media?parent=755151"}],"wp:term":[{"taxonomy":"product_brand","embeddable":true,"href":"https:\/\/roveyayinevi.com.tr\/index.php\/wp-json\/wp\/v2\/product_brand?post=755151"},{"taxonomy":"product_cat","embeddable":true,"href":"https:\/\/roveyayinevi.com.tr\/index.php\/wp-json\/wp\/v2\/product_cat?post=755151"},{"taxonomy":"product_tag","embeddable":true,"href":"https:\/\/roveyayinevi.com.tr\/index.php\/wp-json\/wp\/v2\/product_tag?post=755151"}],"curies":[{"name":"wp","href":"https:\/\/api.w.org\/{rel}","templated":true}]}}