{"id":755149,"date":"2025-08-28T06:31:53","date_gmt":"2025-08-28T03:31:53","guid":{"rendered":"https:\/\/roveyayinevi.com.tr\/index.php\/urun\/affedersiniz-ice-donuk\/"},"modified":"2026-04-16T03:08:22","modified_gmt":"2026-04-16T00:08:22","slug":"affedersiniz-ice-donuk","status":"publish","type":"product","link":"https:\/\/roveyayinevi.com.tr\/index.php\/urun\/affedersiniz-ice-donuk\/","title":{"rendered":"Affedersiniz \u0130\u00e7e D\u00f6n\u00fck"},"content":{"rendered":"<p>Susanlar, kendi i\u00e7inde kaybolanlar, kalabal\u0131klar i\u00e7inde bunalanlar ve kendi kabu\u011funda ya\u015famaya bay\u0131lanlar, haz\u0131rsan\u0131z sizin gibi bir i\u00e7ed\u00f6n\u00fck kap\u0131n\u0131z\u0131 t\u0131klat\u0131yor!   \u00c7ocuklu\u011funuzdan beri, \u201cNeden konu\u015fmuyorsun?\u201d \u201cNe kadar so\u011fuksun!\u201d \u201cBiraz sesin \u00e7\u0131ks\u0131n!\u201d   gibi c\u00fcmleleri fazlas\u0131yla duyduysan\u0131z ve hep i\u00e7\u2019iniz daha zengin oldu\u011fu halde d\u0131\u015fad\u00f6n\u00fck olmad\u0131\u011f\u0131n\u0131z i\u00e7in d\u0131\u015f\u2019land\u0131ysan\u0131z ve buna i\u00e7\u2019lendiyseniz ve \u015fimdi i\u00e7i d\u0131\u015f\u0131 bir yapmak niyetindeyseniz i\u015fte f\u0131rsat&#8230; Bilin ki: Sizden daha \u00fcst\u00fcn bir d\u00fcnyaya ayak uydurmaya \u00e7al\u0131\u015fm\u0131yorsunuz; sahip oldu\u011funuz \u00f6d\u00fclleri d\u00fcnyayla payla\u015fmak i\u00e7in d\u0131\u015fad\u00f6n\u00fcklerle e\u015fitsiniz. D\u00fcnya bir i\u00e7ed\u00f6n\u00fck i\u00e7in ne kadar bilinmez ise bir d\u0131\u015fad\u00f6n\u00fck i\u00e7in de \u00f6yle. Kendisi de bir i\u00e7ed\u00f6n\u00fck olan G\u00f6zde Attila d\u00fcr\u00fcst bir yal\u0131nl\u0131kla aktar\u0131yor ya\u015fad\u0131klar\u0131n\u0131. Kendini nas\u0131l buldu\u011funu anlat\u0131rken sizin de kendi yolunuzu bulman\u0131z i\u00e7in b\u00fct\u00fcn i\u00e7\u2019tenli\u011fiyle \u0131\u015f\u0131kl\u0131 ipu\u00e7lar\u0131 b\u0131rak\u0131yor sayfalara. <\/p>\n","protected":false},"excerpt":{"rendered":"<p>Susanlar, kendi i\u00e7inde kaybolanlar, kalabal\u0131klar i\u00e7inde bunalanlar ve kendi kabu\u011funda ya\u015famaya bay\u0131lanlar, haz\u0131rsan\u0131z sizin gibi bir i\u00e7ed\u00f6n\u00fck kap\u0131n\u0131z\u0131 t\u0131klat\u0131yor! \u00c7ocuklu\u011funuzdan beri, \u201cNeden konu\u015fmuyorsun?\u201d \u201cNe kadar so\u011fuksun!\u201d<span class=\"excerpt-hellip\"> [\u2026]<\/span><\/p>\n","protected":false},"featured_media":0,"template":"","meta":{"_monsterinsights_skip_tracking":false,"_monsterinsights_sitenote_active":false,"_monsterinsights_sitenote_note":"","_monsterinsights_sitenote_category":0},"product_brand":[],"product_cat":[12364,12376],"product_tag":[],"class_list":{"0":"post-755149","1":"product","2":"type-product","3":"status-publish","5":"product_cat-genel-konular","6":"product_cat-kisisel-gelisim","7":"pa_cilt-ciltsiz","8":"pa_tur-kitap","9":"pa_yayinevi-dogan-novus","10":"pa_yazar-gozde-attila","12":"first","13":"instock","14":"sale","15":"shipping-taxable","16":"purchasable","17":"product-type-simple"},"_links":{"self":[{"href":"https:\/\/roveyayinevi.com.tr\/index.php\/wp-json\/wp\/v2\/product\/755149","targetHints":{"allow":["GET"]}}],"collection":[{"href":"https:\/\/roveyayinevi.com.tr\/index.php\/wp-json\/wp\/v2\/product"}],"about":[{"href":"https:\/\/roveyayinevi.com.tr\/index.php\/wp-json\/wp\/v2\/types\/product"}],"wp:attachment":[{"href":"https:\/\/roveyayinevi.com.tr\/index.php\/wp-json\/wp\/v2\/media?parent=755149"}],"wp:term":[{"taxonomy":"product_brand","embeddable":true,"href":"https:\/\/roveyayinevi.com.tr\/index.php\/wp-json\/wp\/v2\/product_brand?post=755149"},{"taxonomy":"product_cat","embeddable":true,"href":"https:\/\/roveyayinevi.com.tr\/index.php\/wp-json\/wp\/v2\/product_cat?post=755149"},{"taxonomy":"product_tag","embeddable":true,"href":"https:\/\/roveyayinevi.com.tr\/index.php\/wp-json\/wp\/v2\/product_tag?post=755149"}],"curies":[{"name":"wp","href":"https:\/\/api.w.org\/{rel}","templated":true}]}}