{"id":755146,"date":"2025-08-28T06:31:48","date_gmt":"2025-08-28T03:31:48","guid":{"rendered":"https:\/\/roveyayinevi.com.tr\/index.php\/urun\/nasreddin-hoca-fikralari-2\/"},"modified":"2026-04-16T03:08:22","modified_gmt":"2026-04-16T00:08:22","slug":"nasreddin-hoca-fikralari-2","status":"publish","type":"product","link":"https:\/\/roveyayinevi.com.tr\/index.php\/urun\/nasreddin-hoca-fikralari-2\/","title":{"rendered":"Nasreddin Hoca F\u0131kralar\u0131"},"content":{"rendered":"<p>\u201cNasreddin Hoca&#8217;n\u0131n hik\u00e2yeleri, sadece g\u00fcl\u00fcmsetmek ve e\u011flendirmek i\u00e7in de\u011fil, ayn\u0131 zamanda d\u00fc\u015f\u00fcnd\u00fcrmek ve bilgelik kazand\u0131rmak i\u00e7in de vard\u0131r. Onun f\u0131kralar\u0131 \u00fczerine d\u00fc\u015f\u00fcnmek, hayat\u0131n karma\u015f\u0131kl\u0131\u011f\u0131n\u0131 anlama ve d\u00fcnyay\u0131 farkl\u0131 bir perspektiften g\u00f6rme f\u0131rsat\u0131 sunar.\u201d   Nasreddin Hoca, her ya\u015ftan insan\u0131n kalbine dokunan, k\u0131vrak zek\u00e2s\u0131 ve sonsuz bilgeli\u011fi ile tan\u0131nan, efsanevi bir halk kahraman\u0131d\u0131r. Bu kitap, onun a\u011fz\u0131ndan \u00e7\u0131kan e\u015fsiz hik\u00e2yeleri, derin aforizmalar\u0131 ve ironik f\u0131kralar\u0131 arac\u0131l\u0131\u011f\u0131yla okuyucuya bir d\u00fc\u015f\u00fcnce yolculu\u011fu sunmaktad\u0131r. Anadolu&#8217;nun 13. y\u00fczy\u0131l atmosferinden esintiler ta\u015f\u0131yan bu kitap, tarihi ve modern d\u00fcnyan\u0131n i\u00e7 i\u00e7e ge\u00e7ti\u011fi bir evrende bilgeli\u011fin ve mizah\u0131n nas\u0131l bir arada bulunabilece\u011fini g\u00f6steriyor. Birbirinden de\u011ferli bu f\u0131kralar\u0131 okurken, Nasreddin Hoca&#8217;n\u0131n ahlaki ve toplumsal meselelere getirdi\u011fi taze bak\u0131\u015f a\u00e7\u0131s\u0131n\u0131n keyfini \u00e7\u0131karacaks\u0131n\u0131z. E\u011flenceli ve d\u00fc\u015f\u00fcnd\u00fcr\u00fcc\u00fc bu kitap, hem gen\u00e7 hem de yeti\u015fkin okuyucular i\u00e7in harika bir se\u00e7enektir. Bir kez daha hat\u0131rlat\u0131yoruz ki, her f\u0131krada bir hikmet, her kahkahada bir ders vard\u0131r. <\/p>\n","protected":false},"excerpt":{"rendered":"<p>\u201cNasreddin Hoca&#8217;n\u0131n hik\u00e2yeleri, sadece g\u00fcl\u00fcmsetmek ve e\u011flendirmek i\u00e7in de\u011fil, ayn\u0131 zamanda d\u00fc\u015f\u00fcnd\u00fcrmek ve bilgelik kazand\u0131rmak i\u00e7in de vard\u0131r. Onun f\u0131kralar\u0131 \u00fczerine d\u00fc\u015f\u00fcnmek, hayat\u0131n karma\u015f\u0131kl\u0131\u011f\u0131n\u0131 anlama ve<span class=\"excerpt-hellip\"> [\u2026]<\/span><\/p>\n","protected":false},"featured_media":0,"template":"","meta":{"_monsterinsights_skip_tracking":false,"_monsterinsights_sitenote_active":false,"_monsterinsights_sitenote_note":"","_monsterinsights_sitenote_category":0},"product_brand":[],"product_cat":[12291,103133],"product_tag":[],"class_list":{"0":"post-755146","1":"product","2":"type-product","3":"status-publish","5":"product_cat-edebiyat","6":"product_cat-fikra","7":"pa_cilt-ciltsiz","8":"pa_tur-kitap","9":"pa_yayinevi-fark-yayinlari","10":"pa_yazar-kolektif","12":"first","13":"instock","14":"sale","15":"shipping-taxable","16":"purchasable","17":"product-type-simple"},"_links":{"self":[{"href":"https:\/\/roveyayinevi.com.tr\/index.php\/wp-json\/wp\/v2\/product\/755146","targetHints":{"allow":["GET"]}}],"collection":[{"href":"https:\/\/roveyayinevi.com.tr\/index.php\/wp-json\/wp\/v2\/product"}],"about":[{"href":"https:\/\/roveyayinevi.com.tr\/index.php\/wp-json\/wp\/v2\/types\/product"}],"wp:attachment":[{"href":"https:\/\/roveyayinevi.com.tr\/index.php\/wp-json\/wp\/v2\/media?parent=755146"}],"wp:term":[{"taxonomy":"product_brand","embeddable":true,"href":"https:\/\/roveyayinevi.com.tr\/index.php\/wp-json\/wp\/v2\/product_brand?post=755146"},{"taxonomy":"product_cat","embeddable":true,"href":"https:\/\/roveyayinevi.com.tr\/index.php\/wp-json\/wp\/v2\/product_cat?post=755146"},{"taxonomy":"product_tag","embeddable":true,"href":"https:\/\/roveyayinevi.com.tr\/index.php\/wp-json\/wp\/v2\/product_tag?post=755146"}],"curies":[{"name":"wp","href":"https:\/\/api.w.org\/{rel}","templated":true}]}}