{"id":755145,"date":"2025-08-28T06:31:47","date_gmt":"2025-08-28T03:31:47","guid":{"rendered":"https:\/\/roveyayinevi.com.tr\/index.php\/urun\/iktisat-ve-toplum-dergisi-157-sayi-plan-yapmak\/"},"modified":"2026-04-16T03:08:22","modified_gmt":"2026-04-16T00:08:22","slug":"iktisat-ve-toplum-dergisi-157-sayi-plan-yapmak","status":"publish","type":"product","link":"https:\/\/roveyayinevi.com.tr\/index.php\/urun\/iktisat-ve-toplum-dergisi-157-sayi-plan-yapmak\/","title":{"rendered":"\u0130ktisat ve Toplum Dergisi 157. Say\u0131 Plan Yapmak"},"content":{"rendered":"<p>Bu say\u0131da:   Ya\u015fad\u0131\u011f\u0131m\u0131z Enflasyonun K\u00f6kenleri &#8211; Mahfi E\u011filmez                 Merkez Bankas\u0131\u2019n\u0131n G\u00fcvenilirli\u011fi Meselesi &#8211; A. Erin\u00e7 Yeldan               Merkez Bankas\u0131 Enflasyon Raporu \u00dczerine &#8211; \u0130zzetin \u00d6nder, Mahfi E\u011filmez, \u00d6mer Faruk \u00c7olak, Selva Demiralp, Timur Han G\u00fcr, S\u00fcleyman De\u011firmen               Son Y\u0131llarda T\u00fcrkiye\u2019de Uygulanan Ekonomi Politikalar\u0131 Hakk\u0131nda D\u00fc\u015f\u00fcnceler &#8211; Nur Keyder              Sosyal Bilimciler Konu\u015fuyor: Nazire Nergiz Din\u00e7er          DPT\u2019nin 63. Kurulu\u015f Y\u0131l\u0131nda D\u00fcnyada ve T\u00fcrkiye\u2019de Plan Yapmak M\u00fcmk\u00fcn m\u00fc? &#8211; Ergun T\u00fcrkcan               Cumhuriyet\u2019in Y\u00fcz\u00fcnc\u00fc Y\u0131l\u0131nda Cumhuriyet \u00dczerine &#8211; Ersin Kalayc\u0131o\u011flu                Geli\u015fmekte Olan \u00dclkeler ve \u0130ktisadi Liberalizm &#8211; S\u00fcbidey Togan          \u0130klim De\u011fi\u015fikli\u011finin 2023 Y\u0131l\u0131ndaki G\u00fcncel Durumu &#8211; R. Funda Barbaros               Neoklasik Modelde \u0130\u00e7b\u00fckey \u00dcretim Olanaklar\u0131 S\u0131n\u0131r\u0131n\u0131n Ele\u015ftirisi &#8211; Turan Suba\u015fat           \u0130lk T\u00fcrk \u0130ktisat\u00e7\u0131 M\u00fcderris (Profes\u00f6r) Kimdi? T\u00fcrkiye \u0130ktisadi D\u00fc\u015f\u00fcncesinde Prof. M. Z\u00fcht\u00fc \u0130nhan\u2019\u0131n (1881-1970) Yeri &#8211; Alaaddin Tok, Ercan Eren             G\u00fcn\u00fcm\u00fcz\u00fcn E\u015fitsizlik Sorunu &#8211; Arda Tunca          Ara\u015ft\u0131rMA! \u00dcniversitelerimiz ve Baz\u0131 An\u0131lar\u0131m &#8211; M. Aykut Attar          LNG Ticaretinin LNG Gemi Filosuna Etkileri &#8211; Mehmet Saya               Dante\u2019nin Cehennemi &#8211; G\u00fcl\u00e7in Elif Y\u00fccel<\/p>\n","protected":false},"excerpt":{"rendered":"<p>Bu say\u0131da: Ya\u015fad\u0131\u011f\u0131m\u0131z Enflasyonun K\u00f6kenleri &#8211; Mahfi E\u011filmez Merkez Bankas\u0131\u2019n\u0131n G\u00fcvenilirli\u011fi Meselesi &#8211; A. Erin\u00e7 Yeldan Merkez Bankas\u0131 Enflasyon Raporu \u00dczerine &#8211; \u0130zzetin \u00d6nder, Mahfi E\u011filmez,<span class=\"excerpt-hellip\"> [\u2026]<\/span><\/p>\n","protected":false},"featured_media":0,"template":"","meta":{"_monsterinsights_skip_tracking":false,"_monsterinsights_sitenote_active":false,"_monsterinsights_sitenote_note":"","_monsterinsights_sitenote_category":0},"product_brand":[],"product_cat":[13527],"product_tag":[],"class_list":{"0":"post-755145","1":"product","2":"type-product","3":"status-publish","5":"product_cat-sureli-yayinlar","6":"pa_cilt-ciltsiz","7":"pa_tur-dergi","8":"pa_yayinevi-efil-yayinevi-dergi","9":"pa_yazar-kolektif","11":"first","12":"instock","13":"sale","14":"shipping-taxable","15":"purchasable","16":"product-type-simple"},"_links":{"self":[{"href":"https:\/\/roveyayinevi.com.tr\/index.php\/wp-json\/wp\/v2\/product\/755145","targetHints":{"allow":["GET"]}}],"collection":[{"href":"https:\/\/roveyayinevi.com.tr\/index.php\/wp-json\/wp\/v2\/product"}],"about":[{"href":"https:\/\/roveyayinevi.com.tr\/index.php\/wp-json\/wp\/v2\/types\/product"}],"wp:attachment":[{"href":"https:\/\/roveyayinevi.com.tr\/index.php\/wp-json\/wp\/v2\/media?parent=755145"}],"wp:term":[{"taxonomy":"product_brand","embeddable":true,"href":"https:\/\/roveyayinevi.com.tr\/index.php\/wp-json\/wp\/v2\/product_brand?post=755145"},{"taxonomy":"product_cat","embeddable":true,"href":"https:\/\/roveyayinevi.com.tr\/index.php\/wp-json\/wp\/v2\/product_cat?post=755145"},{"taxonomy":"product_tag","embeddable":true,"href":"https:\/\/roveyayinevi.com.tr\/index.php\/wp-json\/wp\/v2\/product_tag?post=755145"}],"curies":[{"name":"wp","href":"https:\/\/api.w.org\/{rel}","templated":true}]}}