{"id":755144,"date":"2025-08-28T06:31:46","date_gmt":"2025-08-28T03:31:46","guid":{"rendered":"https:\/\/roveyayinevi.com.tr\/index.php\/urun\/etnomuzikolojik-baglamda-anadolu-ermenilerinin-dugun-muzikleri\/"},"modified":"2026-04-16T03:08:22","modified_gmt":"2026-04-16T00:08:22","slug":"etnomuzikolojik-baglamda-anadolu-ermenilerinin-dugun-muzikleri","status":"publish","type":"product","link":"https:\/\/roveyayinevi.com.tr\/index.php\/urun\/etnomuzikolojik-baglamda-anadolu-ermenilerinin-dugun-muzikleri\/","title":{"rendered":"Etnom\u00fczikolojik Ba\u011flamda Anadolu Ermenilerinin D\u00fc\u011f\u00fcn M\u00fczikleri"},"content":{"rendered":"<p>Bu kitap, \u0130\u00e7 Anadolu&#8217;dan \u0130stanbul&#8217;a g\u00f6\u00e7 etmi\u015f Ermenilerin evlilik gelenekleri, k\u0131na t\u00fcrk\u00fcleri, kilise d\u00fc\u011f\u00fcnleri ve d\u00fc\u011f\u00fcn m\u00fcziklerinin incelenmesi amac\u0131yla, 1998-2000 y\u0131llar\u0131 aras\u0131nda \u0130stanbul&#8217;da yap\u0131lan alan ara\u015ft\u0131rmas\u0131, g\u00f6zlem ve g\u00f6r\u00fc\u015fme verilerine dayal\u0131 bir etnom\u00fczikoloji \u00e7al\u0131\u015fmas\u0131d\u0131r. \u00c7al\u0131\u015fmada yaln\u0131zca do\u011fum yerleri \u0130\u00e7 Anadolu y\u00f6resi olan Ermenilerin evlilik gelenekleri ve d\u00fc\u011f\u00fcn m\u00fczikleri ele al\u0131nm\u0131\u015f, di\u011fer y\u00f6reler ara\u015ft\u0131rman\u0131n s\u0131n\u0131rl\u0131l\u0131\u011f\u0131 a\u00e7\u0131s\u0131ndan d\u0131\u015farda tutulmu\u015ftur. \u0130nsan ya\u015fam\u0131ndaki en \u00f6nemli rit\u00fcellerden biri olan d\u00fc\u011f\u00fcn ve d\u00fc\u011f\u00fcn gelenekleri, d\u00fczenli tekrar edilen yap\u0131lar\u0131yla k\u00fclt\u00fcrel kimli\u011fin korunmas\u0131, iletilmesi ve yeniden \u00fcretilmesini sa\u011flar ve k\u00fclt\u00fcrel g\u00f6stergeleri i\u00e7inde bar\u0131nd\u0131r\u0131r. D\u00fc\u011f\u00fcn m\u00fczikleri ise bu temsiliyetin en g\u00f6ze \u00e7arpan k\u0131sm\u0131n\u0131 olu\u015ftururken, nesilden nesile aktar\u0131larak k\u00fclt\u00fcrel miras\u0131n korunmas\u0131nda \u00f6nemli bir rol \u00fcstlenir. Etnom\u00fczikolojik \u00e7er\u00e7evede ger\u00e7ekle\u015ftirilen alan ara\u015ft\u0131rmalar\u0131 ve derlemeler yoluyla incelenen bu rit\u00fcel, ele al\u0131nan y\u00f6re, b\u00f6lge, toplum ve bireyler hakk\u0131nda da de\u011ferli bilgiler elde etmemizi sa\u011flar.              Anadolu Ermenileri \u00fczerine \u0130stanbul&#8217;da ger\u00e7ekle\u015ftirilmi\u015f alan ara\u015ft\u0131rmanlar\u0131ndan elde edilen veriler, konuyla ilgili literat\u00fcre dayal\u0131 bilgiler, ara\u015ft\u0131rma esnas\u0131nda derlenen ve notaya aktar\u0131lan m\u00fczikler ve dini d\u00fc\u011f\u00fcn m\u00fcziklerini i\u00e7eren notalar\u0131n yer ald\u0131\u011f\u0131 bu \u00e7al\u0131\u015fmada k\u00fclt\u00fcrel kimli\u011fin korunmas\u0131 ve temsiliyet ba\u011flam\u0131nda d\u00fc\u011f\u00fcn rit\u00fcelinin cemaat \u00fczerinde birle\u015ftirici etkisi oldu\u011fu anla\u015f\u0131lm\u0131\u015ft\u0131r.     Anadolu&#8217;da ge\u00e7mi\u015ften bu yana varl\u0131\u011f\u0131 s\u00fcrd\u00fcrmekte olan Ermeni halk\u0131n\u0131n evlilik gelenekleri, \u00f6zelde de d\u00fc\u011f\u00fcn m\u00fcziklerine bir nebze \u0131\u015f\u0131k tutulmu\u015f olmas\u0131 bak\u0131m\u0131ndan de\u011ferli oldu\u011fu d\u00fc\u015f\u00fcn\u00fclen bu ara\u015ft\u0131rman\u0131n, \u00fclkemizde ger\u00e7ekle\u015ftirilen etnom\u00fczikolojik \u00e7al\u0131\u015fmalar i\u00e7inde yerini almas\u0131 ve bu alanda \u00e7al\u0131\u015fan ara\u015ft\u0131rmac\u0131lar i\u00e7in kaynak olu\u015fturmas\u0131 \u00fcmit edilmektedir. <\/p>\n","protected":false},"excerpt":{"rendered":"<p>Bu kitap, \u0130\u00e7 Anadolu&#8217;dan \u0130stanbul&#8217;a g\u00f6\u00e7 etmi\u015f Ermenilerin evlilik gelenekleri, k\u0131na t\u00fcrk\u00fcleri, kilise d\u00fc\u011f\u00fcnleri ve d\u00fc\u011f\u00fcn m\u00fcziklerinin incelenmesi amac\u0131yla, 1998-2000 y\u0131llar\u0131 aras\u0131nda \u0130stanbul&#8217;da yap\u0131lan alan ara\u015ft\u0131rmas\u0131,<span class=\"excerpt-hellip\"> [\u2026]<\/span><\/p>\n","protected":false},"featured_media":0,"template":"","meta":{"_monsterinsights_skip_tracking":false,"_monsterinsights_sitenote_active":false,"_monsterinsights_sitenote_note":"","_monsterinsights_sitenote_category":0},"product_brand":[],"product_cat":[14556],"product_tag":[],"class_list":{"0":"post-755144","1":"product","2":"type-product","3":"status-publish","5":"product_cat-muzik","6":"pa_cilt-ciltsiz","7":"pa_tur-kitap","8":"pa_yayinevi-muzik-egitimi-yayinlari","9":"pa_yazar-fulya-aciksoz","11":"first","12":"instock","13":"sale","14":"shipping-taxable","15":"purchasable","16":"product-type-simple"},"_links":{"self":[{"href":"https:\/\/roveyayinevi.com.tr\/index.php\/wp-json\/wp\/v2\/product\/755144","targetHints":{"allow":["GET"]}}],"collection":[{"href":"https:\/\/roveyayinevi.com.tr\/index.php\/wp-json\/wp\/v2\/product"}],"about":[{"href":"https:\/\/roveyayinevi.com.tr\/index.php\/wp-json\/wp\/v2\/types\/product"}],"wp:attachment":[{"href":"https:\/\/roveyayinevi.com.tr\/index.php\/wp-json\/wp\/v2\/media?parent=755144"}],"wp:term":[{"taxonomy":"product_brand","embeddable":true,"href":"https:\/\/roveyayinevi.com.tr\/index.php\/wp-json\/wp\/v2\/product_brand?post=755144"},{"taxonomy":"product_cat","embeddable":true,"href":"https:\/\/roveyayinevi.com.tr\/index.php\/wp-json\/wp\/v2\/product_cat?post=755144"},{"taxonomy":"product_tag","embeddable":true,"href":"https:\/\/roveyayinevi.com.tr\/index.php\/wp-json\/wp\/v2\/product_tag?post=755144"}],"curies":[{"name":"wp","href":"https:\/\/api.w.org\/{rel}","templated":true}]}}