{"id":755139,"date":"2025-08-28T06:31:39","date_gmt":"2025-08-28T03:31:39","guid":{"rendered":"https:\/\/roveyayinevi.com.tr\/index.php\/urun\/maddenin-4-hali-plazma\/"},"modified":"2026-04-16T03:08:22","modified_gmt":"2026-04-16T00:08:22","slug":"maddenin-4-hali-plazma","status":"publish","type":"product","link":"https:\/\/roveyayinevi.com.tr\/index.php\/urun\/maddenin-4-hali-plazma\/","title":{"rendered":"Maddenin 4. Hali: Plazma"},"content":{"rendered":"<p>Plazma teknolojisi, plazman\u0131n, yeni malzeme \u00fcretmek veya enerji \u00fcretmek ve kontrol etmek i\u00e7in kullan\u0131lmas\u0131 anlam\u0131na gelir. Plazma, iletken olup ve y\u00fckl\u00fc par\u00e7ac\u0131klardan olu\u015fturulur. Plazma teknolojisi, havac\u0131l\u0131k, tar\u0131m, biyoteknoloji, enerji, \u00e7evre bilimi, malzeme bilimi ve t\u0131p gibi sekt\u00f6rlerde \u00e7e\u015fitli uygulamalara sahiptir. \u0130leri malzemeler olu\u015fturmak, y\u00fczey \u00f6zelliklerini iyile\u015ftirmek, suyu ar\u0131tmak, t\u0131bbi ekipman\u0131 sterilize etmek ve g\u00fcne\u015f ve r\u00fczg\u00e2r enerjisi gibi yenilenebilir kaynaklardan s\u00fcrd\u00fcr\u00fclebilir enerji \u00fcretmek i\u00e7in kullan\u0131labilir.  Ayr\u0131ca kayna\u011f\u0131 su (hidrojen ve izotoplar\u0131) olan gelece\u011fin enerjisi f\u00fczyon konusu da plazma teknolojileri aras\u0131ndad\u0131r. Plazma teknolojisi, gelece\u011fin teknolojileri ve end\u00fcstrileri \u00fczerinde \u00f6nemli bir etkiye sahip olmas\u0131 beklenen, \u00e7ok h\u0131zla geli\u015fen bir aland\u0131r. <\/p>\n","protected":false},"excerpt":{"rendered":"<p>Plazma teknolojisi, plazman\u0131n, yeni malzeme \u00fcretmek veya enerji \u00fcretmek ve kontrol etmek i\u00e7in kullan\u0131lmas\u0131 anlam\u0131na gelir. Plazma, iletken olup ve y\u00fckl\u00fc par\u00e7ac\u0131klardan olu\u015fturulur. Plazma teknolojisi, havac\u0131l\u0131k,<span class=\"excerpt-hellip\"> [\u2026]<\/span><\/p>\n","protected":false},"featured_media":0,"template":"","meta":{"_monsterinsights_skip_tracking":false,"_monsterinsights_sitenote_active":false,"_monsterinsights_sitenote_note":"","_monsterinsights_sitenote_category":0},"product_brand":[],"product_cat":[12573,12566],"product_tag":[],"class_list":{"0":"post-755139","1":"product","2":"type-product","3":"status-publish","5":"product_cat-akademik-kitaplar","6":"product_cat-egitim","7":"pa_cilt-ciltsiz","8":"pa_tur-kitap","9":"pa_yayinevi-arkadas-yayinlari","10":"pa_yazar-serhat-cakir","12":"first","13":"instock","14":"sale","15":"shipping-taxable","16":"purchasable","17":"product-type-simple"},"_links":{"self":[{"href":"https:\/\/roveyayinevi.com.tr\/index.php\/wp-json\/wp\/v2\/product\/755139","targetHints":{"allow":["GET"]}}],"collection":[{"href":"https:\/\/roveyayinevi.com.tr\/index.php\/wp-json\/wp\/v2\/product"}],"about":[{"href":"https:\/\/roveyayinevi.com.tr\/index.php\/wp-json\/wp\/v2\/types\/product"}],"wp:attachment":[{"href":"https:\/\/roveyayinevi.com.tr\/index.php\/wp-json\/wp\/v2\/media?parent=755139"}],"wp:term":[{"taxonomy":"product_brand","embeddable":true,"href":"https:\/\/roveyayinevi.com.tr\/index.php\/wp-json\/wp\/v2\/product_brand?post=755139"},{"taxonomy":"product_cat","embeddable":true,"href":"https:\/\/roveyayinevi.com.tr\/index.php\/wp-json\/wp\/v2\/product_cat?post=755139"},{"taxonomy":"product_tag","embeddable":true,"href":"https:\/\/roveyayinevi.com.tr\/index.php\/wp-json\/wp\/v2\/product_tag?post=755139"}],"curies":[{"name":"wp","href":"https:\/\/api.w.org\/{rel}","templated":true}]}}