{"id":755136,"date":"2025-08-28T06:31:35","date_gmt":"2025-08-28T03:31:35","guid":{"rendered":"https:\/\/roveyayinevi.com.tr\/index.php\/urun\/sporda-seyirci-davranisinda-guduler\/"},"modified":"2026-04-16T03:08:22","modified_gmt":"2026-04-16T00:08:22","slug":"sporda-seyirci-davranisinda-guduler","status":"publish","type":"product","link":"https:\/\/roveyayinevi.com.tr\/index.php\/urun\/sporda-seyirci-davranisinda-guduler\/","title":{"rendered":"Sporda Seyirci Davran\u0131\u015f\u0131nda G\u00fcd\u00fcler"},"content":{"rendered":"<p>\u0130\u00e7indekiler     B\u0130R\u0130NC\u0130 B\u00d6L\u00dcM 1. SPOR KAVRAMI   \u0130K\u0130NC\u0130 B\u00d6L\u00dcM 2. ARA\u015eTIRMANIN Y\u00d6NTEM\u0130   \u00dc\u00c7\u00dcNC\u00dc B\u00d6L\u00dcM 3. TARTI\u015eMA   D\u00d6RD\u00dcNC\u00dc B\u00d6L\u00dcM 4. SONU\u00c7 VE \u00d6NER\u0130LER <\/p>\n","protected":false},"excerpt":{"rendered":"<p>\u0130\u00e7indekiler B\u0130R\u0130NC\u0130 B\u00d6L\u00dcM 1. SPOR KAVRAMI \u0130K\u0130NC\u0130 B\u00d6L\u00dcM 2. ARA\u015eTIRMANIN Y\u00d6NTEM\u0130 \u00dc\u00c7\u00dcNC\u00dc B\u00d6L\u00dcM 3. TARTI\u015eMA D\u00d6RD\u00dcNC\u00dc B\u00d6L\u00dcM 4. SONU\u00c7 VE \u00d6NER\u0130LER<\/p>\n","protected":false},"featured_media":0,"template":"","meta":{"_monsterinsights_skip_tracking":false,"_monsterinsights_sitenote_active":false,"_monsterinsights_sitenote_note":"","_monsterinsights_sitenote_category":0},"product_brand":[],"product_cat":[15563,15564],"product_tag":[],"class_list":{"0":"post-755136","1":"product","2":"type-product","3":"status-publish","5":"product_cat-hobi","6":"product_cat-spor","7":"pa_cilt-ciltsiz","8":"pa_tur-kitap","9":"pa_yayinevi-gazi-kitabevi","10":"pa_yazar-ayse-asli-yuzgenc","12":"first","13":"instock","14":"sale","15":"shipping-taxable","16":"purchasable","17":"product-type-simple"},"_links":{"self":[{"href":"https:\/\/roveyayinevi.com.tr\/index.php\/wp-json\/wp\/v2\/product\/755136","targetHints":{"allow":["GET"]}}],"collection":[{"href":"https:\/\/roveyayinevi.com.tr\/index.php\/wp-json\/wp\/v2\/product"}],"about":[{"href":"https:\/\/roveyayinevi.com.tr\/index.php\/wp-json\/wp\/v2\/types\/product"}],"wp:attachment":[{"href":"https:\/\/roveyayinevi.com.tr\/index.php\/wp-json\/wp\/v2\/media?parent=755136"}],"wp:term":[{"taxonomy":"product_brand","embeddable":true,"href":"https:\/\/roveyayinevi.com.tr\/index.php\/wp-json\/wp\/v2\/product_brand?post=755136"},{"taxonomy":"product_cat","embeddable":true,"href":"https:\/\/roveyayinevi.com.tr\/index.php\/wp-json\/wp\/v2\/product_cat?post=755136"},{"taxonomy":"product_tag","embeddable":true,"href":"https:\/\/roveyayinevi.com.tr\/index.php\/wp-json\/wp\/v2\/product_tag?post=755136"}],"curies":[{"name":"wp","href":"https:\/\/api.w.org\/{rel}","templated":true}]}}