{"id":755135,"date":"2025-08-28T06:31:34","date_gmt":"2025-08-28T03:31:34","guid":{"rendered":"https:\/\/roveyayinevi.com.tr\/index.php\/urun\/lojistik-teori-ve-uygulama\/"},"modified":"2026-04-16T03:08:22","modified_gmt":"2026-04-16T00:08:22","slug":"lojistik-teori-ve-uygulama","status":"publish","type":"product","link":"https:\/\/roveyayinevi.com.tr\/index.php\/urun\/lojistik-teori-ve-uygulama\/","title":{"rendered":"Lojistik Teori Ve Uygulama"},"content":{"rendered":"<p>\u0130\u00e7indekiler     \u00b7         TA\u015eIMA VE DEPOLAMA Y\u00d6NET\u0130M\u0130NDE B\u00dcY\u00dcK VER\u0130 ANAL\u0130T\u0130\u011e\u0130N\u0130N YER\u0130 \u00b7         TALEP TAHM\u0130N\u0130 VE PLANLAMA \u00b7         YE\u015e\u0130L LOJ\u0130ST\u0130K \u00b7         LOJ\u0130ST\u0130K MERKEZLER \u00b7         TERS\u0130NE LOJ\u0130ST\u0130K 4.0 VE G\u00dcNCEL UYGULAMALAR \u00b7         LOJ\u0130ST\u0130KTE PERFORMANS \u00d6L\u00c7\u00dcM\u00dc \u00b7         STOK Y\u00d6NET\u0130M\u0130 \u00b7         LOJ\u0130ST\u0130K YEN\u0130L\u0130K <\/p>\n","protected":false},"excerpt":{"rendered":"<p>\u0130\u00e7indekiler \u00b7 TA\u015eIMA VE DEPOLAMA Y\u00d6NET\u0130M\u0130NDE B\u00dcY\u00dcK VER\u0130 ANAL\u0130T\u0130\u011e\u0130N\u0130N YER\u0130 \u00b7 TALEP TAHM\u0130N\u0130 VE PLANLAMA \u00b7 YE\u015e\u0130L LOJ\u0130ST\u0130K \u00b7 LOJ\u0130ST\u0130K MERKEZLER \u00b7 TERS\u0130NE LOJ\u0130ST\u0130K 4.0 VE<span class=\"excerpt-hellip\"> [\u2026]<\/span><\/p>\n","protected":false},"featured_media":0,"template":"","meta":{"_monsterinsights_skip_tracking":false,"_monsterinsights_sitenote_active":false,"_monsterinsights_sitenote_note":"","_monsterinsights_sitenote_category":0},"product_brand":[],"product_cat":[12573,12566],"product_tag":[],"class_list":{"0":"post-755135","1":"product","2":"type-product","3":"status-publish","5":"product_cat-akademik-kitaplar","6":"product_cat-egitim","7":"pa_cilt-ciltsiz","8":"pa_tur-kitap","9":"pa_yayinevi-gazi-kitabevi","10":"pa_yazar-kolektif","12":"first","13":"instock","14":"sale","15":"shipping-taxable","16":"purchasable","17":"product-type-simple"},"_links":{"self":[{"href":"https:\/\/roveyayinevi.com.tr\/index.php\/wp-json\/wp\/v2\/product\/755135","targetHints":{"allow":["GET"]}}],"collection":[{"href":"https:\/\/roveyayinevi.com.tr\/index.php\/wp-json\/wp\/v2\/product"}],"about":[{"href":"https:\/\/roveyayinevi.com.tr\/index.php\/wp-json\/wp\/v2\/types\/product"}],"wp:attachment":[{"href":"https:\/\/roveyayinevi.com.tr\/index.php\/wp-json\/wp\/v2\/media?parent=755135"}],"wp:term":[{"taxonomy":"product_brand","embeddable":true,"href":"https:\/\/roveyayinevi.com.tr\/index.php\/wp-json\/wp\/v2\/product_brand?post=755135"},{"taxonomy":"product_cat","embeddable":true,"href":"https:\/\/roveyayinevi.com.tr\/index.php\/wp-json\/wp\/v2\/product_cat?post=755135"},{"taxonomy":"product_tag","embeddable":true,"href":"https:\/\/roveyayinevi.com.tr\/index.php\/wp-json\/wp\/v2\/product_tag?post=755135"}],"curies":[{"name":"wp","href":"https:\/\/api.w.org\/{rel}","templated":true}]}}