{"id":755132,"date":"2025-08-28T06:31:28","date_gmt":"2025-08-28T03:31:28","guid":{"rendered":"https:\/\/roveyayinevi.com.tr\/index.php\/urun\/son-mahser-8\/"},"modified":"2026-04-16T03:08:21","modified_gmt":"2026-04-16T00:08:21","slug":"son-mahser-8","status":"publish","type":"product","link":"https:\/\/roveyayinevi.com.tr\/index.php\/urun\/son-mahser-8\/","title":{"rendered":"Son Mah\u015fer 8"},"content":{"rendered":"<p>Senarist yazar Say\u0131n Mukit Bey, 2003 y\u0131l\u0131nda bilimsel ara\u015ft\u0131rmalar\u0131 incelemeye ba\u015flar. Bu merak\u0131 onu, 86400 ki\u015filik ara\u015ft\u0131rma grubunun \u00f6nemli bir par\u00e7as\u0131 h\u00e2line getirir. \u00d6zellikle D\u00fcnya\u2019n\u0131n y\u00fczey co\u011frafyas\u0131ndan \u00e7ok etkilenen Mukit Bey, Ateist inanc\u0131n\u0131 sorgulamaya ba\u015flar. Y\u0131llarca s\u00fcren ara\u015ft\u0131rmalar ve Merit Adas\u0131\u2019ndaki karantinal\u0131 g\u00fcnler, Mukit Bey\u2019i Allah inanc\u0131yla bulu\u015fturur\u2026   Sinan Ta\u015ftan\u2019\u0131n kaleminden \u201cSon Mah\u015fer 8\u201d sizleri bilimin ve inanc\u0131n bulu\u015ftu\u011fu inan\u0131lmaz bir ser\u00fcvene davet ediyor\u2026<\/p>\n","protected":false},"excerpt":{"rendered":"<p>Senarist yazar Say\u0131n Mukit Bey, 2003 y\u0131l\u0131nda bilimsel ara\u015ft\u0131rmalar\u0131 incelemeye ba\u015flar. Bu merak\u0131 onu, 86400 ki\u015filik ara\u015ft\u0131rma grubunun \u00f6nemli bir par\u00e7as\u0131 h\u00e2line getirir. \u00d6zellikle D\u00fcnya\u2019n\u0131n y\u00fczey<span class=\"excerpt-hellip\"> [\u2026]<\/span><\/p>\n","protected":false},"featured_media":0,"template":"","meta":{"_monsterinsights_skip_tracking":false,"_monsterinsights_sitenote_active":false,"_monsterinsights_sitenote_note":"","_monsterinsights_sitenote_category":0},"product_brand":[],"product_cat":[12540,12291],"product_tag":[],"class_list":{"0":"post-755132","1":"product","2":"type-product","3":"status-publish","5":"product_cat-bilim-kurgu","6":"product_cat-edebiyat","7":"pa_cilt-ciltsiz","8":"pa_tur-kitap","9":"pa_yayinevi-luna-yayinlari","10":"pa_yazar-sinan-tastan","12":"first","13":"instock","14":"sale","15":"shipping-taxable","16":"purchasable","17":"product-type-simple"},"_links":{"self":[{"href":"https:\/\/roveyayinevi.com.tr\/index.php\/wp-json\/wp\/v2\/product\/755132","targetHints":{"allow":["GET"]}}],"collection":[{"href":"https:\/\/roveyayinevi.com.tr\/index.php\/wp-json\/wp\/v2\/product"}],"about":[{"href":"https:\/\/roveyayinevi.com.tr\/index.php\/wp-json\/wp\/v2\/types\/product"}],"wp:attachment":[{"href":"https:\/\/roveyayinevi.com.tr\/index.php\/wp-json\/wp\/v2\/media?parent=755132"}],"wp:term":[{"taxonomy":"product_brand","embeddable":true,"href":"https:\/\/roveyayinevi.com.tr\/index.php\/wp-json\/wp\/v2\/product_brand?post=755132"},{"taxonomy":"product_cat","embeddable":true,"href":"https:\/\/roveyayinevi.com.tr\/index.php\/wp-json\/wp\/v2\/product_cat?post=755132"},{"taxonomy":"product_tag","embeddable":true,"href":"https:\/\/roveyayinevi.com.tr\/index.php\/wp-json\/wp\/v2\/product_tag?post=755132"}],"curies":[{"name":"wp","href":"https:\/\/api.w.org\/{rel}","templated":true}]}}