{"id":755131,"date":"2025-08-28T06:31:26","date_gmt":"2025-08-28T03:31:26","guid":{"rendered":"https:\/\/roveyayinevi.com.tr\/index.php\/urun\/cok-tehlikeli\/"},"modified":"2026-04-16T03:08:21","modified_gmt":"2026-04-16T00:08:21","slug":"cok-tehlikeli","status":"publish","type":"product","link":"https:\/\/roveyayinevi.com.tr\/index.php\/urun\/cok-tehlikeli\/","title":{"rendered":"\u00c7ok Tehlikeli"},"content":{"rendered":"<p>Anne, s\u00fcr\u00fcden ayr\u0131lamaz m\u0131y\u0131m? Yolculuklar\u0131 hep ayn\u0131 y\u00f6ne. Hep ayn\u0131 yere varacak hepsi. L\u00fctfen \u201cOlmaz.\u201d deme anne. \u201cDene.\u201d de. \u201cGecikiriz.\u201d deme. \u201cYeti\u015firiz.\u201d de.   Yavrular\u0131n\u0131 korumak isterken, onlar\u0131 cam bir fanus i\u00e7ine hapsettiklerini fark etmeyen anneleri konu ediniyor Yasemen Ekmekci. \u00c7ocuksu bir dille anlatt\u0131\u011f\u0131 hik\u00e2yede; ke\u015ffetmenin, d\u00f6n\u00fc\u015fmenin, bir ad\u0131m daha ileri gidebilmenin yolunun, s\u00fcr\u00fcden ayr\u0131lma cesaretini g\u00f6sterebilenler i\u00e7in oldu\u011funun alt\u0131n\u0131 \u00e7iziyor.       Hik\u00e2yesi sadece \u00e7ocuklar i\u00e7in de\u011fil. S\u00fcr\u00fcden ayr\u0131lma cesareti g\u00f6steren herkes i\u00e7in!<\/p>\n","protected":false},"excerpt":{"rendered":"<p>Anne, s\u00fcr\u00fcden ayr\u0131lamaz m\u0131y\u0131m? Yolculuklar\u0131 hep ayn\u0131 y\u00f6ne. Hep ayn\u0131 yere varacak hepsi. L\u00fctfen \u201cOlmaz.\u201d deme anne. \u201cDene.\u201d de. \u201cGecikiriz.\u201d deme. \u201cYeti\u015firiz.\u201d de. Yavrular\u0131n\u0131 korumak isterken,<span class=\"excerpt-hellip\"> [\u2026]<\/span><\/p>\n","protected":false},"featured_media":0,"template":"","meta":{"_monsterinsights_skip_tracking":false,"_monsterinsights_sitenote_active":false,"_monsterinsights_sitenote_note":"","_monsterinsights_sitenote_category":0},"product_brand":[],"product_cat":[12274,12284],"product_tag":[],"class_list":{"0":"post-755131","1":"product","2":"type-product","3":"status-publish","5":"product_cat-cocuk-ve-genclik-kitaplari","6":"product_cat-hikayeler","7":"pa_cilt-ciltsiz","8":"pa_tur-kitap","9":"pa_yayinevi-luna-cocuk-yayinlari","10":"pa_yazar-yasemen-ekmekci","12":"first","13":"instock","14":"sale","15":"shipping-taxable","16":"purchasable","17":"product-type-simple"},"_links":{"self":[{"href":"https:\/\/roveyayinevi.com.tr\/index.php\/wp-json\/wp\/v2\/product\/755131","targetHints":{"allow":["GET"]}}],"collection":[{"href":"https:\/\/roveyayinevi.com.tr\/index.php\/wp-json\/wp\/v2\/product"}],"about":[{"href":"https:\/\/roveyayinevi.com.tr\/index.php\/wp-json\/wp\/v2\/types\/product"}],"wp:attachment":[{"href":"https:\/\/roveyayinevi.com.tr\/index.php\/wp-json\/wp\/v2\/media?parent=755131"}],"wp:term":[{"taxonomy":"product_brand","embeddable":true,"href":"https:\/\/roveyayinevi.com.tr\/index.php\/wp-json\/wp\/v2\/product_brand?post=755131"},{"taxonomy":"product_cat","embeddable":true,"href":"https:\/\/roveyayinevi.com.tr\/index.php\/wp-json\/wp\/v2\/product_cat?post=755131"},{"taxonomy":"product_tag","embeddable":true,"href":"https:\/\/roveyayinevi.com.tr\/index.php\/wp-json\/wp\/v2\/product_tag?post=755131"}],"curies":[{"name":"wp","href":"https:\/\/api.w.org\/{rel}","templated":true}]}}