{"id":755128,"date":"2025-08-28T06:31:21","date_gmt":"2025-08-28T03:31:21","guid":{"rendered":"https:\/\/roveyayinevi.com.tr\/index.php\/urun\/atolye-farkindalik\/"},"modified":"2026-04-16T03:08:21","modified_gmt":"2026-04-16T00:08:21","slug":"atolye-farkindalik","status":"publish","type":"product","link":"https:\/\/roveyayinevi.com.tr\/index.php\/urun\/atolye-farkindalik\/","title":{"rendered":"At\u00f6lye Fark\u0131ndal\u0131k"},"content":{"rendered":"<p>\u201cS\u0131n\u0131rs\u0131z bir evrende s\u0131n\u0131rl\u0131 ya\u015famay\u0131n. Sizin ba\u015fkalar\u0131 i\u00e7in yapabilecekleriniz s\u0131n\u0131rl\u0131 ancak herkesin kendisi i\u00e7in yapabilecekleri s\u0131n\u0131rs\u0131z. Ba\u015fkalar\u0131 i\u00e7in de\u011fil, kendin i\u00e7in ilerle. O zaman ba\u015fkalar\u0131na da yard\u0131mc\u0131 olabilirsin.\u201d<\/p>\n","protected":false},"excerpt":{"rendered":"<p>\u201cS\u0131n\u0131rs\u0131z bir evrende s\u0131n\u0131rl\u0131 ya\u015famay\u0131n. Sizin ba\u015fkalar\u0131 i\u00e7in yapabilecekleriniz s\u0131n\u0131rl\u0131 ancak herkesin kendisi i\u00e7in yapabilecekleri s\u0131n\u0131rs\u0131z. Ba\u015fkalar\u0131 i\u00e7in de\u011fil, kendin i\u00e7in ilerle. O zaman ba\u015fkalar\u0131na da<span class=\"excerpt-hellip\"> [\u2026]<\/span><\/p>\n","protected":false},"featured_media":0,"template":"","meta":{"_monsterinsights_skip_tracking":false,"_monsterinsights_sitenote_active":false,"_monsterinsights_sitenote_note":"","_monsterinsights_sitenote_category":0},"product_brand":[],"product_cat":[12364,12376],"product_tag":[],"class_list":{"0":"post-755128","1":"product","2":"type-product","3":"status-publish","5":"product_cat-genel-konular","6":"product_cat-kisisel-gelisim","7":"pa_cilt-ciltsiz","8":"pa_tur-kitap","9":"pa_yayinevi-luna-yayinlari","10":"pa_yazar-buse-bayraktar","12":"first","13":"instock","14":"sale","15":"shipping-taxable","16":"purchasable","17":"product-type-simple"},"_links":{"self":[{"href":"https:\/\/roveyayinevi.com.tr\/index.php\/wp-json\/wp\/v2\/product\/755128","targetHints":{"allow":["GET"]}}],"collection":[{"href":"https:\/\/roveyayinevi.com.tr\/index.php\/wp-json\/wp\/v2\/product"}],"about":[{"href":"https:\/\/roveyayinevi.com.tr\/index.php\/wp-json\/wp\/v2\/types\/product"}],"wp:attachment":[{"href":"https:\/\/roveyayinevi.com.tr\/index.php\/wp-json\/wp\/v2\/media?parent=755128"}],"wp:term":[{"taxonomy":"product_brand","embeddable":true,"href":"https:\/\/roveyayinevi.com.tr\/index.php\/wp-json\/wp\/v2\/product_brand?post=755128"},{"taxonomy":"product_cat","embeddable":true,"href":"https:\/\/roveyayinevi.com.tr\/index.php\/wp-json\/wp\/v2\/product_cat?post=755128"},{"taxonomy":"product_tag","embeddable":true,"href":"https:\/\/roveyayinevi.com.tr\/index.php\/wp-json\/wp\/v2\/product_tag?post=755128"}],"curies":[{"name":"wp","href":"https:\/\/api.w.org\/{rel}","templated":true}]}}